{"id":104753,"date":"2023-03-08T15:42:59","date_gmt":"2023-03-08T21:42:59","guid":{"rendered":"https:\/\/defabrica.com.mx\/defabrica\/?post_type=product&#038;p=104753"},"modified":"2023-03-08T15:42:59","modified_gmt":"2023-03-08T21:42:59","slug":"aspiradora-inalambrica-dyson-plata","status":"publish","type":"product","link":"https:\/\/defabrica.com.mx\/defabrica\/producto\/aspiradora-inalambrica-dyson-plata\/","title":{"rendered":"Aspiradora inal\u00e1mbrica Dyson &#8211; Plata"},"content":{"rendered":"<div class=\"embedded-component-container lv product-description\">\n<div>\n<div id=\"shop-product-description-59342199\" class=\"_none\" data-version=\"1.3.56\">\n<div class=\"shop-product-description\">\n<section class=\"align-heading-left\" data-reactroot=\"\">\n<div class=\"long-description-container body-copy \">\n<div class=\"html-fragment\"><span>La aspiradora inal\u00e1mbrica Dyson V7 Advanced Origin est\u00e1 dise\u00f1ada con la potencia, la versatilidad y el tiempo de funcionamiento para limpiar toda su casa.\u00a0El cabezal limpiador desenredante Motorbar de Dyson limpia en profundidad alfombras y suelos duros con paletas depilatorias que eliminan el pelo largo y el pelo de mascotas de la barra del cepillo.\u00a0El Dyson V7 tiene una filtraci\u00f3n avanzada en toda la m\u00e1quina que captura los al\u00e9rgenos de las mascotas y el polvo fino, expulsando aire m\u00e1s limpio.\u00a0Gracias al formato inal\u00e1mbrico, tambi\u00e9n se transforma en una aspiradora de mano con un solo clic para que pueda limpiar arriba, abajo y en cualquier lugar intermedio.\u00a0Viene con una garant\u00eda de 2 a\u00f1os y soporte Dyson de por vida.<\/span><\/div>\n<\/div>\n<\/section>\n<\/div>\n<\/div>\n<\/div>\n<\/div>\n<div class=\"embedded-component-container lv product-features\">\n<h3><\/h3>\n<h3 class=\"product-info-heading heading-5 v-fw-regular w-md-1\/4 mb-150\"><strong>Caracter\u00edsticas<\/strong><\/h3>\n<ul>\n<li><strong>Vers\u00e1til para una limpieza r\u00e1pida.<\/strong><br \/>\nEl gatillo de ahorro de bater\u00eda ayuda a maximizar la eficiencia energ\u00e9tica, usando energ\u00eda solo cuando la necesita.<\/li>\n<li><strong>Filtraci\u00f3n avanzada de toda la m\u00e1quina<\/strong><br \/>\nAtrapa el 99,99 % de las part\u00edculas, el polvo y los al\u00e9rgenos tan peque\u00f1os como 0,3 micras en el modo Boost. Todos los dem\u00e1s modos logran al menos un 99,97 % de filtraci\u00f3n. El filtro lavable se puede reutilizar durante la vida \u00fatil de la m\u00e1quina, lo que reduce el desperdicio.<\/li>\n<li><strong>Sin p\u00e9rdida de succi\u00f3n<\/strong><br \/>\n15 ciclones, dispuestos en dos niveles, funcionan en paralelo para aumentar el flujo de aire y capturar el polvo fino para que su aspiradora nunca pierda succi\u00f3n.<\/li>\n<\/ul>\n<\/div>\n","protected":false},"excerpt":{"rendered":"<p>La aspiradora inal\u00e1mbrica Dyson V7 Advanced Origin est\u00e1 dise\u00f1ada con la potencia, la versatilidad y el tiempo de funcionamiento para limpiar toda su casa.\u00a0El cabezal limpiador desenredante Motorbar de Dyson<\/p>\n","protected":false},"featured_media":104754,"comment_status":"open","ping_status":"closed","template":"","meta":{"_acf_changed":false,"_joinchat":[]},"product_brand":[],"product_cat":[336,1156],"product_tag":[],"class_list":{"0":"post-104753","1":"product","2":"type-product","3":"status-publish","4":"has-post-thumbnail","6":"product_cat-hogar","7":"product_cat-aspiradoras-vaporizadores-y-cuidado-de-suelos","9":"first","10":"instock","11":"sale","12":"shipping-taxable","13":"purchasable","14":"product-type-simple"},"acf":[],"_links":{"self":[{"href":"https:\/\/defabrica.com.mx\/defabrica\/wp-json\/wp\/v2\/product\/104753","targetHints":{"allow":["GET"]}}],"collection":[{"href":"https:\/\/defabrica.com.mx\/defabrica\/wp-json\/wp\/v2\/product"}],"about":[{"href":"https:\/\/defabrica.com.mx\/defabrica\/wp-json\/wp\/v2\/types\/product"}],"replies":[{"embeddable":true,"href":"https:\/\/defabrica.com.mx\/defabrica\/wp-json\/wp\/v2\/comments?post=104753"}],"wp:featuredmedia":[{"embeddable":true,"href":"https:\/\/defabrica.com.mx\/defabrica\/wp-json\/wp\/v2\/media\/104754"}],"wp:attachment":[{"href":"https:\/\/defabrica.com.mx\/defabrica\/wp-json\/wp\/v2\/media?parent=104753"}],"wp:term":[{"taxonomy":"product_brand","embeddable":true,"href":"https:\/\/defabrica.com.mx\/defabrica\/wp-json\/wp\/v2\/product_brand?post=104753"},{"taxonomy":"product_cat","embeddable":true,"href":"https:\/\/defabrica.com.mx\/defabrica\/wp-json\/wp\/v2\/product_cat?post=104753"},{"taxonomy":"product_tag","embeddable":true,"href":"https:\/\/defabrica.com.mx\/defabrica\/wp-json\/wp\/v2\/product_tag?post=104753"}],"curies":[{"name":"wp","href":"https:\/\/api.w.org\/{rel}","templated":true}]}}