{"id":104664,"date":"2023-03-08T11:23:49","date_gmt":"2023-03-08T17:23:49","guid":{"rendered":"https:\/\/defabrica.com.mx\/defabrica\/?post_type=product&#038;p=104664"},"modified":"2023-03-08T13:40:29","modified_gmt":"2023-03-08T19:40:29","slug":"mueble-rack-mesa-de-entretenimiento","status":"publish","type":"product","link":"https:\/\/defabrica.com.mx\/defabrica\/producto\/mueble-rack-mesa-de-entretenimiento\/","title":{"rendered":"Mueble Rack\/mesa De Entretenimiento"},"content":{"rendered":"<p>Agregue un toque de estilo y sofisticaci\u00f3n a la decoraci\u00f3n de su hogar con este aparador de entretenimiento de la colecci\u00f3n Boulevard Caf\u00e9. Este soporte para TV tiene capacidad para un televisor de hasta 60 \u201dque pesa 70 libras. o menos, lo que lo convierte en el lugar perfecto para reunirse con amigos y familiares para ver sus programas favoritos, el gran juego y las \u00faltimas pel\u00edculas. Este aparador de TV de entretenimiento cuenta con dos estantes ajustables detr\u00e1s de las puertas dobles para un almacenamiento conveniente y personalizable de aquellos art\u00edculos que parecen no caber en ning\u00fan lado. Un caj\u00f3n de f\u00e1cil deslizamiento con deslizadores de extensi\u00f3n completa lo convierten en el lugar perfecto para mantas adicionales, almohadas peque\u00f1as, juegos de mesa y m\u00e1s.<br \/>\nListo para Armar, Fabricado en Paneles de Madera industrializada (MDP Y MDF) con acabados en melamina, para uso exclusivo de interiores.Limpiar con pa\u00f1o seco, no usar solventes ni abrasivos\u201cREQUIERE EMSAMBLAJE POR PARTE DEL CLIENTE, INCLUYE MANUAL DE ARMADO Y TORNILLERIA NECESARIA, NO INCLUYE ACCESORIOS DE DECORACION.\u201d<\/p>\n","protected":false},"excerpt":{"rendered":"<p>Agregue un toque de estilo y sofisticaci\u00f3n a la decoraci\u00f3n de su hogar con este aparador de entretenimiento de la colecci\u00f3n Boulevard Caf\u00e9. Este soporte para TV tiene capacidad para<\/p>\n","protected":false},"featured_media":104665,"comment_status":"open","ping_status":"closed","template":"","meta":{"_acf_changed":false,"_joinchat":[]},"product_brand":[],"product_cat":[1823,1824,1825],"product_tag":[],"class_list":{"0":"post-104664","1":"product","2":"type-product","3":"status-publish","4":"has-post-thumbnail","6":"product_cat-muebles","7":"product_cat-muebles-hogar","8":"product_cat-muebles-tv","10":"first","11":"instock","12":"sale","13":"shipping-taxable","14":"purchasable","15":"product-type-simple"},"acf":[],"_links":{"self":[{"href":"https:\/\/defabrica.com.mx\/defabrica\/wp-json\/wp\/v2\/product\/104664","targetHints":{"allow":["GET"]}}],"collection":[{"href":"https:\/\/defabrica.com.mx\/defabrica\/wp-json\/wp\/v2\/product"}],"about":[{"href":"https:\/\/defabrica.com.mx\/defabrica\/wp-json\/wp\/v2\/types\/product"}],"replies":[{"embeddable":true,"href":"https:\/\/defabrica.com.mx\/defabrica\/wp-json\/wp\/v2\/comments?post=104664"}],"wp:featuredmedia":[{"embeddable":true,"href":"https:\/\/defabrica.com.mx\/defabrica\/wp-json\/wp\/v2\/media\/104665"}],"wp:attachment":[{"href":"https:\/\/defabrica.com.mx\/defabrica\/wp-json\/wp\/v2\/media?parent=104664"}],"wp:term":[{"taxonomy":"product_brand","embeddable":true,"href":"https:\/\/defabrica.com.mx\/defabrica\/wp-json\/wp\/v2\/product_brand?post=104664"},{"taxonomy":"product_cat","embeddable":true,"href":"https:\/\/defabrica.com.mx\/defabrica\/wp-json\/wp\/v2\/product_cat?post=104664"},{"taxonomy":"product_tag","embeddable":true,"href":"https:\/\/defabrica.com.mx\/defabrica\/wp-json\/wp\/v2\/product_tag?post=104664"}],"curies":[{"name":"wp","href":"https:\/\/api.w.org\/{rel}","templated":true}]}}