{"id":104636,"date":"2023-03-07T15:48:25","date_gmt":"2023-03-07T21:48:25","guid":{"rendered":"https:\/\/defabrica.com.mx\/defabrica\/?post_type=product&#038;p=104636"},"modified":"2023-03-08T13:36:59","modified_gmt":"2023-03-08T19:36:59","slug":"mueble-panel-para-tv-65-pulgadas","status":"publish","type":"product","link":"https:\/\/defabrica.com.mx\/defabrica\/producto\/mueble-panel-para-tv-65-pulgadas\/","title":{"rendered":"Mueble Panel Para Tv 65 Pulgadas"},"content":{"rendered":"<p>ofrecen bienestar en el mueble de forma creativa, flexible y rentable, siempre en armon\u00eda con el consumidor y el medio ambiente, muebles de calidad con dise\u00f1o moderno.<\/p>\n<p>Dale un toque especial a tu Oficina o Sala de entretenimiento con este moderno Panel para tv, es tama\u00f1o ideal lo cual lo hace optimo para adecuar en cualquier habitaci\u00f3n, su incre\u00edble acabado con tono en color blanco\/Capuccino le brindara a tu hogar una est\u00e9tica y una vista espectacular.<\/p>\n<p>Fabricado con panel de madera industrializada de 15 mm y acabado con revestimiento melam\u00ednico de Baja Presi\u00f3n (BP) termo fundido con presi\u00f3n y calor.<\/p>\n<p>\u201cREQUIERE ENSAMBLAJE POR PARTE DEL CLIENTE, INCLUYE MANUAL DE ARMADO Y TORNILLERIA NECESARIA, NO INCLUYE ACCESORIOS DE DECORACI\u00d3N.\u201d<\/p>\n<p>La limpieza debe realizarse con un pa\u00f1o suave o una franela seca para la retirada del polvo y una vez al mes una limpieza con el mismo tipo de pa\u00f1o suave, o franela, humedecido, sec\u00e1ndose enseguida para evitar la absorci\u00f3n y humedad.<\/p>\n","protected":false},"excerpt":{"rendered":"<p>ofrecen bienestar en el mueble de forma creativa, flexible y rentable, siempre en armon\u00eda con el consumidor y el medio ambiente, muebles de calidad con dise\u00f1o moderno. Dale un toque<\/p>\n","protected":false},"featured_media":104637,"comment_status":"open","ping_status":"closed","template":"","meta":{"_acf_changed":false,"_joinchat":[]},"product_brand":[],"product_cat":[1823,1824,1825],"product_tag":[],"class_list":{"0":"post-104636","1":"product","2":"type-product","3":"status-publish","4":"has-post-thumbnail","6":"product_cat-muebles","7":"product_cat-muebles-hogar","8":"product_cat-muebles-tv","10":"first","11":"instock","12":"sale","13":"shipping-taxable","14":"purchasable","15":"product-type-simple"},"acf":[],"_links":{"self":[{"href":"https:\/\/defabrica.com.mx\/defabrica\/wp-json\/wp\/v2\/product\/104636","targetHints":{"allow":["GET"]}}],"collection":[{"href":"https:\/\/defabrica.com.mx\/defabrica\/wp-json\/wp\/v2\/product"}],"about":[{"href":"https:\/\/defabrica.com.mx\/defabrica\/wp-json\/wp\/v2\/types\/product"}],"replies":[{"embeddable":true,"href":"https:\/\/defabrica.com.mx\/defabrica\/wp-json\/wp\/v2\/comments?post=104636"}],"wp:featuredmedia":[{"embeddable":true,"href":"https:\/\/defabrica.com.mx\/defabrica\/wp-json\/wp\/v2\/media\/104637"}],"wp:attachment":[{"href":"https:\/\/defabrica.com.mx\/defabrica\/wp-json\/wp\/v2\/media?parent=104636"}],"wp:term":[{"taxonomy":"product_brand","embeddable":true,"href":"https:\/\/defabrica.com.mx\/defabrica\/wp-json\/wp\/v2\/product_brand?post=104636"},{"taxonomy":"product_cat","embeddable":true,"href":"https:\/\/defabrica.com.mx\/defabrica\/wp-json\/wp\/v2\/product_cat?post=104636"},{"taxonomy":"product_tag","embeddable":true,"href":"https:\/\/defabrica.com.mx\/defabrica\/wp-json\/wp\/v2\/product_tag?post=104636"}],"curies":[{"name":"wp","href":"https:\/\/api.w.org\/{rel}","templated":true}]}}