{"id":104593,"date":"2023-03-03T12:01:46","date_gmt":"2023-03-03T18:01:46","guid":{"rendered":"https:\/\/defabrica.com.mx\/defabrica\/?post_type=product&#038;p=104593"},"modified":"2023-03-03T15:16:45","modified_gmt":"2023-03-03T21:16:45","slug":"sunpak-tripode-travelsmart-50","status":"publish","type":"product","link":"https:\/\/defabrica.com.mx\/defabrica\/producto\/sunpak-tripode-travelsmart-50\/","title":{"rendered":"Sunpak &#8211; Tr\u00edpode TravelSmart 50"},"content":{"rendered":"<p>El tr\u00edpode digital Sunpak TravelSmart 50 Black es la soluci\u00f3n simple cuando necesita un tr\u00edpode que sea lo suficientemente compacto para viajar y obtener la toma perfecta en cualquier momento. El TravelSmart 50 Black se destaca en el campo de los tr\u00edpodes livianos. Es el tr\u00edpode perfecto de tama\u00f1o completo de 50\u201d para cualquier persona que necesite una plataforma estable. Dise\u00f1ado para usar con c\u00e1maras compactas, videoc\u00e1maras, tel\u00e9fonos inteligentes y GoPro, es posible que sea el \u00fanico tr\u00edpode que necesitar\u00e1. El elegante dise\u00f1o negro le da un aspecto m\u00e1s profesional. El cabezal panor\u00e1mico de 3 v\u00edas incluye una placa de liberaci\u00f3n r\u00e1pida con un pasador de indexaci\u00f3n de video y un nivel de burbuja.<\/p>\n<h3><\/h3>\n<h3 class=\"product-info-heading heading-5 v-fw-regular w-md-1\/4 mb-150\"><strong>Caracter\u00edsticas<\/strong><\/h3>\n<ul>\n<li><strong>Dise\u00f1ado para usar con tel\u00e9fonos inteligentes, GoPro y c\u00e1maras compactas de hasta 4.4 lb.<\/strong><br \/>\nEl Sunpak TravelSmart 50 Black funciona con la \u00faltima c\u00e1mara compacta de hasta 4.4 lbs. y tambi\u00e9n funciona con tel\u00e9fonos inteligentes de hasta 3,3 pulgadas de ancho o c\u00e1maras de acci\u00f3n GoPro, utilizando los adaptadores incluidos.<\/li>\n<li><strong>Se extiende hasta 50&#8243; de altura<\/strong><br \/>\nEl tr\u00edpode compacto de tama\u00f1o de viaje se pliega a 16,5&#8243; de alto y se extiende hasta 16,5 pulgadas de alto.<\/li>\n<li><strong>Panhead de 3 v\u00edas<\/strong><br \/>\nEl cabezal panor\u00e1mico de 3 canales le permite capturar videos y tomar fotograf\u00edas en los modos Retrato u Paisaje.<\/li>\n<li><strong>Tirantes para las piernas para mayor estabilidad.<\/strong><br \/>\nLos soportes integrados para las piernas le permiten colocar su tr\u00edpode con confianza y libertad en varias superficies, interiores o exteriores.<\/li>\n<li><strong>Pies de goma antideslizantes y que no da\u00f1an<\/strong><br \/>\nLos pies con punta de goma est\u00e1n dise\u00f1ados para no resbalar en superficies planas y no dejan marcas en el suelo.<\/li>\n<li><strong>Accesorios<\/strong><br \/>\nCon el TravelSmart 50 Black se incluyen adaptadores para tel\u00e9fonos inteligentes y GoPro, y una funda para tr\u00edpode.<\/li>\n<\/ul>\n","protected":false},"excerpt":{"rendered":"<p>El tr\u00edpode digital Sunpak TravelSmart 50 Black es la soluci\u00f3n simple cuando necesita un tr\u00edpode que sea lo suficientemente compacto para viajar y obtener la toma perfecta en cualquier momento.<\/p>\n","protected":false},"featured_media":104594,"comment_status":"open","ping_status":"closed","template":"","meta":{"_acf_changed":false,"_joinchat":[]},"product_brand":[],"product_cat":[442,450,452],"product_tag":[],"class_list":{"0":"post-104593","1":"product","2":"type-product","3":"status-publish","4":"has-post-thumbnail","6":"product_cat-camaras","7":"product_cat-accesorios-camaras","8":"product_cat-tripies-monopies-estabilizadores","10":"first","11":"instock","12":"sale","13":"shipping-taxable","14":"purchasable","15":"product-type-simple"},"acf":[],"_links":{"self":[{"href":"https:\/\/defabrica.com.mx\/defabrica\/wp-json\/wp\/v2\/product\/104593","targetHints":{"allow":["GET"]}}],"collection":[{"href":"https:\/\/defabrica.com.mx\/defabrica\/wp-json\/wp\/v2\/product"}],"about":[{"href":"https:\/\/defabrica.com.mx\/defabrica\/wp-json\/wp\/v2\/types\/product"}],"replies":[{"embeddable":true,"href":"https:\/\/defabrica.com.mx\/defabrica\/wp-json\/wp\/v2\/comments?post=104593"}],"wp:featuredmedia":[{"embeddable":true,"href":"https:\/\/defabrica.com.mx\/defabrica\/wp-json\/wp\/v2\/media\/104594"}],"wp:attachment":[{"href":"https:\/\/defabrica.com.mx\/defabrica\/wp-json\/wp\/v2\/media?parent=104593"}],"wp:term":[{"taxonomy":"product_brand","embeddable":true,"href":"https:\/\/defabrica.com.mx\/defabrica\/wp-json\/wp\/v2\/product_brand?post=104593"},{"taxonomy":"product_cat","embeddable":true,"href":"https:\/\/defabrica.com.mx\/defabrica\/wp-json\/wp\/v2\/product_cat?post=104593"},{"taxonomy":"product_tag","embeddable":true,"href":"https:\/\/defabrica.com.mx\/defabrica\/wp-json\/wp\/v2\/product_tag?post=104593"}],"curies":[{"name":"wp","href":"https:\/\/api.w.org\/{rel}","templated":true}]}}