{"id":104518,"date":"2023-02-16T11:19:59","date_gmt":"2023-02-16T17:19:59","guid":{"rendered":"https:\/\/defabrica.com.mx\/defabrica\/?post_type=product&#038;p=104518"},"modified":"2023-02-16T11:32:49","modified_gmt":"2023-02-16T17:32:49","slug":"samsung-galaxy-s23-128gb-desbloqueado","status":"publish","type":"product","link":"https:\/\/defabrica.com.mx\/defabrica\/producto\/samsung-galaxy-s23-128gb-desbloqueado\/","title":{"rendered":"Samsung &#8211; Galaxy S23 (Desbloqueado)"},"content":{"rendered":"<div class=\"embedded-component-container lv product-description\">\n<div>\n<div id=\"shop-product-description-58641169\" class=\"_none\" data-version=\"1.3.53\">\n<div class=\"shop-product-description\">\n<section class=\"align-heading-left\" data-reactroot=\"\">\n<div class=\"long-description-container body-copy \">\n<div class=\"html-fragment\">Conoce Galaxy S23, el tel\u00e9fono te saca de lo cotidiano y te lleva a lo \u00e9pico.\u00a0La vida no espera por la iluminaci\u00f3n perfecta, pero con Nightography, siempre estar\u00e1s listo para aprovechar el momento y capturar recuerdos como un profesional.\u00a0Vea su contenido sin importar la hora del d\u00eda en una pantalla con una frecuencia de actualizaci\u00f3n de hasta 120 Hz y Adaptive Vision Booster.\u00a0Capture y cree con gran detalle, y luego use Quick Share para compartir entre dispositivos sin perder calidad.\u00a0Deja atr\u00e1s lo mundano y adopta el poder \u00e9pico con Galaxy S23.<\/div>\n<\/div>\n<\/section>\n<\/div>\n<\/div>\n<\/div>\n<\/div>\n<div class=\"embedded-component-container lv product-features\"><\/div>\n<div>\n<h3 class=\"heading-5 v-fw-regular feature-heading\"><strong>Caracter\u00edsticas<\/strong><\/h3>\n<ul>\n<li><strong>Captura la noche, incluso con poca luz<\/strong><br \/>\n\u00bfListo para ser due\u00f1o de la noche? Ya sea que se dirija a un concierto o una noche rom\u00e1ntica, no existe la mala iluminaci\u00f3n con el modo nocturno. Galaxy S23 te permite capturar contenido \u00e9pico en cualquier entorno con una sorprendente Nightography.<\/li>\n<li><strong>Captura. Compartir. Impresionar.<\/strong><br \/>\nCrea contenido n\u00edtido que vale la pena compartir con la c\u00e1mara de alta resoluci\u00f3n de 50 MP del Galaxy S23. Ya sea que est\u00e9 publicando o imprimiendo, Galaxy S23 siempre hace justicia al momento.<\/li>\n<li><strong>Nuestro procesador m\u00f3vil m\u00e1s r\u00e1pido disponible<\/strong><br \/>\nYa sea que est\u00e9 trabajando duro, jugando duro o haciendo ambas cosas al mismo tiempo, cambie sin problemas entre aplicaciones con nuestro procesador m\u00e1s r\u00e1pido.<\/li>\n<li><strong>El poder de seguir adelante<\/strong><br \/>\nYa sea que est\u00e9 capturando un recuerdo o poni\u00e9ndose al d\u00eda con amigos, el Galaxy S23 estar\u00e1 listo cuando m\u00e1s lo necesite. Con una bater\u00eda de 3900 mAh, vive el momento sin preocuparte de que tu tel\u00e9fono se agote.\u00b9<\/li>\n<li><strong>M\u00e1s almacenamiento. M\u00e1s recuerdos.<\/strong><br \/>\nGuarda los recuerdos de tu vida con 128 GB o 256 GB de almacenamiento. Ya sea que sea el fot\u00f3grafo de la familia o que organice cuidadosamente su galer\u00eda, capture el momento con confianza sabiendo que tiene la cantidad adecuada de espacio para sus necesidades.<\/li>\n<li><strong>Mira cualquier cosa con cualquier luz<\/strong><br \/>\nMire su contenido c\u00f3modamente ya que Adaptive Vision Booster ayuda a que su pantalla se adapte a su entorno. Ya sea afuera bajo la luz solar directa o en la cama con las luces apagadas, el contraste en la pantalla expansiva del Galaxy S23 a\u00fan se ve incre\u00edble.<\/li>\n<li><strong>Colaboraci\u00f3n conveniente<\/strong><br \/>\nMantenga sus conversaciones grupales donde quiera que est\u00e9 con Galaxy S23 y Google Meet. Ya sea que est\u00e9 teniendo una reuni\u00f3n de video con su equipo o sus amigos, use Google Meet para iniciar un chat de video en su Tab y luego contin\u00fae la llamada en su tel\u00e9fono mientras sale por la puerta.\u00b2<\/li>\n<li><strong>\u00bfMe encanta? Comp\u00e1rtelo.<\/strong><br \/>\nEnv\u00eda incluso tus archivos grandes, ya sean lindos videos de cachorros o documentos de trabajo, entre tu Galaxy S23 y cualquier dispositivo iOS o Android. Quick Share ayuda a minimizar la frustraci\u00f3n al compartir la epopeya.\u00b3<\/li>\n<li><strong>Snap una vez. Captura una tonelada.<\/strong><br \/>\nRe\u00fana al grupo para una toma y capture una variedad de momentos sinceros. Simplemente toque, grabe y elija entre m\u00faltiples im\u00e1genes fijas y videos.\u2074<\/li>\n<li><strong>Capture recuerdos en un impresionante video 8K<\/strong><br \/>\nCapture recuerdos con un detalle asombroso con la grabaci\u00f3n de video 8K. No importa el momento, el Galaxy S23 te permite capturar escenas n\u00edtidas y ultrabrillantes, de d\u00eda o de noche.<\/li>\n<li><strong>Vuelve a estar en movimiento<\/strong><br \/>\nLos mejores momentos de la vida pueden suceder en cualquier segundo. Con una bater\u00eda que admite carga s\u00faper r\u00e1pida de hasta 25 W, es f\u00e1cil mantenerse listo. Encienda su Galaxy S23 r\u00e1pidamente y vuelva a crear m\u00e1s recuerdos.\u2075<\/li>\n<li><strong>Duro cuando m\u00e1s importa<\/strong><br \/>\nEnfr\u00e9ntate con confianza a lo que te depare el d\u00eda con el Galaxy S23, reforzado con nuestro marco de vidrio y metal m\u00e1s resistente disponible. Desp\u00eddase de las preocupaciones con Gorilla Glass 8 y Armor Aluminium, construidos para resistir rayones y derrames.<\/li>\n<li><strong>Disfruta de la tranquilidad mientras navegas por las aventuras de la vida con un tel\u00e9fono tan fuerte como elegante.<\/strong><\/li>\n<li>Su tel\u00e9fono. Tu apariencia; tu aspecto. Tu estilo.<br \/>\nDise\u00f1a tu propia experiencia Galaxy con Galaxy S23. Con nuestra vers\u00e1til One UI, puede personalizar una pantalla de bloqueo que refleje su estilo de vida.<\/li>\n<li><strong>Dise\u00f1ado pensando en nuestro planeta<\/strong><br \/>\nSi\u00e9ntase bien sabiendo que su nuevo tel\u00e9fono es compatible con lo que usted admite. Galaxy Galaxy S23 fue dise\u00f1ado para ayudarte a vivir en un mundo m\u00e1s sostenible, mientras disfrutas de todo lo que hace que la vida sea incre\u00edble.<\/li>\n<li><strong>Cambio inteligente a la galaxia<\/strong><br \/>\nSumergirte en tu nuevo Galaxy Galaxy S23 es f\u00e1cil. Simplemente transfiera su contenido favorito (fotos, fechas de calendario, alarmas e incluso historial de llamadas) desde su tel\u00e9fono anterior con Smart Switch.<\/li>\n<\/ul>\n<\/div>\n","protected":false},"excerpt":{"rendered":"<p>Conoce Galaxy S23, el tel\u00e9fono te saca de lo cotidiano y te lleva a lo \u00e9pico.\u00a0La vida no espera por la iluminaci\u00f3n perfecta, pero con Nightography, siempre estar\u00e1s listo para<\/p>\n","protected":false},"featured_media":104516,"comment_status":"open","ping_status":"closed","template":"","meta":{"_acf_changed":false,"_joinchat":[]},"product_brand":[],"product_cat":[408,265,269],"product_tag":[],"class_list":{"0":"post-104518","1":"product","2":"type-product","3":"status-publish","4":"has-post-thumbnail","6":"product_cat-celulares-y-tablets","7":"product_cat-celulares","8":"product_cat-samsung","10":"first","11":"instock","12":"sale","13":"shipping-taxable","14":"purchasable","15":"product-type-variable","16":"has-default-attributes"},"acf":[],"_links":{"self":[{"href":"https:\/\/defabrica.com.mx\/defabrica\/wp-json\/wp\/v2\/product\/104518","targetHints":{"allow":["GET"]}}],"collection":[{"href":"https:\/\/defabrica.com.mx\/defabrica\/wp-json\/wp\/v2\/product"}],"about":[{"href":"https:\/\/defabrica.com.mx\/defabrica\/wp-json\/wp\/v2\/types\/product"}],"replies":[{"embeddable":true,"href":"https:\/\/defabrica.com.mx\/defabrica\/wp-json\/wp\/v2\/comments?post=104518"}],"wp:featuredmedia":[{"embeddable":true,"href":"https:\/\/defabrica.com.mx\/defabrica\/wp-json\/wp\/v2\/media\/104516"}],"wp:attachment":[{"href":"https:\/\/defabrica.com.mx\/defabrica\/wp-json\/wp\/v2\/media?parent=104518"}],"wp:term":[{"taxonomy":"product_brand","embeddable":true,"href":"https:\/\/defabrica.com.mx\/defabrica\/wp-json\/wp\/v2\/product_brand?post=104518"},{"taxonomy":"product_cat","embeddable":true,"href":"https:\/\/defabrica.com.mx\/defabrica\/wp-json\/wp\/v2\/product_cat?post=104518"},{"taxonomy":"product_tag","embeddable":true,"href":"https:\/\/defabrica.com.mx\/defabrica\/wp-json\/wp\/v2\/product_tag?post=104518"}],"curies":[{"name":"wp","href":"https:\/\/api.w.org\/{rel}","templated":true}]}}