{"id":104305,"date":"2023-02-01T13:05:36","date_gmt":"2023-02-01T19:05:36","guid":{"rendered":"https:\/\/defabrica.com.mx\/defabrica\/?post_type=product&#038;p=104305"},"modified":"2023-02-01T13:05:36","modified_gmt":"2023-02-01T19:05:36","slug":"bella-tostadora-clasica-de-2-rebanadas-con-ranura-ancha-acero-inoxidable","status":"publish","type":"product","link":"https:\/\/defabrica.com.mx\/defabrica\/producto\/bella-tostadora-clasica-de-2-rebanadas-con-ranura-ancha-acero-inoxidable\/","title":{"rendered":"Bella &#8211; Tostadora cl\u00e1sica de 2 rebanadas con ranura ancha &#8211; Acero inoxidable"},"content":{"rendered":"<div class=\"embedded-component-container lv product-description\">\n<div>\n<div id=\"shop-product-description-27048678\" class=\"_none\" data-version=\"1.3.53\">\n<div class=\"shop-product-description\">\n<section class=\"align-heading-left\" data-reactroot=\"\">\n<div class=\"long-description-container body-copy \">\n<div class=\"html-fragment\"><span>Tostadora de 2 rebanadas Bella Classics: Calienta bagels y prepara tostadas f\u00e1cilmente con esta tostadora de 2 rebanadas, que cuenta con un dial de tostado de 6 configuraciones y funciones de descongelaci\u00f3n, recalentamiento, bagel y cancelaci\u00f3n.\u00a0Las ranuras extra anchas y la palanca de elevaci\u00f3n alta facilitan la extracci\u00f3n de las tostadas.<\/span><\/div>\n<\/div>\n<\/section>\n<\/div>\n<\/div>\n<\/div>\n<\/div>\n<div class=\"embedded-component-container lv product-features\">\n<h3><\/h3>\n<h3 class=\"heading-5 v-fw-regular feature-heading\"><strong>Caracter\u00edsticas<\/strong><\/h3>\n<ul>\n<li><strong>Pan tostado y bagels<\/strong><br \/>\nUn dial de tostado de 6 configuraciones le permite lograr resultados precisos, y las funciones de descongelaci\u00f3n, recalentamiento, bagel y cancelaci\u00f3n simplifican la operaci\u00f3n.<\/li>\n<li><strong>Garantiza un tostado uniforme<\/strong><br \/>\nLas ranuras extraanchas y las gu\u00edas autocentrantes ayudan a garantizar un dorado constante, incluso cuando se preparan panes gruesos como las tostadas de Texas.<\/li>\n<li><strong>Recupere f\u00e1cilmente su comida una vez tostada<\/strong><br \/>\nUna palanca de elevaci\u00f3n alta facilita la extracci\u00f3n de art\u00edculos peque\u00f1os, como panecillos ingleses.<\/li>\n<li><strong>Funci\u00f3n antiatascos y apagado autom\u00e1tico<\/strong><br \/>\nProporcionar seguridad adicional.<\/li>\n<li><strong>Bandeja de migas deslizable<\/strong><br \/>\nAyuda a simplificar la limpieza.<\/li>\n<\/ul>\n<\/div>\n","protected":false},"excerpt":{"rendered":"<p>Tostadora de 2 rebanadas Bella Classics: Calienta bagels y prepara tostadas f\u00e1cilmente con esta tostadora de 2 rebanadas, que cuenta con un dial de tostado de 6 configuraciones y funciones<\/p>\n","protected":false},"featured_media":104306,"comment_status":"open","ping_status":"closed","template":"","meta":{"_acf_changed":false,"_joinchat":[]},"product_brand":[],"product_cat":[336,337,338,1015],"product_tag":[],"class_list":{"0":"post-104305","1":"product","2":"type-product","3":"status-publish","4":"has-post-thumbnail","6":"product_cat-hogar","7":"product_cat-cocina","8":"product_cat-electrodomesticos","9":"product_cat-tostadoras","11":"first","12":"instock","13":"sale","14":"shipping-taxable","15":"purchasable","16":"product-type-simple"},"acf":[],"_links":{"self":[{"href":"https:\/\/defabrica.com.mx\/defabrica\/wp-json\/wp\/v2\/product\/104305","targetHints":{"allow":["GET"]}}],"collection":[{"href":"https:\/\/defabrica.com.mx\/defabrica\/wp-json\/wp\/v2\/product"}],"about":[{"href":"https:\/\/defabrica.com.mx\/defabrica\/wp-json\/wp\/v2\/types\/product"}],"replies":[{"embeddable":true,"href":"https:\/\/defabrica.com.mx\/defabrica\/wp-json\/wp\/v2\/comments?post=104305"}],"wp:featuredmedia":[{"embeddable":true,"href":"https:\/\/defabrica.com.mx\/defabrica\/wp-json\/wp\/v2\/media\/104306"}],"wp:attachment":[{"href":"https:\/\/defabrica.com.mx\/defabrica\/wp-json\/wp\/v2\/media?parent=104305"}],"wp:term":[{"taxonomy":"product_brand","embeddable":true,"href":"https:\/\/defabrica.com.mx\/defabrica\/wp-json\/wp\/v2\/product_brand?post=104305"},{"taxonomy":"product_cat","embeddable":true,"href":"https:\/\/defabrica.com.mx\/defabrica\/wp-json\/wp\/v2\/product_cat?post=104305"},{"taxonomy":"product_tag","embeddable":true,"href":"https:\/\/defabrica.com.mx\/defabrica\/wp-json\/wp\/v2\/product_tag?post=104305"}],"curies":[{"name":"wp","href":"https:\/\/api.w.org\/{rel}","templated":true}]}}