{"id":104217,"date":"2023-01-26T10:38:20","date_gmt":"2023-01-26T16:38:20","guid":{"rendered":"https:\/\/defabrica.com.mx\/defabrica\/?post_type=product&#038;p=104217"},"modified":"2023-01-26T10:38:20","modified_gmt":"2023-01-26T16:38:20","slug":"microsoft-consola-xbox-series-x-1tb-negro-2","status":"publish","type":"product","link":"https:\/\/defabrica.com.mx\/defabrica\/producto\/microsoft-consola-xbox-series-x-1tb-negro-2\/","title":{"rendered":"Microsoft &#8211; Consola Xbox Series X 1TB &#8211; Negro"},"content":{"rendered":"<div class=\"embedded-component-container lv product-description\">\n<div>\n<div id=\"shop-product-description-93955518\" class=\"_none\" data-version=\"1.3.53\">\n<div class=\"shop-product-description\">\n<section class=\"align-heading-left\" data-reactroot=\"\">\n<div class=\"long-description-container body-copy \">\n<div class=\"html-fragment\"><span>Xbox Series X, la Xbox m\u00e1s r\u00e1pida y potente de la historia.\u00a0Explore mundos nuevos y ricos con 12 teraflops de potencia de procesamiento gr\u00e1fico sin procesar, trazado de rayos DirectX, un SSD personalizado y juegos 4K.\u00a0Aproveche al m\u00e1ximo cada minuto de juego con Quick Resume, tiempos de carga ultrarr\u00e1pidos y jugabilidad de hasta 120 FPS, todo impulsado por Xbox Velocity Architecture.\u00a0Disfruta de miles de juegos de cuatro generaciones de Xbox, con cientos de t\u00edtulos optimizados que se ven y se juegan mejor que nunca.\u00a0Y cuando agrega Xbox Game Pass Ultimate (la membres\u00eda se vende por separado o se incluye cuando elige Xbox All Access), obtiene una biblioteca instant\u00e1nea de m\u00e1s de 100 juegos de alta calidad, incluidos los lanzamientos desde el primer d\u00eda de Xbox Game Studios como Halo Infinite, Forza Horizon 5 y Microsoft Flight Simulator.<\/span><\/div>\n<\/div>\n<\/section>\n<\/div>\n<\/div>\n<\/div>\n<\/div>\n<div class=\"embedded-component-container lv product-features\">\n<h3><\/h3>\n<h3 class=\"heading-5 v-fw-regular feature-heading\"><strong>Caracter\u00edsticas<\/strong><\/h3>\n<ul>\n<li><strong>Potencia tus sue\u00f1os<\/strong><br \/>\nXbox Series X, la Xbox m\u00e1s r\u00e1pida y potente de la historia. Explore mundos nuevos y ricos con 12 teraflops de potencia de procesamiento de gr\u00e1ficos sin procesar, trazado de rayos DirectX, un SSD personalizado y juegos 4K.*<\/li>\n<li><strong>Juega m\u00e1s, espera menos<\/strong><br \/>\nAproveche al m\u00e1ximo cada minuto de juego con Quick Resume, tiempos de carga ultrarr\u00e1pidos y jugabilidad de hasta 120 FPS, todo con tecnolog\u00eda Xbox Velocity Architecture.*<\/li>\n<li><strong>Miles de juegos listos para jugar<\/strong><br \/>\nDisfruta de juegos digitales de cuatro generaciones de Xbox, con cientos de t\u00edtulos optimizados que se ven y se juegan mejor que nunca.<\/li>\n<li><strong>Se ve mejor, juega mejor<\/strong><br \/>\nMinimice los tiempos de carga y aumente la velocidad de fotogramas con un SSD NVMe personalizado, que permite que los juegos m\u00e1s grandes y robustos funcionen a su m\u00e1xima capacidad. Haga que sus juegos y pel\u00edculas cobren vida con entornos de sonido ricos y din\u00e1micos de alta calidad.<\/li>\n<li><strong>Tu pase todo incluido a Xbox<\/strong><br \/>\nObtenga una Xbox Series X y 24 meses de Xbox Game Pass Ultimate, que incluye m\u00e1s de 100 juegos como Halo Infinite y Forza Horizon 5, multijugador en l\u00ednea y una membres\u00eda de EA Play, desde $ 34.99 al mes durante 24 meses sin costo inicial cuando elige Xbox Todo acceso.^+<\/li>\n<li><strong>Xbox Game Pass Ultimate<\/strong><br \/>\nCon Xbox Game Pass Ultimate, disfruta de juegos nuevos desde el primer d\u00eda como Forza Horizon 5 de Xbox Game Studios, as\u00ed como de franquicias ic\u00f3nicas como DOOM de Bethesda Softworks, juegos independientes y \u00e9xitos de taquilla.<\/li>\n<li><strong>Siempre hay algo nuevo para jugar (la membres\u00eda se vende por separado o se incluye cuando eliges Xbox All Access).*<\/strong><\/li>\n<li><strong>Forza horizonte 5<\/strong><br \/>\nLidera impresionantes expediciones a trav\u00e9s de los paisajes vibrantes y en constante evoluci\u00f3n del mundo abierto de M\u00e9xico con acci\u00f3n de conducci\u00f3n ilimitada y divertida en cientos de los mejores autos del mundo. (El juego se vende por separado o estar\u00e1 disponible pr\u00f3ximamente con Xbox Game Pass Ultimate si eliges Xbox All Access).<\/li>\n<li><strong>Conozca el control inal\u00e1mbrico Xbox<\/strong><br \/>\nExperimente el controlador inal\u00e1mbrico Xbox modernizado, dise\u00f1ado para una mayor comodidad durante el juego. Mant\u00e9ngase en el objetivo con agarre texturizado y capture y comparta contenido sin problemas.<\/li>\n<li><strong>M\u00e1s almacenamiento sin compromiso<\/strong><br \/>\nAgregue m\u00e1s almacenamiento e iguale el rendimiento de la SSD interna con la tarjeta de expansi\u00f3n Seagate de 1 TB para Xbox Series X (se vende por separado).<\/li>\n<li><strong>Accesorios<\/strong><br \/>\nUse la mayor\u00eda de sus accesorios de Xbox One, incluidos controladores, auriculares y m\u00e1s, en Xbox Series X.<\/li>\n<\/ul>\n<\/div>\n","protected":false},"excerpt":{"rendered":"<p>Xbox Series X, la Xbox m\u00e1s r\u00e1pida y potente de la historia.\u00a0Explore mundos nuevos y ricos con 12 teraflops de potencia de procesamiento gr\u00e1fico sin procesar, trazado de rayos DirectX,<\/p>\n","protected":false},"featured_media":104219,"comment_status":"open","ping_status":"closed","template":"","meta":{"_acf_changed":false,"_joinchat":[]},"product_brand":[],"product_cat":[277,278,422],"product_tag":[],"class_list":{"0":"post-104217","1":"product","2":"type-product","3":"status-publish","4":"has-post-thumbnail","6":"product_cat-zona-gamer","7":"product_cat-consolas","8":"product_cat-consolas-xbox","10":"first","11":"instock","12":"sale","13":"shipping-taxable","14":"purchasable","15":"product-type-simple"},"acf":[],"_links":{"self":[{"href":"https:\/\/defabrica.com.mx\/defabrica\/wp-json\/wp\/v2\/product\/104217","targetHints":{"allow":["GET"]}}],"collection":[{"href":"https:\/\/defabrica.com.mx\/defabrica\/wp-json\/wp\/v2\/product"}],"about":[{"href":"https:\/\/defabrica.com.mx\/defabrica\/wp-json\/wp\/v2\/types\/product"}],"replies":[{"embeddable":true,"href":"https:\/\/defabrica.com.mx\/defabrica\/wp-json\/wp\/v2\/comments?post=104217"}],"wp:featuredmedia":[{"embeddable":true,"href":"https:\/\/defabrica.com.mx\/defabrica\/wp-json\/wp\/v2\/media\/104219"}],"wp:attachment":[{"href":"https:\/\/defabrica.com.mx\/defabrica\/wp-json\/wp\/v2\/media?parent=104217"}],"wp:term":[{"taxonomy":"product_brand","embeddable":true,"href":"https:\/\/defabrica.com.mx\/defabrica\/wp-json\/wp\/v2\/product_brand?post=104217"},{"taxonomy":"product_cat","embeddable":true,"href":"https:\/\/defabrica.com.mx\/defabrica\/wp-json\/wp\/v2\/product_cat?post=104217"},{"taxonomy":"product_tag","embeddable":true,"href":"https:\/\/defabrica.com.mx\/defabrica\/wp-json\/wp\/v2\/product_tag?post=104217"}],"curies":[{"name":"wp","href":"https:\/\/api.w.org\/{rel}","templated":true}]}}