{"id":104185,"date":"2023-01-25T16:04:48","date_gmt":"2023-01-25T22:04:48","guid":{"rendered":"https:\/\/defabrica.com.mx\/defabrica\/?post_type=product&#038;p=104185"},"modified":"2023-01-25T16:04:48","modified_gmt":"2023-01-25T22:04:48","slug":"razor-e100-glow-patinete-electrico-con-luz","status":"publish","type":"product","link":"https:\/\/defabrica.com.mx\/defabrica\/producto\/razor-e100-glow-patinete-electrico-con-luz\/","title":{"rendered":"Razor E100 Glow \u2013 Patinete el\u00e9ctrico con luz"},"content":{"rendered":"<div id=\"productDescription_feature_div\" class=\"celwidget\" data-feature-name=\"productDescription\" data-csa-c-type=\"widget\" data-csa-c-content-id=\"productDescription\" data-csa-c-slot-id=\"productDescription_feature_div\" data-csa-c-asin=\"\" data-csa-c-is-in-initial-active-row=\"false\" data-csa-c-id=\"jss8tk-qxbmrz-ewgziy-o9m51j\" data-cel-widget=\"productDescription_feature_div\">\n<div>\n<div id=\"productDescription_feature_div\" class=\"a-row feature\" data-feature-name=\"productDescription\" data-template-name=\"productDescription\" data-cel-widget=\"productDescription_feature_div\">\n<div id=\"productDescription\" class=\"a-section a-spacing-small\">\n<p><span>\u00a1S\u00fabete al Razor E100 Glow que brilla como un rayo de luz azul!\u00a0Dise\u00f1ado para ciclistas de 8 a\u00f1os en adelante, el scooter el\u00e9ctrico E100 Glow cuenta con un motor de 100 vatios que proporciona velocidades de hasta 10 mph (16 km\/h) lo suficiente para emocionar a los ciclistas m\u00e1s j\u00f3venes.\u00a0Su simple control de aceleraci\u00f3n de agarre giratorio y el freno manual ayudan a los ni\u00f1os a tomar el control de su viaje con confianza.\u00a0El neum\u00e1tico delantero de 8&#8243; (200 mm) proporciona una amplia amortiguaci\u00f3n para suavizar superficies irregulares. Con los LED en la plataforma que se encienden cuando se gira el acelerador, el scooter el\u00e9ctrico Razor E100 Glow ofrece hasta 40 minutos de diversi\u00f3n, brillante, el\u00e9ctrico. tiempo de conducci\u00f3n \u00a1Brilla donde quiera que vayas, con el Razor E100 Glow!<\/span><\/p>\n<\/div>\n<\/div>\n<\/div>\n<\/div>\n<div id=\"importantInformation_feature_div\" class=\"celwidget\" data-feature-name=\"importantInformation\" data-csa-c-type=\"widget\" data-csa-c-content-id=\"importantInformation\" data-csa-c-slot-id=\"importantInformation_feature_div\" data-csa-c-asin=\"\" data-csa-c-is-in-initial-active-row=\"false\" data-csa-c-id=\"c6xw8f-srxq6h-o3u8y4-s3zr6h\" data-cel-widget=\"importantInformation_feature_div\"><\/div>\n<div id=\"ask-dp-search_feature_div\" class=\"celwidget\" data-feature-name=\"ask-dp-search\" data-csa-c-type=\"widget\" data-csa-c-content-id=\"ask-dp-search\" data-csa-c-slot-id=\"ask-dp-search_feature_div\" data-csa-c-asin=\"\" data-csa-c-is-in-initial-active-row=\"false\" data-csa-c-id=\"c7ujb3-nnlmtj-heontd-85lpn\" data-cel-widget=\"ask-dp-search_feature_div\">\n<div id=\"ask-dp-search_feature_div\">\n<div id=\"ask-dp-search_feature_div\"><\/div>\n<\/div>\n<\/div>\n<div id=\"aplusBrandStory_feature_div\" class=\"celwidget\" data-feature-name=\"aplusBrandStory\" data-csa-c-type=\"widget\" data-csa-c-content-id=\"aplusBrandStory\" data-csa-c-slot-id=\"aplusBrandStory_feature_div\" data-csa-c-asin=\"\" data-csa-c-is-in-initial-active-row=\"false\" data-csa-c-id=\"1e3vxy-ul3fop-rn77cg-w69yim\" data-cel-widget=\"aplusBrandStory_feature_div\">\n<div id=\"aplus\" class=\"a-section a-spacing-large bucket\"><\/div>\n<\/div>\n","protected":false},"excerpt":{"rendered":"<p>\u00a1S\u00fabete al Razor E100 Glow que brilla como un rayo de luz azul!\u00a0Dise\u00f1ado para ciclistas de 8 a\u00f1os en adelante, el scooter el\u00e9ctrico E100 Glow cuenta con un motor de<\/p>\n","protected":false},"featured_media":104186,"comment_status":"open","ping_status":"closed","template":"","meta":{"_acf_changed":false,"_joinchat":[]},"product_brand":[],"product_cat":[886,1097,1200,1193],"product_tag":[],"class_list":{"0":"post-104185","1":"product","2":"type-product","3":"status-publish","4":"has-post-thumbnail","6":"product_cat-juguetesycoleccionables","7":"product_cat-juguetes","8":"product_cat-electronica-para-ninos","9":"product_cat-montables-y-control-remoto","11":"first","12":"instock","13":"sale","14":"shipping-taxable","15":"purchasable","16":"product-type-simple"},"acf":[],"_links":{"self":[{"href":"https:\/\/defabrica.com.mx\/defabrica\/wp-json\/wp\/v2\/product\/104185","targetHints":{"allow":["GET"]}}],"collection":[{"href":"https:\/\/defabrica.com.mx\/defabrica\/wp-json\/wp\/v2\/product"}],"about":[{"href":"https:\/\/defabrica.com.mx\/defabrica\/wp-json\/wp\/v2\/types\/product"}],"replies":[{"embeddable":true,"href":"https:\/\/defabrica.com.mx\/defabrica\/wp-json\/wp\/v2\/comments?post=104185"}],"wp:featuredmedia":[{"embeddable":true,"href":"https:\/\/defabrica.com.mx\/defabrica\/wp-json\/wp\/v2\/media\/104186"}],"wp:attachment":[{"href":"https:\/\/defabrica.com.mx\/defabrica\/wp-json\/wp\/v2\/media?parent=104185"}],"wp:term":[{"taxonomy":"product_brand","embeddable":true,"href":"https:\/\/defabrica.com.mx\/defabrica\/wp-json\/wp\/v2\/product_brand?post=104185"},{"taxonomy":"product_cat","embeddable":true,"href":"https:\/\/defabrica.com.mx\/defabrica\/wp-json\/wp\/v2\/product_cat?post=104185"},{"taxonomy":"product_tag","embeddable":true,"href":"https:\/\/defabrica.com.mx\/defabrica\/wp-json\/wp\/v2\/product_tag?post=104185"}],"curies":[{"name":"wp","href":"https:\/\/api.w.org\/{rel}","templated":true}]}}