{"id":104169,"date":"2023-01-24T15:22:02","date_gmt":"2023-01-24T21:22:02","guid":{"rendered":"https:\/\/defabrica.com.mx\/defabrica\/?post_type=product&#038;p=104169"},"modified":"2023-01-24T15:23:47","modified_gmt":"2023-01-24T21:23:47","slug":"cuisinart-juego-de-cuchillos-de-12-piezas-multi","status":"publish","type":"product","link":"https:\/\/defabrica.com.mx\/defabrica\/producto\/cuisinart-juego-de-cuchillos-de-12-piezas-multi\/","title":{"rendered":"Cuisinart &#8211; Juego de cuchillos de 12 piezas &#8211; Multi"},"content":{"rendered":"<div class=\"embedded-component-container lv product-description\">\n<div>\n<div id=\"shop-product-description-45987906\" class=\"_none\" data-version=\"1.3.53\">\n<div class=\"shop-product-description\">\n<section class=\"align-heading-left\" data-reactroot=\"\">\n<div class=\"long-description-container body-copy \">\n<div class=\"html-fragment\">Rebane y corte en dados con este juego de cuchillos Cuisinart C55-01-12PCKSB que presenta un c\u00f3digo de colores para una organizaci\u00f3n simple y para ayudar a reducir la contaminaci\u00f3n cruzada.\u00a0Los mangos ergon\u00f3micos aseguran un uso c\u00f3modo.<\/div>\n<\/div>\n<\/section>\n<\/div>\n<\/div>\n<\/div>\n<\/div>\n<div class=\"embedded-component-container lv product-features\">\n<h3><\/h3>\n<h3 class=\"heading-5 v-fw-regular feature-heading\">Caracter\u00edsticas<\/h3>\n<ul>\n<li><strong>6 cuchillos<\/strong><br \/>\nIncluye un cuchillo de chef de 8&#8243;, un cuchillo para rebanar de 8&#8243;, un cuchillo para pan de 8&#8243;, un cuchillo santoku de 7&#8243;, un cuchillo multiusos de 5-1\/2&#8243; y un cuchillo para pelar de 3-1\/2&#8243;.<\/li>\n<li>Dise\u00f1o codificado por colores<br \/>\nLos protectores de cuchillos de colores a juego ayudan a evitar confusiones, lo que reduce el riesgo de contaminaci\u00f3n cruzada.<\/li>\n<li><strong>Manejas<\/strong><br \/>\nAsas ergon\u00f3micas para un uso c\u00f3modo.<\/li>\n<li><strong>Material<\/strong><br \/>\nLas cuchillas de acero inoxidable ofrecen un dise\u00f1o duradero y apto para lavavajillas.<\/li>\n<\/ul>\n<\/div>\n","protected":false},"excerpt":{"rendered":"<p>Rebane y corte en dados con este juego de cuchillos Cuisinart C55-01-12PCKSB que presenta un c\u00f3digo de colores para una organizaci\u00f3n simple y para ayudar a reducir la contaminaci\u00f3n cruzada.\u00a0Los<\/p>\n","protected":false},"featured_media":104170,"comment_status":"open","ping_status":"closed","template":"","meta":{"_acf_changed":false,"_joinchat":[]},"product_brand":[],"product_cat":[1522,336,337],"product_tag":[],"class_list":{"0":"post-104169","1":"product","2":"type-product","3":"status-publish","4":"has-post-thumbnail","6":"product_cat-ofertas-hogar","7":"product_cat-hogar","8":"product_cat-cocina","10":"first","11":"instock","12":"sale","13":"shipping-taxable","14":"purchasable","15":"product-type-simple"},"acf":[],"_links":{"self":[{"href":"https:\/\/defabrica.com.mx\/defabrica\/wp-json\/wp\/v2\/product\/104169","targetHints":{"allow":["GET"]}}],"collection":[{"href":"https:\/\/defabrica.com.mx\/defabrica\/wp-json\/wp\/v2\/product"}],"about":[{"href":"https:\/\/defabrica.com.mx\/defabrica\/wp-json\/wp\/v2\/types\/product"}],"replies":[{"embeddable":true,"href":"https:\/\/defabrica.com.mx\/defabrica\/wp-json\/wp\/v2\/comments?post=104169"}],"wp:featuredmedia":[{"embeddable":true,"href":"https:\/\/defabrica.com.mx\/defabrica\/wp-json\/wp\/v2\/media\/104170"}],"wp:attachment":[{"href":"https:\/\/defabrica.com.mx\/defabrica\/wp-json\/wp\/v2\/media?parent=104169"}],"wp:term":[{"taxonomy":"product_brand","embeddable":true,"href":"https:\/\/defabrica.com.mx\/defabrica\/wp-json\/wp\/v2\/product_brand?post=104169"},{"taxonomy":"product_cat","embeddable":true,"href":"https:\/\/defabrica.com.mx\/defabrica\/wp-json\/wp\/v2\/product_cat?post=104169"},{"taxonomy":"product_tag","embeddable":true,"href":"https:\/\/defabrica.com.mx\/defabrica\/wp-json\/wp\/v2\/product_tag?post=104169"}],"curies":[{"name":"wp","href":"https:\/\/api.w.org\/{rel}","templated":true}]}}