{"id":103904,"date":"2023-01-09T13:31:46","date_gmt":"2023-01-09T19:31:46","guid":{"rendered":"https:\/\/defabrica.com.mx\/defabrica\/?post_type=product&#038;p=103904"},"modified":"2023-01-09T13:31:46","modified_gmt":"2023-01-09T19:31:46","slug":"kidkraft-majestic-mansion-casa-de-munecas-de-madera-con-34-accesorios","status":"publish","type":"product","link":"https:\/\/defabrica.com.mx\/defabrica\/producto\/kidkraft-majestic-mansion-casa-de-munecas-de-madera-con-34-accesorios\/","title":{"rendered":"KidKraft Majestic Mansion Casa de mu\u00f1ecas de madera con 34 accesorios"},"content":{"rendered":"<div class=\"mb3\">\n<div class=\"dangerous-html mb3\"><span>\u00a1Con cuatro pies y medio de altura, KidKraft Majestic Mansion es lo suficientemente espaciosa para incluso las m\u00e1s grandes imaginaciones!\u00a0Con cuatro niveles y ocho habitaciones para decorar y explorar, hay mucho espacio para que los ni\u00f1os jueguen con todas sus mu\u00f1ecas favoritas.\u00a0Las caracter\u00edsticas interactivas incluyen puertas de garaje que se abren y cierran y un ascensor deslizante.\u00a0La adorable guarder\u00eda del \u00e1tico es perfecta para mecer al beb\u00e9 para que duerma en la cuna.\u00a0El gato mascota incluido incluso tiene su propia cama.\u00a0El abundante paquete de muebles de 34 piezas incluye art\u00edculos \u00fanicos, como una plancha y una tabla de planchar, un piano y un reloj de pie.\u00a0Los ni\u00f1os se divertir\u00e1n durante horas descubriendo Majestic Mansion con sus mu\u00f1ecas de moda de 12 pulgadas.<\/span><\/div>\n<\/div>\n<div class=\"mb3\">\n<div class=\"dangerous-html mb3\">\n<ul>\n<li><span>4 niveles y 8 habitaciones, incluida una guarder\u00eda en el \u00e1tico<\/span><\/li>\n<li><span>Ascensor deslizante que va del segundo al tercer piso<\/span><\/li>\n<li><span>Puertas de garaje que se abren y cierran para un juego realista<\/span><\/li>\n<li><span>Hecho de madera para recuerdos duraderos y divertidos.<\/span><\/li>\n<li><span>Se adapta a todas las mu\u00f1ecas de moda de hasta 12&#8243;<\/span><\/li>\n<\/ul>\n<\/div>\n<\/div>\n","protected":false},"excerpt":{"rendered":"<p>\u00a1Con cuatro pies y medio de altura, KidKraft Majestic Mansion es lo suficientemente espaciosa para incluso las m\u00e1s grandes imaginaciones!\u00a0Con cuatro niveles y ocho habitaciones para decorar y explorar, hay<\/p>\n","protected":false},"featured_media":103905,"comment_status":"open","ping_status":"closed","template":"","meta":{"_acf_changed":false,"_joinchat":[]},"product_brand":[],"product_cat":[886,1097,1191],"product_tag":[],"class_list":{"0":"post-103904","1":"product","2":"type-product","3":"status-publish","4":"has-post-thumbnail","6":"product_cat-juguetesycoleccionables","7":"product_cat-juguetes","8":"product_cat-munecas-y-accesorios","10":"first","11":"instock","12":"sale","13":"shipping-taxable","14":"purchasable","15":"product-type-simple"},"acf":[],"_links":{"self":[{"href":"https:\/\/defabrica.com.mx\/defabrica\/wp-json\/wp\/v2\/product\/103904","targetHints":{"allow":["GET"]}}],"collection":[{"href":"https:\/\/defabrica.com.mx\/defabrica\/wp-json\/wp\/v2\/product"}],"about":[{"href":"https:\/\/defabrica.com.mx\/defabrica\/wp-json\/wp\/v2\/types\/product"}],"replies":[{"embeddable":true,"href":"https:\/\/defabrica.com.mx\/defabrica\/wp-json\/wp\/v2\/comments?post=103904"}],"wp:featuredmedia":[{"embeddable":true,"href":"https:\/\/defabrica.com.mx\/defabrica\/wp-json\/wp\/v2\/media\/103905"}],"wp:attachment":[{"href":"https:\/\/defabrica.com.mx\/defabrica\/wp-json\/wp\/v2\/media?parent=103904"}],"wp:term":[{"taxonomy":"product_brand","embeddable":true,"href":"https:\/\/defabrica.com.mx\/defabrica\/wp-json\/wp\/v2\/product_brand?post=103904"},{"taxonomy":"product_cat","embeddable":true,"href":"https:\/\/defabrica.com.mx\/defabrica\/wp-json\/wp\/v2\/product_cat?post=103904"},{"taxonomy":"product_tag","embeddable":true,"href":"https:\/\/defabrica.com.mx\/defabrica\/wp-json\/wp\/v2\/product_tag?post=103904"}],"curies":[{"name":"wp","href":"https:\/\/api.w.org\/{rel}","templated":true}]}}