{"id":103652,"date":"2023-01-04T14:12:59","date_gmt":"2023-01-04T20:12:59","guid":{"rendered":"https:\/\/defabrica.com.mx\/defabrica\/?post_type=product&#038;p=103652"},"modified":"2023-01-04T14:12:59","modified_gmt":"2023-01-04T20:12:59","slug":"funda-prodigee-safetee-neo-magsafe-para-iphone-14-lilac","status":"publish","type":"product","link":"https:\/\/defabrica.com.mx\/defabrica\/producto\/funda-prodigee-safetee-neo-magsafe-para-iphone-14-lilac\/","title":{"rendered":"Funda PRODIGEE Safetee Neo Magsafe para iPhone 14 Lilac"},"content":{"rendered":"<p><strong>Compatible solo para iPhone 14 (6.1&#8243;) y 13 normal (NO para Pro ni para Pro Max)<\/strong><\/p>\n<p>Dale un toque delgado y sofisticado con el protector Prodigee.<\/p>\n<p>El protector Prodigee\u00a0Safetee Neo ofrece una gran protecci\u00f3n al mismo tiempo que resalta la belleza de tu tel\u00e9fono.<\/p>\n<p>Su respaldo transparente provee una gran protecci\u00f3n, \u00e9sto aunado a los refuerzos de TPU m\u00e1s policarbonato y cubiertas en los puertos para proteger contra el polvo.<\/p>\n<ul>\n<li><strong>Compatible solo para iPhone 14 y 13 normal (NO para Pro ni para Pro Max)<br \/>\n<\/strong><\/li>\n<li>Marca Prodigee reconocida a nivel mundial.<\/li>\n<li>Compuesta de 2 materiales para una combinaci\u00f3n ideal de protecci\u00f3n.<\/li>\n<li>Panel trasero en policarbonato con laterales en silic\u00f3n.<\/li>\n<li>Compatible con MagSafe.<\/li>\n<li>Todos los puertos y botones accesibles<\/li>\n<li>Panel trasero translucido que mantiene la belleza de tu tel\u00e9fono.<\/li>\n<li>Cubiertas en los bot\u00f3nes.<\/li>\n<li>NO incluye mica de pantalla.<\/li>\n<li>Tel\u00e9fono NO incluido, solo ilulstrativo.<\/li>\n<\/ul>\n","protected":false},"excerpt":{"rendered":"<p>Compatible solo para iPhone 14 (6.1&#8243;) y 13 normal (NO para Pro ni para Pro Max) Dale un toque delgado y sofisticado con el protector Prodigee. El protector Prodigee\u00a0Safetee Neo<\/p>\n","protected":false},"featured_media":103653,"comment_status":"open","ping_status":"closed","template":"","meta":{"_acf_changed":false,"_joinchat":[]},"product_brand":[],"product_cat":[408,275,412],"product_tag":[],"class_list":{"0":"post-103652","1":"product","2":"type-product","3":"status-publish","4":"has-post-thumbnail","6":"product_cat-celulares-y-tablets","7":"product_cat-accesorios-para-celular","8":"product_cat-cases-y-fundas","10":"first","11":"instock","12":"sale","13":"shipping-taxable","14":"purchasable","15":"product-type-simple"},"acf":[],"_links":{"self":[{"href":"https:\/\/defabrica.com.mx\/defabrica\/wp-json\/wp\/v2\/product\/103652","targetHints":{"allow":["GET"]}}],"collection":[{"href":"https:\/\/defabrica.com.mx\/defabrica\/wp-json\/wp\/v2\/product"}],"about":[{"href":"https:\/\/defabrica.com.mx\/defabrica\/wp-json\/wp\/v2\/types\/product"}],"replies":[{"embeddable":true,"href":"https:\/\/defabrica.com.mx\/defabrica\/wp-json\/wp\/v2\/comments?post=103652"}],"wp:featuredmedia":[{"embeddable":true,"href":"https:\/\/defabrica.com.mx\/defabrica\/wp-json\/wp\/v2\/media\/103653"}],"wp:attachment":[{"href":"https:\/\/defabrica.com.mx\/defabrica\/wp-json\/wp\/v2\/media?parent=103652"}],"wp:term":[{"taxonomy":"product_brand","embeddable":true,"href":"https:\/\/defabrica.com.mx\/defabrica\/wp-json\/wp\/v2\/product_brand?post=103652"},{"taxonomy":"product_cat","embeddable":true,"href":"https:\/\/defabrica.com.mx\/defabrica\/wp-json\/wp\/v2\/product_cat?post=103652"},{"taxonomy":"product_tag","embeddable":true,"href":"https:\/\/defabrica.com.mx\/defabrica\/wp-json\/wp\/v2\/product_tag?post=103652"}],"curies":[{"name":"wp","href":"https:\/\/api.w.org\/{rel}","templated":true}]}}