{"id":103506,"date":"2023-01-04T11:27:55","date_gmt":"2023-01-04T17:27:55","guid":{"rendered":"https:\/\/defabrica.com.mx\/defabrica\/?post_type=product&#038;p=103506"},"modified":"2023-01-04T11:27:55","modified_gmt":"2023-01-04T17:27:55","slug":"funda-hummer-hx-iphone-6s-6-plus-amarilla","status":"publish","type":"product","link":"https:\/\/defabrica.com.mx\/defabrica\/producto\/funda-hummer-hx-iphone-6s-6-plus-amarilla\/","title":{"rendered":"Funda HUMMER HX iPhone 6s\/6 PLUS Amarilla"},"content":{"rendered":"<p>Protecci\u00f3n para tu iPhone con estilo, dise\u00f1o delgado y de doble capa&#8230;<\/p>\n<p>CARACTERISTICAS :<\/p>\n<ul>\n<li>Dise\u00f1o estilizado de 2-Tonos en Policarbonato y TPU contra impactos.<\/li>\n<li>F\u00e1cil acceso a puertos y pantalla<\/li>\n<li>Dise\u00f1ada para Apple iPhone 6\/6s PLUS<\/li>\n<li>Ultra-delgada y dise\u00f1o sexy<\/li>\n<\/ul>\n","protected":false},"excerpt":{"rendered":"<p>Protecci\u00f3n para tu iPhone con estilo, dise\u00f1o delgado y de doble capa&#8230; CARACTERISTICAS : Dise\u00f1o estilizado de 2-Tonos en Policarbonato y TPU contra impactos. F\u00e1cil acceso a puertos y pantalla<\/p>\n","protected":false},"featured_media":103508,"comment_status":"open","ping_status":"closed","template":"","meta":{"_acf_changed":false,"_joinchat":[]},"product_brand":[],"product_cat":[408,275,412],"product_tag":[],"class_list":{"0":"post-103506","1":"product","2":"type-product","3":"status-publish","4":"has-post-thumbnail","6":"product_cat-celulares-y-tablets","7":"product_cat-accesorios-para-celular","8":"product_cat-cases-y-fundas","10":"first","11":"instock","12":"sale","13":"shipping-taxable","14":"purchasable","15":"product-type-simple"},"acf":[],"_links":{"self":[{"href":"https:\/\/defabrica.com.mx\/defabrica\/wp-json\/wp\/v2\/product\/103506","targetHints":{"allow":["GET"]}}],"collection":[{"href":"https:\/\/defabrica.com.mx\/defabrica\/wp-json\/wp\/v2\/product"}],"about":[{"href":"https:\/\/defabrica.com.mx\/defabrica\/wp-json\/wp\/v2\/types\/product"}],"replies":[{"embeddable":true,"href":"https:\/\/defabrica.com.mx\/defabrica\/wp-json\/wp\/v2\/comments?post=103506"}],"wp:featuredmedia":[{"embeddable":true,"href":"https:\/\/defabrica.com.mx\/defabrica\/wp-json\/wp\/v2\/media\/103508"}],"wp:attachment":[{"href":"https:\/\/defabrica.com.mx\/defabrica\/wp-json\/wp\/v2\/media?parent=103506"}],"wp:term":[{"taxonomy":"product_brand","embeddable":true,"href":"https:\/\/defabrica.com.mx\/defabrica\/wp-json\/wp\/v2\/product_brand?post=103506"},{"taxonomy":"product_cat","embeddable":true,"href":"https:\/\/defabrica.com.mx\/defabrica\/wp-json\/wp\/v2\/product_cat?post=103506"},{"taxonomy":"product_tag","embeddable":true,"href":"https:\/\/defabrica.com.mx\/defabrica\/wp-json\/wp\/v2\/product_tag?post=103506"}],"curies":[{"name":"wp","href":"https:\/\/api.w.org\/{rel}","templated":true}]}}