{"id":103411,"date":"2023-01-03T15:58:34","date_gmt":"2023-01-03T21:58:34","guid":{"rendered":"https:\/\/defabrica.com.mx\/defabrica\/?post_type=product&#038;p=103411"},"modified":"2023-01-03T15:58:34","modified_gmt":"2023-01-03T21:58:34","slug":"funda-ghostek-nautical-clip-para-iphone-14-pro-max-trans-negra-magsafe-contra-agua","status":"publish","type":"product","link":"https:\/\/defabrica.com.mx\/defabrica\/producto\/funda-ghostek-nautical-clip-para-iphone-14-pro-max-trans-negra-magsafe-contra-agua\/","title":{"rendered":"Funda GHOSTEK Nautical Clip para iPhone 14 PRO MAX Trans Negra MagSafe contra agua"},"content":{"rendered":"<p>Ghostek Nautical Slim es la protecci\u00f3n m\u00e1s completa para tu tel\u00e9fono.<\/p>\n<p><strong>Especificaciones :<br \/>\n<\/strong><\/p>\n<ul>\n<li>Compatible solo para\u00a0<strong>iPhone 14 PRO MAX\u00a0(6.7&#8243;)(NO para 14 normal ni para 14 pro \u00f3 Plus)<br \/>\n<\/strong><\/li>\n<li>Marca Ghostek reconocida a nivel mundial.<\/li>\n<li><strong>Sumergible hasta 2m<\/strong><strong>.<\/strong>\u00a0certificaci\u00f3n IP68 (se recomienda utilizarla como protecci\u00f3n y no para sumergir intencionalmente, leer responsiva en descripci\u00f3n)<strong><br \/>\n<\/strong><\/li>\n<li><strong>Magnetos para MagSafe incorporados en la funda.<\/strong><\/li>\n<li><strong>Incluye Clip giratorio para cinto (removible).<\/strong><\/li>\n<li>Per\u00edmetro realzado en contorno y en la c\u00e1mara.<\/li>\n<li>Equinas especiales para absorber impactos.<\/li>\n<li>Probada con est\u00e1ndares Militares.<\/li>\n<li>Compatible con carga inal\u00e1mbrica y con MagSafe.<\/li>\n<li>Tel\u00e9fono NO incluido, solo ilustrativo.<\/li>\n<li>Mica de pantalla incorporada en la funda.<\/li>\n<\/ul>\n","protected":false},"excerpt":{"rendered":"<p>Ghostek Nautical Slim es la protecci\u00f3n m\u00e1s completa para tu tel\u00e9fono. Especificaciones : Compatible solo para\u00a0iPhone 14 PRO MAX\u00a0(6.7&#8243;)(NO para 14 normal ni para 14 pro \u00f3 Plus) Marca Ghostek<\/p>\n","protected":false},"featured_media":103412,"comment_status":"open","ping_status":"closed","template":"","meta":{"_acf_changed":false,"_joinchat":[]},"product_brand":[],"product_cat":[408,275,412],"product_tag":[],"class_list":{"0":"post-103411","1":"product","2":"type-product","3":"status-publish","4":"has-post-thumbnail","6":"product_cat-celulares-y-tablets","7":"product_cat-accesorios-para-celular","8":"product_cat-cases-y-fundas","10":"first","11":"instock","12":"sale","13":"shipping-taxable","14":"purchasable","15":"product-type-simple"},"acf":[],"_links":{"self":[{"href":"https:\/\/defabrica.com.mx\/defabrica\/wp-json\/wp\/v2\/product\/103411","targetHints":{"allow":["GET"]}}],"collection":[{"href":"https:\/\/defabrica.com.mx\/defabrica\/wp-json\/wp\/v2\/product"}],"about":[{"href":"https:\/\/defabrica.com.mx\/defabrica\/wp-json\/wp\/v2\/types\/product"}],"replies":[{"embeddable":true,"href":"https:\/\/defabrica.com.mx\/defabrica\/wp-json\/wp\/v2\/comments?post=103411"}],"wp:featuredmedia":[{"embeddable":true,"href":"https:\/\/defabrica.com.mx\/defabrica\/wp-json\/wp\/v2\/media\/103412"}],"wp:attachment":[{"href":"https:\/\/defabrica.com.mx\/defabrica\/wp-json\/wp\/v2\/media?parent=103411"}],"wp:term":[{"taxonomy":"product_brand","embeddable":true,"href":"https:\/\/defabrica.com.mx\/defabrica\/wp-json\/wp\/v2\/product_brand?post=103411"},{"taxonomy":"product_cat","embeddable":true,"href":"https:\/\/defabrica.com.mx\/defabrica\/wp-json\/wp\/v2\/product_cat?post=103411"},{"taxonomy":"product_tag","embeddable":true,"href":"https:\/\/defabrica.com.mx\/defabrica\/wp-json\/wp\/v2\/product_tag?post=103411"}],"curies":[{"name":"wp","href":"https:\/\/api.w.org\/{rel}","templated":true}]}}