{"id":103359,"date":"2023-01-02T14:05:23","date_gmt":"2023-01-02T20:05:23","guid":{"rendered":"https:\/\/defabrica.com.mx\/defabrica\/?post_type=product&#038;p=103359"},"modified":"2023-01-02T14:05:23","modified_gmt":"2023-01-02T20:05:23","slug":"funda-ghostek-iron-armor-para-iphone-12-mini-negra-con-clip-y-mica","status":"publish","type":"product","link":"https:\/\/defabrica.com.mx\/defabrica\/producto\/funda-ghostek-iron-armor-para-iphone-12-mini-negra-con-clip-y-mica\/","title":{"rendered":"Funda GHOSTEK Iron Armor para iPhone 12 MINI Negra con clip y mica"},"content":{"rendered":"<p>Ghostek Iron Armor est\u00e1 fabricada con doble capa para as\u00ed brindar una gran protecci\u00f3n a tu tel\u00e9fono.<\/p>\n<p><strong>Especificaciones :<br \/>\n<\/strong><\/p>\n<ul>\n<li>Compatible solo para\u00a0<strong>iPhone 12 MINI\u00a0 (No para 12 normal ni Plus)<\/strong><\/li>\n<li>Marca Ghostek reconocida a nivel mundial.<\/li>\n<li>Fabricada en dos capas para brindar la mayor protecci\u00f3n<strong>.<br \/>\n<\/strong><\/li>\n<li><strong>INCLUYE Mica de cristal para pantalla.<\/strong><\/li>\n<li><strong>INCLUYE Clip giratorio para cintur\u00f3n.<\/strong><\/li>\n<li>Probada con est\u00e1ndares Militares.<\/li>\n<li>Compatible con carga inal\u00e1mbrica.<\/li>\n<li>Esquinas Realzadas y contorno elevado en la pantalla y en la c\u00e1mara.<\/li>\n<li>Ranura para guardar tarjeta de cr\u00e9dito.<\/li>\n<li>Soporte multimedia que se puede utilizar de forma vertical u horizontal.<\/li>\n<li>Tel\u00e9fono NO incluido, solo ilustrativo<\/li>\n<\/ul>\n","protected":false},"excerpt":{"rendered":"<p>Ghostek Iron Armor est\u00e1 fabricada con doble capa para as\u00ed brindar una gran protecci\u00f3n a tu tel\u00e9fono. Especificaciones : Compatible solo para\u00a0iPhone 12 MINI\u00a0 (No para 12 normal ni Plus)<\/p>\n","protected":false},"featured_media":103360,"comment_status":"open","ping_status":"closed","template":"","meta":{"_acf_changed":false,"_joinchat":[]},"product_brand":[],"product_cat":[408,275,412],"product_tag":[],"class_list":{"0":"post-103359","1":"product","2":"type-product","3":"status-publish","4":"has-post-thumbnail","6":"product_cat-celulares-y-tablets","7":"product_cat-accesorios-para-celular","8":"product_cat-cases-y-fundas","10":"first","11":"instock","12":"sale","13":"shipping-taxable","14":"purchasable","15":"product-type-simple"},"acf":[],"_links":{"self":[{"href":"https:\/\/defabrica.com.mx\/defabrica\/wp-json\/wp\/v2\/product\/103359","targetHints":{"allow":["GET"]}}],"collection":[{"href":"https:\/\/defabrica.com.mx\/defabrica\/wp-json\/wp\/v2\/product"}],"about":[{"href":"https:\/\/defabrica.com.mx\/defabrica\/wp-json\/wp\/v2\/types\/product"}],"replies":[{"embeddable":true,"href":"https:\/\/defabrica.com.mx\/defabrica\/wp-json\/wp\/v2\/comments?post=103359"}],"wp:featuredmedia":[{"embeddable":true,"href":"https:\/\/defabrica.com.mx\/defabrica\/wp-json\/wp\/v2\/media\/103360"}],"wp:attachment":[{"href":"https:\/\/defabrica.com.mx\/defabrica\/wp-json\/wp\/v2\/media?parent=103359"}],"wp:term":[{"taxonomy":"product_brand","embeddable":true,"href":"https:\/\/defabrica.com.mx\/defabrica\/wp-json\/wp\/v2\/product_brand?post=103359"},{"taxonomy":"product_cat","embeddable":true,"href":"https:\/\/defabrica.com.mx\/defabrica\/wp-json\/wp\/v2\/product_cat?post=103359"},{"taxonomy":"product_tag","embeddable":true,"href":"https:\/\/defabrica.com.mx\/defabrica\/wp-json\/wp\/v2\/product_tag?post=103359"}],"curies":[{"name":"wp","href":"https:\/\/api.w.org\/{rel}","templated":true}]}}