{"id":103196,"date":"2023-01-02T11:35:09","date_gmt":"2023-01-02T17:35:09","guid":{"rendered":"https:\/\/defabrica.com.mx\/defabrica\/?post_type=product&#038;p=103196"},"modified":"2023-01-02T11:35:09","modified_gmt":"2023-01-02T17:35:09","slug":"funda-ghostek-atomic-para-iphone-13-aluminio-transp-negro-magsafe","status":"publish","type":"product","link":"https:\/\/defabrica.com.mx\/defabrica\/producto\/funda-ghostek-atomic-para-iphone-13-aluminio-transp-negro-magsafe\/","title":{"rendered":"Funda GHOSTEK Atomic para iPhone 13 Aluminio Transp Negro MagSafe"},"content":{"rendered":"<p>Ghostek Atomic est\u00e1 fabricada con un marco de Aluminio r\u00edgido y una capa de TPU que brindan una gran protecci\u00f3n a tu tel\u00e9fono.<\/p>\n<p><strong>Especificaciones :<br \/>\n<\/strong><\/p>\n<ul>\n<li>Compatible solo para\u00a0<strong>iPhone 13 (NO para 13 pro ni para 13 Max)<br \/>\n<\/strong><\/li>\n<li>Marca Ghostek reconocida a nivel mundial.<\/li>\n<li><strong>Marco de Aluminio y una capa de TPU\u00a0<\/strong>brindan una gran protecci\u00f3n<strong>.<br \/>\n<\/strong><\/li>\n<li><strong>Magnetos para MagSafe incorporados en la funda.<\/strong><\/li>\n<li>Per\u00edmetro realzado en contorno y en la c\u00e1mara.<\/li>\n<li>Tecnolog\u00eda R7x para absorber impactos.<\/li>\n<li>Probada con est\u00e1ndares Militares.<\/li>\n<li>Compatible con carga inal\u00e1mbrica y con MagSafe.<\/li>\n<li>Tel\u00e9fono NO incluido, solo ilustrativo.<\/li>\n<li>No incluye mica de pantalla.<\/li>\n<\/ul>\n","protected":false},"excerpt":{"rendered":"<p>Ghostek Atomic est\u00e1 fabricada con un marco de Aluminio r\u00edgido y una capa de TPU que brindan una gran protecci\u00f3n a tu tel\u00e9fono. Especificaciones : Compatible solo para\u00a0iPhone 13 (NO<\/p>\n","protected":false},"featured_media":103197,"comment_status":"open","ping_status":"closed","template":"","meta":{"_acf_changed":false,"_joinchat":[]},"product_brand":[],"product_cat":[15],"product_tag":[],"class_list":{"0":"post-103196","1":"product","2":"type-product","3":"status-publish","4":"has-post-thumbnail","6":"product_cat-sin-categoria","8":"first","9":"instock","10":"sale","11":"shipping-taxable","12":"purchasable","13":"product-type-simple"},"acf":[],"_links":{"self":[{"href":"https:\/\/defabrica.com.mx\/defabrica\/wp-json\/wp\/v2\/product\/103196","targetHints":{"allow":["GET"]}}],"collection":[{"href":"https:\/\/defabrica.com.mx\/defabrica\/wp-json\/wp\/v2\/product"}],"about":[{"href":"https:\/\/defabrica.com.mx\/defabrica\/wp-json\/wp\/v2\/types\/product"}],"replies":[{"embeddable":true,"href":"https:\/\/defabrica.com.mx\/defabrica\/wp-json\/wp\/v2\/comments?post=103196"}],"wp:featuredmedia":[{"embeddable":true,"href":"https:\/\/defabrica.com.mx\/defabrica\/wp-json\/wp\/v2\/media\/103197"}],"wp:attachment":[{"href":"https:\/\/defabrica.com.mx\/defabrica\/wp-json\/wp\/v2\/media?parent=103196"}],"wp:term":[{"taxonomy":"product_brand","embeddable":true,"href":"https:\/\/defabrica.com.mx\/defabrica\/wp-json\/wp\/v2\/product_brand?post=103196"},{"taxonomy":"product_cat","embeddable":true,"href":"https:\/\/defabrica.com.mx\/defabrica\/wp-json\/wp\/v2\/product_cat?post=103196"},{"taxonomy":"product_tag","embeddable":true,"href":"https:\/\/defabrica.com.mx\/defabrica\/wp-json\/wp\/v2\/product_tag?post=103196"}],"curies":[{"name":"wp","href":"https:\/\/api.w.org\/{rel}","templated":true}]}}