{"id":103181,"date":"2023-01-02T11:12:46","date_gmt":"2023-01-02T17:12:46","guid":{"rendered":"https:\/\/defabrica.com.mx\/defabrica\/?post_type=product&#038;p=103181"},"modified":"2023-01-02T11:12:46","modified_gmt":"2023-01-02T17:12:46","slug":"funda-ghostek-atomic-para-iphone-12-pro-max-aluminio-roja-transparente","status":"publish","type":"product","link":"https:\/\/defabrica.com.mx\/defabrica\/producto\/funda-ghostek-atomic-para-iphone-12-pro-max-aluminio-roja-transparente\/","title":{"rendered":"Funda GHOSTEK Atomic para iPhone 12 PRO MAX Aluminio Roja transparente"},"content":{"rendered":"<p>Ghostek Atomic est\u00e1 fabricada con un marco de Aluminio r\u00edgido y una capa de TPU que brindan una gran protecci\u00f3n a tu tel\u00e9fono.<\/p>\n<p><strong>Especificaciones :<br \/>\n<\/strong><\/p>\n<ul>\n<li>Compatible solo para\u00a0<strong>iPhone 12 PRO MAX (NO para 12 normal ni para 12 pro)<\/strong><\/li>\n<li>Marca Ghostek reconocida a nivel mundial.<\/li>\n<li><strong>Marco de Aluminio y una capa de TPU\u00a0<\/strong>brindan una gran protecci\u00f3n<strong>.<br \/>\n<\/strong><\/li>\n<li>Per\u00edmetro realzado en contorno y en la c\u00e1mara.<\/li>\n<li>Tecnolog\u00eda R7x para absorber impactos.<\/li>\n<li>Probada con est\u00e1ndares Militares.<\/li>\n<li>Compatible con carga inal\u00e1mbrica.<\/li>\n<li>Tel\u00e9fono NO incluido, solo ilustrativo.<\/li>\n<li>No incluye mica de pantalla.<\/li>\n<\/ul>\n","protected":false},"excerpt":{"rendered":"<p>Ghostek Atomic est\u00e1 fabricada con un marco de Aluminio r\u00edgido y una capa de TPU que brindan una gran protecci\u00f3n a tu tel\u00e9fono. Especificaciones : Compatible solo para\u00a0iPhone 12 PRO<\/p>\n","protected":false},"featured_media":103182,"comment_status":"open","ping_status":"closed","template":"","meta":{"_acf_changed":false,"_joinchat":[]},"product_brand":[],"product_cat":[408,275,412],"product_tag":[],"class_list":{"0":"post-103181","1":"product","2":"type-product","3":"status-publish","4":"has-post-thumbnail","6":"product_cat-celulares-y-tablets","7":"product_cat-accesorios-para-celular","8":"product_cat-cases-y-fundas","10":"first","11":"instock","12":"sale","13":"shipping-taxable","14":"purchasable","15":"product-type-simple"},"acf":[],"_links":{"self":[{"href":"https:\/\/defabrica.com.mx\/defabrica\/wp-json\/wp\/v2\/product\/103181","targetHints":{"allow":["GET"]}}],"collection":[{"href":"https:\/\/defabrica.com.mx\/defabrica\/wp-json\/wp\/v2\/product"}],"about":[{"href":"https:\/\/defabrica.com.mx\/defabrica\/wp-json\/wp\/v2\/types\/product"}],"replies":[{"embeddable":true,"href":"https:\/\/defabrica.com.mx\/defabrica\/wp-json\/wp\/v2\/comments?post=103181"}],"wp:featuredmedia":[{"embeddable":true,"href":"https:\/\/defabrica.com.mx\/defabrica\/wp-json\/wp\/v2\/media\/103182"}],"wp:attachment":[{"href":"https:\/\/defabrica.com.mx\/defabrica\/wp-json\/wp\/v2\/media?parent=103181"}],"wp:term":[{"taxonomy":"product_brand","embeddable":true,"href":"https:\/\/defabrica.com.mx\/defabrica\/wp-json\/wp\/v2\/product_brand?post=103181"},{"taxonomy":"product_cat","embeddable":true,"href":"https:\/\/defabrica.com.mx\/defabrica\/wp-json\/wp\/v2\/product_cat?post=103181"},{"taxonomy":"product_tag","embeddable":true,"href":"https:\/\/defabrica.com.mx\/defabrica\/wp-json\/wp\/v2\/product_tag?post=103181"}],"curies":[{"name":"wp","href":"https:\/\/api.w.org\/{rel}","templated":true}]}}