{"id":103101,"date":"2022-12-31T15:51:45","date_gmt":"2022-12-31T21:51:45","guid":{"rendered":"https:\/\/defabrica.com.mx\/defabrica\/?post_type=product&#038;p=103101"},"modified":"2022-12-31T15:51:45","modified_gmt":"2022-12-31T21:51:45","slug":"funda-artscase-impact-hybrid-para-iphone-se-iphone-8-transparente","status":"publish","type":"product","link":"https:\/\/defabrica.com.mx\/defabrica\/producto\/funda-artscase-impact-hybrid-para-iphone-se-iphone-8-transparente\/","title":{"rendered":"Funda ARTSCASE Impact Hybrid para iPhone SE iPhone 8 Transparente"},"content":{"rendered":"<h4><strong>Elegante dise\u00f1o de bajo perfil que no agranda tu iPhone<\/strong>.<\/h4>\n<p>Protege tu iPhone al mismo tiempo de mantener los puertos accesibles, no tendr\u00e1s necesidad de remover la cubierta para recargar tu iPhone.<\/p>\n<p>\u00bfPensando en la protecci\u00f3n de dispositivo?<\/p>\n<p>ArtsCase te trae lo \u00faltimo elegancia y estilo al mismo tiempo de brindar protecci\u00f3n;<\/p>\n<ul>\n<li>Tecnolog\u00eda h\u00edbrida que combina un bumper que absorbe impactos con un reverso r\u00edgido en policarbonato.<\/li>\n<li>Todos los puertos accesibles<\/li>\n<\/ul>\n<p>La combinacion perfecta entre arte y protecci\u00f3n&#8230;.<\/p>\n<ul>\n<li><strong>Compatible solo para iPhone SE 2020 \/ iPhone 8 \/ iPhone 7<br \/>\n<\/strong><\/li>\n<li>Marca Premium ARTSCASE reconocida a nivel mundial.<\/li>\n<li>Fabricada en doble material para mayor protecci\u00f3n.<\/li>\n<li>Respaldo r\u00edgido y contorno en TPU que absorbe impactos.<\/li>\n<li>Serie Impact Hybrid Transparente<\/li>\n<li>Tel\u00e9fono NO incluido, solo ilustrativo<\/li>\n<li>NO incluye mica de pantalla.<\/li>\n<\/ul>\n","protected":false},"excerpt":{"rendered":"<p>Elegante dise\u00f1o de bajo perfil que no agranda tu iPhone. Protege tu iPhone al mismo tiempo de mantener los puertos accesibles, no tendr\u00e1s necesidad de remover la cubierta para recargar<\/p>\n","protected":false},"featured_media":103102,"comment_status":"open","ping_status":"closed","template":"","meta":{"_acf_changed":false,"_joinchat":[]},"product_brand":[],"product_cat":[15],"product_tag":[],"class_list":{"0":"post-103101","1":"product","2":"type-product","3":"status-publish","4":"has-post-thumbnail","6":"product_cat-sin-categoria","8":"first","9":"instock","10":"sale","11":"shipping-taxable","12":"purchasable","13":"product-type-simple"},"acf":[],"_links":{"self":[{"href":"https:\/\/defabrica.com.mx\/defabrica\/wp-json\/wp\/v2\/product\/103101","targetHints":{"allow":["GET"]}}],"collection":[{"href":"https:\/\/defabrica.com.mx\/defabrica\/wp-json\/wp\/v2\/product"}],"about":[{"href":"https:\/\/defabrica.com.mx\/defabrica\/wp-json\/wp\/v2\/types\/product"}],"replies":[{"embeddable":true,"href":"https:\/\/defabrica.com.mx\/defabrica\/wp-json\/wp\/v2\/comments?post=103101"}],"wp:featuredmedia":[{"embeddable":true,"href":"https:\/\/defabrica.com.mx\/defabrica\/wp-json\/wp\/v2\/media\/103102"}],"wp:attachment":[{"href":"https:\/\/defabrica.com.mx\/defabrica\/wp-json\/wp\/v2\/media?parent=103101"}],"wp:term":[{"taxonomy":"product_brand","embeddable":true,"href":"https:\/\/defabrica.com.mx\/defabrica\/wp-json\/wp\/v2\/product_brand?post=103101"},{"taxonomy":"product_cat","embeddable":true,"href":"https:\/\/defabrica.com.mx\/defabrica\/wp-json\/wp\/v2\/product_cat?post=103101"},{"taxonomy":"product_tag","embeddable":true,"href":"https:\/\/defabrica.com.mx\/defabrica\/wp-json\/wp\/v2\/product_tag?post=103101"}],"curies":[{"name":"wp","href":"https:\/\/api.w.org\/{rel}","templated":true}]}}