{"id":103079,"date":"2022-12-31T15:31:20","date_gmt":"2022-12-31T21:31:20","guid":{"rendered":"https:\/\/defabrica.com.mx\/defabrica\/?post_type=product&#038;p=103079"},"modified":"2022-12-31T15:31:21","modified_gmt":"2022-12-31T21:31:21","slug":"funda-arq1-serie-unity-para-iphone-xs-max-negra","status":"publish","type":"product","link":"https:\/\/defabrica.com.mx\/defabrica\/producto\/funda-arq1-serie-unity-para-iphone-xs-max-negra\/","title":{"rendered":"Funda ARQ1 serie Unity para iPhone XS MAX Negra"},"content":{"rendered":"<p>Textura, dise\u00f1o y materiales trabajando en armon\u00eda&#8230;..Unificaci\u00f3n de partes en una funda.<\/p>\n<ul>\n<li>Protecci\u00f3n de impactos 2m<\/li>\n<li>Dos capas : Policarbonato \/ TPU<\/li>\n<li>Botones con dise\u00f1o f\u00e1cil de presionar<\/li>\n<\/ul>\n","protected":false},"excerpt":{"rendered":"<p>Textura, dise\u00f1o y materiales trabajando en armon\u00eda&#8230;..Unificaci\u00f3n de partes en una funda. Protecci\u00f3n de impactos 2m Dos capas : Policarbonato \/ TPU Botones con dise\u00f1o f\u00e1cil de presionar<\/p>\n","protected":false},"featured_media":103076,"comment_status":"open","ping_status":"closed","template":"","meta":{"_acf_changed":false,"_joinchat":[]},"product_brand":[],"product_cat":[408,275,412],"product_tag":[],"class_list":{"0":"post-103079","1":"product","2":"type-product","3":"status-publish","4":"has-post-thumbnail","6":"product_cat-celulares-y-tablets","7":"product_cat-accesorios-para-celular","8":"product_cat-cases-y-fundas","10":"first","11":"instock","12":"sale","13":"shipping-taxable","14":"purchasable","15":"product-type-simple"},"acf":[],"_links":{"self":[{"href":"https:\/\/defabrica.com.mx\/defabrica\/wp-json\/wp\/v2\/product\/103079","targetHints":{"allow":["GET"]}}],"collection":[{"href":"https:\/\/defabrica.com.mx\/defabrica\/wp-json\/wp\/v2\/product"}],"about":[{"href":"https:\/\/defabrica.com.mx\/defabrica\/wp-json\/wp\/v2\/types\/product"}],"replies":[{"embeddable":true,"href":"https:\/\/defabrica.com.mx\/defabrica\/wp-json\/wp\/v2\/comments?post=103079"}],"wp:featuredmedia":[{"embeddable":true,"href":"https:\/\/defabrica.com.mx\/defabrica\/wp-json\/wp\/v2\/media\/103076"}],"wp:attachment":[{"href":"https:\/\/defabrica.com.mx\/defabrica\/wp-json\/wp\/v2\/media?parent=103079"}],"wp:term":[{"taxonomy":"product_brand","embeddable":true,"href":"https:\/\/defabrica.com.mx\/defabrica\/wp-json\/wp\/v2\/product_brand?post=103079"},{"taxonomy":"product_cat","embeddable":true,"href":"https:\/\/defabrica.com.mx\/defabrica\/wp-json\/wp\/v2\/product_cat?post=103079"},{"taxonomy":"product_tag","embeddable":true,"href":"https:\/\/defabrica.com.mx\/defabrica\/wp-json\/wp\/v2\/product_tag?post=103079"}],"curies":[{"name":"wp","href":"https:\/\/api.w.org\/{rel}","templated":true}]}}