{"id":103029,"date":"2022-12-31T14:15:59","date_gmt":"2022-12-31T20:15:59","guid":{"rendered":"https:\/\/defabrica.com.mx\/defabrica\/?post_type=product&#038;p=103029"},"modified":"2022-12-31T14:15:59","modified_gmt":"2022-12-31T20:15:59","slug":"funda-arq1-serie-ionic-para-iphone-xs-e-iphone-x-translucida","status":"publish","type":"product","link":"https:\/\/defabrica.com.mx\/defabrica\/producto\/funda-arq1-serie-ionic-para-iphone-xs-e-iphone-x-translucida\/","title":{"rendered":"Funda ARQ1 serie Ionic para iPhone XS e iPhone X Translucida"},"content":{"rendered":"<p>Dise\u00f1o vanguardista que luce y al mismo tiempo protege tu tel\u00e9fono<\/p>\n<ul>\n<li>Protecci\u00f3n de impactos 2m<\/li>\n<li>TPU<\/li>\n<li>Surcos interiores para mayor protecci\u00f3n<\/li>\n<li>Botones con dise\u00f1o f\u00e1cil de presionar<\/li>\n<\/ul>\n","protected":false},"excerpt":{"rendered":"<p>Dise\u00f1o vanguardista que luce y al mismo tiempo protege tu tel\u00e9fono Protecci\u00f3n de impactos 2m TPU Surcos interiores para mayor protecci\u00f3n Botones con dise\u00f1o f\u00e1cil de presionar<\/p>\n","protected":false},"featured_media":103030,"comment_status":"open","ping_status":"closed","template":"","meta":{"_acf_changed":false,"_joinchat":[]},"product_brand":[],"product_cat":[408,275,412],"product_tag":[],"class_list":{"0":"post-103029","1":"product","2":"type-product","3":"status-publish","4":"has-post-thumbnail","6":"product_cat-celulares-y-tablets","7":"product_cat-accesorios-para-celular","8":"product_cat-cases-y-fundas","10":"first","11":"instock","12":"sale","13":"shipping-taxable","14":"purchasable","15":"product-type-simple"},"acf":[],"_links":{"self":[{"href":"https:\/\/defabrica.com.mx\/defabrica\/wp-json\/wp\/v2\/product\/103029","targetHints":{"allow":["GET"]}}],"collection":[{"href":"https:\/\/defabrica.com.mx\/defabrica\/wp-json\/wp\/v2\/product"}],"about":[{"href":"https:\/\/defabrica.com.mx\/defabrica\/wp-json\/wp\/v2\/types\/product"}],"replies":[{"embeddable":true,"href":"https:\/\/defabrica.com.mx\/defabrica\/wp-json\/wp\/v2\/comments?post=103029"}],"wp:featuredmedia":[{"embeddable":true,"href":"https:\/\/defabrica.com.mx\/defabrica\/wp-json\/wp\/v2\/media\/103030"}],"wp:attachment":[{"href":"https:\/\/defabrica.com.mx\/defabrica\/wp-json\/wp\/v2\/media?parent=103029"}],"wp:term":[{"taxonomy":"product_brand","embeddable":true,"href":"https:\/\/defabrica.com.mx\/defabrica\/wp-json\/wp\/v2\/product_brand?post=103029"},{"taxonomy":"product_cat","embeddable":true,"href":"https:\/\/defabrica.com.mx\/defabrica\/wp-json\/wp\/v2\/product_cat?post=103029"},{"taxonomy":"product_tag","embeddable":true,"href":"https:\/\/defabrica.com.mx\/defabrica\/wp-json\/wp\/v2\/product_tag?post=103029"}],"curies":[{"name":"wp","href":"https:\/\/api.w.org\/{rel}","templated":true}]}}