{"id":102947,"date":"2022-12-31T12:56:06","date_gmt":"2022-12-31T18:56:06","guid":{"rendered":"https:\/\/defabrica.com.mx\/defabrica\/?post_type=product&#038;p=102947"},"modified":"2022-12-31T12:56:06","modified_gmt":"2022-12-31T18:56:06","slug":"funda-agent-18-para-iphone-6-y-6s-confetti","status":"publish","type":"product","link":"https:\/\/defabrica.com.mx\/defabrica\/producto\/funda-agent-18-para-iphone-6-y-6s-confetti\/","title":{"rendered":"Funda AGENT 18 para iPhone 6 y 6s Confetti"},"content":{"rendered":"<div id=\"product-description-short-3607\" class=\"description-short\">\n<ul>\n<li><strong>Compatible solo para iPhone 6 \/ iPhone 6s (NO para Plus)<\/strong><\/li>\n<li>Marca Agent 18 reconocida a nivel mundial.<\/li>\n<li>R\u00edgida.<\/li>\n<li>Dise\u00f1o en una sola pieza que combina dise\u00f1o y protecci\u00f3n.<\/li>\n<li>Protege contra el uso y maltrato diario.<\/li>\n<li>De f\u00e1cil instalacion.<\/li>\n<li>NO incluye mica de pantalla.<\/li>\n<li>Tel\u00e9fono solo ilustrativo, NO incluido.<\/li>\n<\/ul>\n<\/div>\n<div class=\"product-actions\"><\/div>\n","protected":false},"excerpt":{"rendered":"<p>Compatible solo para iPhone 6 \/ iPhone 6s (NO para Plus) Marca Agent 18 reconocida a nivel mundial. R\u00edgida. Dise\u00f1o en una sola pieza que combina dise\u00f1o y protecci\u00f3n. Protege<\/p>\n","protected":false},"featured_media":102948,"comment_status":"open","ping_status":"closed","template":"","meta":{"_acf_changed":false,"_joinchat":[]},"product_brand":[],"product_cat":[408,275,412],"product_tag":[],"class_list":{"0":"post-102947","1":"product","2":"type-product","3":"status-publish","4":"has-post-thumbnail","6":"product_cat-celulares-y-tablets","7":"product_cat-accesorios-para-celular","8":"product_cat-cases-y-fundas","10":"first","11":"instock","12":"sale","13":"shipping-taxable","14":"purchasable","15":"product-type-simple"},"acf":[],"_links":{"self":[{"href":"https:\/\/defabrica.com.mx\/defabrica\/wp-json\/wp\/v2\/product\/102947","targetHints":{"allow":["GET"]}}],"collection":[{"href":"https:\/\/defabrica.com.mx\/defabrica\/wp-json\/wp\/v2\/product"}],"about":[{"href":"https:\/\/defabrica.com.mx\/defabrica\/wp-json\/wp\/v2\/types\/product"}],"replies":[{"embeddable":true,"href":"https:\/\/defabrica.com.mx\/defabrica\/wp-json\/wp\/v2\/comments?post=102947"}],"wp:featuredmedia":[{"embeddable":true,"href":"https:\/\/defabrica.com.mx\/defabrica\/wp-json\/wp\/v2\/media\/102948"}],"wp:attachment":[{"href":"https:\/\/defabrica.com.mx\/defabrica\/wp-json\/wp\/v2\/media?parent=102947"}],"wp:term":[{"taxonomy":"product_brand","embeddable":true,"href":"https:\/\/defabrica.com.mx\/defabrica\/wp-json\/wp\/v2\/product_brand?post=102947"},{"taxonomy":"product_cat","embeddable":true,"href":"https:\/\/defabrica.com.mx\/defabrica\/wp-json\/wp\/v2\/product_cat?post=102947"},{"taxonomy":"product_tag","embeddable":true,"href":"https:\/\/defabrica.com.mx\/defabrica\/wp-json\/wp\/v2\/product_tag?post=102947"}],"curies":[{"name":"wp","href":"https:\/\/api.w.org\/{rel}","templated":true}]}}