{"id":102589,"date":"2022-12-14T15:42:46","date_gmt":"2022-12-14T21:42:46","guid":{"rendered":"https:\/\/defabrica.com.mx\/defabrica\/?post_type=product&#038;p=102589"},"modified":"2022-12-14T15:42:46","modified_gmt":"2022-12-14T21:42:46","slug":"manos-libres-auricular-wild-flag-bluetooth-universal-stereo-serie-x-negro","status":"publish","type":"product","link":"https:\/\/defabrica.com.mx\/defabrica\/producto\/manos-libres-auricular-wild-flag-bluetooth-universal-stereo-serie-x-negro\/","title":{"rendered":"Manos Libres auricular WILD FLAG Bluetooth Universal Stereo Serie X Negro"},"content":{"rendered":"<ul>\n<li>hasta 6 horas de duraci\u00f3n en uso.<\/li>\n<li>175 horas en modo espera.<\/li>\n<li>In-line micr\u00f3fono y controles de bot\u00f3n.<\/li>\n<li>Aud\u00edfonos con sistema magn\u00e9tico para juntarlos mientras no est\u00e1n en uso.<\/li>\n<li>Almoadillas de silic\u00f3n de varios tama\u00f1os para encontrar el ajuste adecuado.<\/li>\n<li>Bolsa para guardarse.<\/li>\n<\/ul>\n","protected":false},"excerpt":{"rendered":"<p>hasta 6 horas de duraci\u00f3n en uso. 175 horas en modo espera. In-line micr\u00f3fono y controles de bot\u00f3n. Aud\u00edfonos con sistema magn\u00e9tico para juntarlos mientras no est\u00e1n en uso. Almoadillas<\/p>\n","protected":false},"featured_media":102591,"comment_status":"open","ping_status":"closed","template":"","meta":{"_acf_changed":false,"_joinchat":[]},"product_brand":[],"product_cat":[294,300,304],"product_tag":[],"class_list":{"0":"post-102589","1":"product","2":"type-product","3":"status-publish","4":"has-post-thumbnail","6":"product_cat-audio","7":"product_cat-audifonos","8":"product_cat-inalambricos","10":"first","11":"instock","12":"sale","13":"shipping-taxable","14":"purchasable","15":"product-type-simple"},"acf":[],"_links":{"self":[{"href":"https:\/\/defabrica.com.mx\/defabrica\/wp-json\/wp\/v2\/product\/102589","targetHints":{"allow":["GET"]}}],"collection":[{"href":"https:\/\/defabrica.com.mx\/defabrica\/wp-json\/wp\/v2\/product"}],"about":[{"href":"https:\/\/defabrica.com.mx\/defabrica\/wp-json\/wp\/v2\/types\/product"}],"replies":[{"embeddable":true,"href":"https:\/\/defabrica.com.mx\/defabrica\/wp-json\/wp\/v2\/comments?post=102589"}],"wp:featuredmedia":[{"embeddable":true,"href":"https:\/\/defabrica.com.mx\/defabrica\/wp-json\/wp\/v2\/media\/102591"}],"wp:attachment":[{"href":"https:\/\/defabrica.com.mx\/defabrica\/wp-json\/wp\/v2\/media?parent=102589"}],"wp:term":[{"taxonomy":"product_brand","embeddable":true,"href":"https:\/\/defabrica.com.mx\/defabrica\/wp-json\/wp\/v2\/product_brand?post=102589"},{"taxonomy":"product_cat","embeddable":true,"href":"https:\/\/defabrica.com.mx\/defabrica\/wp-json\/wp\/v2\/product_cat?post=102589"},{"taxonomy":"product_tag","embeddable":true,"href":"https:\/\/defabrica.com.mx\/defabrica\/wp-json\/wp\/v2\/product_tag?post=102589"}],"curies":[{"name":"wp","href":"https:\/\/api.w.org\/{rel}","templated":true}]}}