{"id":102584,"date":"2022-12-14T15:35:10","date_gmt":"2022-12-14T21:35:10","guid":{"rendered":"https:\/\/defabrica.com.mx\/defabrica\/?post_type=product&#038;p=102584"},"modified":"2022-12-14T15:35:10","modified_gmt":"2022-12-14T21:35:10","slug":"manos-libres-auricular-wild-flag-bluetooth-universal-stereo-negro-serie-e","status":"publish","type":"product","link":"https:\/\/defabrica.com.mx\/defabrica\/producto\/manos-libres-auricular-wild-flag-bluetooth-universal-stereo-negro-serie-e\/","title":{"rendered":"Manos Libres auricular WILD FLAG Bluetooth Universal Stereo Negro Serie-E"},"content":{"rendered":"<div class=\"product-tabs tabs\">\n<div id=\"tab-content\" class=\"tab-content\">\n<div id=\"description\" class=\"tab-pane fade in active\" role=\"tabpanel\">\n<div class=\"product-description\">\n<ul>\n<li>hasta 5 horas de duraci\u00f3n en uso.<\/li>\n<li>150 horas en modo espera.<\/li>\n<li>In-line micr\u00f3fono y controles de bot\u00f3n.<\/li>\n<li>Aud\u00edfonos con sistema magn\u00e9tico para juntarlos mientras no est\u00e1n en uso.<\/li>\n<li>Almoadillas de silic\u00f3n de varios tama\u00f1os para encontrar el ajuste adecuado.<\/li>\n<li>Bolsa para guardarse.<\/li>\n<\/ul>\n<\/div>\n<\/div>\n<\/div>\n<\/div>\n","protected":false},"excerpt":{"rendered":"<p>hasta 5 horas de duraci\u00f3n en uso. 150 horas en modo espera. In-line micr\u00f3fono y controles de bot\u00f3n. Aud\u00edfonos con sistema magn\u00e9tico para juntarlos mientras no est\u00e1n en uso. Almoadillas<\/p>\n","protected":false},"featured_media":102585,"comment_status":"open","ping_status":"closed","template":"","meta":{"_acf_changed":false,"_joinchat":[]},"product_brand":[],"product_cat":[294,300,304],"product_tag":[],"class_list":{"0":"post-102584","1":"product","2":"type-product","3":"status-publish","4":"has-post-thumbnail","6":"product_cat-audio","7":"product_cat-audifonos","8":"product_cat-inalambricos","10":"first","11":"instock","12":"sale","13":"shipping-taxable","14":"purchasable","15":"product-type-simple"},"acf":[],"_links":{"self":[{"href":"https:\/\/defabrica.com.mx\/defabrica\/wp-json\/wp\/v2\/product\/102584","targetHints":{"allow":["GET"]}}],"collection":[{"href":"https:\/\/defabrica.com.mx\/defabrica\/wp-json\/wp\/v2\/product"}],"about":[{"href":"https:\/\/defabrica.com.mx\/defabrica\/wp-json\/wp\/v2\/types\/product"}],"replies":[{"embeddable":true,"href":"https:\/\/defabrica.com.mx\/defabrica\/wp-json\/wp\/v2\/comments?post=102584"}],"wp:featuredmedia":[{"embeddable":true,"href":"https:\/\/defabrica.com.mx\/defabrica\/wp-json\/wp\/v2\/media\/102585"}],"wp:attachment":[{"href":"https:\/\/defabrica.com.mx\/defabrica\/wp-json\/wp\/v2\/media?parent=102584"}],"wp:term":[{"taxonomy":"product_brand","embeddable":true,"href":"https:\/\/defabrica.com.mx\/defabrica\/wp-json\/wp\/v2\/product_brand?post=102584"},{"taxonomy":"product_cat","embeddable":true,"href":"https:\/\/defabrica.com.mx\/defabrica\/wp-json\/wp\/v2\/product_cat?post=102584"},{"taxonomy":"product_tag","embeddable":true,"href":"https:\/\/defabrica.com.mx\/defabrica\/wp-json\/wp\/v2\/product_tag?post=102584"}],"curies":[{"name":"wp","href":"https:\/\/api.w.org\/{rel}","templated":true}]}}