{"id":102578,"date":"2022-12-14T15:31:16","date_gmt":"2022-12-14T21:31:16","guid":{"rendered":"https:\/\/defabrica.com.mx\/defabrica\/?post_type=product&#038;p=102578"},"modified":"2022-12-14T15:31:16","modified_gmt":"2022-12-14T21:31:16","slug":"cargador-inalambrico-qi-y-sanitizador-uv-universal-apg","status":"publish","type":"product","link":"https:\/\/defabrica.com.mx\/defabrica\/producto\/cargador-inalambrico-qi-y-sanitizador-uv-universal-apg\/","title":{"rendered":"Cargador inalambrico Qi y Sanitizador UV UNIVERSAL APG"},"content":{"rendered":"<ul>\n<li>Dimensiones de cavidad interior 196x102x26mm<\/li>\n<li>Multiusos para desinfectar Joyer\u00eda, llaves, reloj, aud\u00edfonos y muchos m\u00e1s accesorios.<\/li>\n<li>Cargador inal\u00e1mbrico para Tel\u00e9fono.<\/li>\n<li>Difusor de Aceite de Aromaterapia<\/li>\n<li>Dos procesos de desinfectado , 95% de efectividad en 1 minuto, 99.99% de efectividad en 5 minutos.<\/li>\n<li>Luz LED indicadora de proceso.<\/li>\n<li>Luz Ultravioleta UVC que mata hasta el 99.99% de las bacterias, hongos, virus y m\u00e1s.<\/li>\n<li>Espectro de longirud de onda de 265-270nm en la luz UVC.<\/li>\n<\/ul>\n","protected":false},"excerpt":{"rendered":"<p>Dimensiones de cavidad interior 196x102x26mm Multiusos para desinfectar Joyer\u00eda, llaves, reloj, aud\u00edfonos y muchos m\u00e1s accesorios. Cargador inal\u00e1mbrico para Tel\u00e9fono. Difusor de Aceite de Aromaterapia Dos procesos de desinfectado ,<\/p>\n","protected":false},"featured_media":102579,"comment_status":"open","ping_status":"closed","template":"","meta":{"_acf_changed":false,"_joinchat":[]},"product_brand":[],"product_cat":[408,275,413,416],"product_tag":[],"class_list":{"0":"post-102578","1":"product","2":"type-product","3":"status-publish","4":"has-post-thumbnail","6":"product_cat-celulares-y-tablets","7":"product_cat-accesorios-para-celular","8":"product_cat-cargadores","9":"product_cat-todos-los-accesorios-para-celulares","11":"first","12":"instock","13":"sale","14":"shipping-taxable","15":"purchasable","16":"product-type-simple"},"acf":[],"_links":{"self":[{"href":"https:\/\/defabrica.com.mx\/defabrica\/wp-json\/wp\/v2\/product\/102578","targetHints":{"allow":["GET"]}}],"collection":[{"href":"https:\/\/defabrica.com.mx\/defabrica\/wp-json\/wp\/v2\/product"}],"about":[{"href":"https:\/\/defabrica.com.mx\/defabrica\/wp-json\/wp\/v2\/types\/product"}],"replies":[{"embeddable":true,"href":"https:\/\/defabrica.com.mx\/defabrica\/wp-json\/wp\/v2\/comments?post=102578"}],"wp:featuredmedia":[{"embeddable":true,"href":"https:\/\/defabrica.com.mx\/defabrica\/wp-json\/wp\/v2\/media\/102579"}],"wp:attachment":[{"href":"https:\/\/defabrica.com.mx\/defabrica\/wp-json\/wp\/v2\/media?parent=102578"}],"wp:term":[{"taxonomy":"product_brand","embeddable":true,"href":"https:\/\/defabrica.com.mx\/defabrica\/wp-json\/wp\/v2\/product_brand?post=102578"},{"taxonomy":"product_cat","embeddable":true,"href":"https:\/\/defabrica.com.mx\/defabrica\/wp-json\/wp\/v2\/product_cat?post=102578"},{"taxonomy":"product_tag","embeddable":true,"href":"https:\/\/defabrica.com.mx\/defabrica\/wp-json\/wp\/v2\/product_tag?post=102578"}],"curies":[{"name":"wp","href":"https:\/\/api.w.org\/{rel}","templated":true}]}}