{"id":102440,"date":"2022-12-14T11:40:56","date_gmt":"2022-12-14T17:40:56","guid":{"rendered":"https:\/\/defabrica.com.mx\/defabrica\/?post_type=product&#038;p=102440"},"modified":"2022-12-14T11:40:56","modified_gmt":"2022-12-14T17:40:56","slug":"cable-datos-hune-ecologico-usb-a-a-lightning-bosque-para-iphone-ipad-conector-90grados-sustentable","status":"publish","type":"product","link":"https:\/\/defabrica.com.mx\/defabrica\/producto\/cable-datos-hune-ecologico-usb-a-a-lightning-bosque-para-iphone-ipad-conector-90grados-sustentable\/","title":{"rendered":"Cable Datos HUNE ecologico USB-A a Lightning Bosque para iPhone iPad conector 90grados sustentable"},"content":{"rendered":"<div id=\"product-description-short-7139\" class=\"description-short\">\n<ul>\n<li><strong>Compatible para cualquier iPhone, iPod \u00f3 iPad con conector Lightning<\/strong><\/li>\n<li>Tecnolog\u00eda a conciencia, el futuro en tus manos.<\/li>\n<li>Carcasas y revestimientos de pl\u00e1stico reciclado.<\/li>\n<li><strong>Conector USB-A a Ligthning<br \/>\n<\/strong><\/li>\n<li>Cable trenzado para mayor resistencia.<\/li>\n<li>Carga r\u00e1pida<\/li>\n<li>Sincronizaci\u00f3n de datos<\/li>\n<li>1.2 metros de largo<\/li>\n<li>Puntas de cable reforzadas y dise\u00f1adas a 90 grados para un mejor manejo y mayor resistencia.<\/li>\n<li>Incluye sujetacables<\/li>\n<li>El Cable Hune emite un 64.45% menos CO2 durante su proceso de producci\u00f3n.<\/li>\n<\/ul>\n<\/div>\n<div class=\"product-actions\"><\/div>\n","protected":false},"excerpt":{"rendered":"<p>Compatible para cualquier iPhone, iPod \u00f3 iPad con conector Lightning Tecnolog\u00eda a conciencia, el futuro en tus manos. Carcasas y revestimientos de pl\u00e1stico reciclado. Conector USB-A a Ligthning Cable trenzado<\/p>\n","protected":false},"featured_media":102442,"comment_status":"open","ping_status":"closed","template":"","meta":{"_acf_changed":false,"_joinchat":[]},"product_brand":[],"product_cat":[408,275,413,416],"product_tag":[],"class_list":{"0":"post-102440","1":"product","2":"type-product","3":"status-publish","4":"has-post-thumbnail","6":"product_cat-celulares-y-tablets","7":"product_cat-accesorios-para-celular","8":"product_cat-cargadores","9":"product_cat-todos-los-accesorios-para-celulares","11":"first","12":"instock","13":"sale","14":"shipping-taxable","15":"purchasable","16":"product-type-simple"},"acf":[],"_links":{"self":[{"href":"https:\/\/defabrica.com.mx\/defabrica\/wp-json\/wp\/v2\/product\/102440","targetHints":{"allow":["GET"]}}],"collection":[{"href":"https:\/\/defabrica.com.mx\/defabrica\/wp-json\/wp\/v2\/product"}],"about":[{"href":"https:\/\/defabrica.com.mx\/defabrica\/wp-json\/wp\/v2\/types\/product"}],"replies":[{"embeddable":true,"href":"https:\/\/defabrica.com.mx\/defabrica\/wp-json\/wp\/v2\/comments?post=102440"}],"wp:featuredmedia":[{"embeddable":true,"href":"https:\/\/defabrica.com.mx\/defabrica\/wp-json\/wp\/v2\/media\/102442"}],"wp:attachment":[{"href":"https:\/\/defabrica.com.mx\/defabrica\/wp-json\/wp\/v2\/media?parent=102440"}],"wp:term":[{"taxonomy":"product_brand","embeddable":true,"href":"https:\/\/defabrica.com.mx\/defabrica\/wp-json\/wp\/v2\/product_brand?post=102440"},{"taxonomy":"product_cat","embeddable":true,"href":"https:\/\/defabrica.com.mx\/defabrica\/wp-json\/wp\/v2\/product_cat?post=102440"},{"taxonomy":"product_tag","embeddable":true,"href":"https:\/\/defabrica.com.mx\/defabrica\/wp-json\/wp\/v2\/product_tag?post=102440"}],"curies":[{"name":"wp","href":"https:\/\/api.w.org\/{rel}","templated":true}]}}