{"id":102368,"date":"2022-12-13T15:05:25","date_gmt":"2022-12-13T21:05:25","guid":{"rendered":"https:\/\/defabrica.com.mx\/defabrica\/?post_type=product&#038;p=102368"},"modified":"2022-12-13T15:05:25","modified_gmt":"2022-12-13T21:05:25","slug":"bateria-recargable-choetech-powerbank-10000mah-para-iphone-certificada-mfi","status":"publish","type":"product","link":"https:\/\/defabrica.com.mx\/defabrica\/producto\/bateria-recargable-choetech-powerbank-10000mah-para-iphone-certificada-mfi\/","title":{"rendered":"Bateria Recargable CHOETECH Powerbank 10,000mAH para iPhone certificada MFI"},"content":{"rendered":"<div id=\"product-description-short-6717\" class=\"description-short\">\n<ul>\n<li>Marca CHOETECH reconocida a nivel mundial.<\/li>\n<li>Bater\u00eda recargable de pol\u00edmero de litio de 10,000mAH<\/li>\n<li><strong>Certificada MFI<\/strong><\/li>\n<li>Incluye Cable Lightning para iPhone que se guarda en la misma bater\u00eda.<\/li>\n<li>Incluye Cable USB-C para dispositivos android que se guarda en la misma bater\u00eda.<\/li>\n<li>Carga r\u00e1pida PD 18W \/ QC3.0<\/li>\n<li>Puede cargar 2 dispositivos al mismo tiempo.<\/li>\n<\/ul>\n<\/div>\n<div class=\"product-actions\"><\/div>\n","protected":false},"excerpt":{"rendered":"<p>Marca CHOETECH reconocida a nivel mundial. Bater\u00eda recargable de pol\u00edmero de litio de 10,000mAH Certificada MFI Incluye Cable Lightning para iPhone que se guarda en la misma bater\u00eda. Incluye Cable<\/p>\n","protected":false},"featured_media":102369,"comment_status":"open","ping_status":"closed","template":"","meta":{"_acf_changed":false,"_joinchat":[]},"product_brand":[],"product_cat":[408,275,413,416],"product_tag":[],"class_list":{"0":"post-102368","1":"product","2":"type-product","3":"status-publish","4":"has-post-thumbnail","6":"product_cat-celulares-y-tablets","7":"product_cat-accesorios-para-celular","8":"product_cat-cargadores","9":"product_cat-todos-los-accesorios-para-celulares","11":"first","12":"instock","13":"sale","14":"shipping-taxable","15":"purchasable","16":"product-type-simple"},"acf":[],"_links":{"self":[{"href":"https:\/\/defabrica.com.mx\/defabrica\/wp-json\/wp\/v2\/product\/102368","targetHints":{"allow":["GET"]}}],"collection":[{"href":"https:\/\/defabrica.com.mx\/defabrica\/wp-json\/wp\/v2\/product"}],"about":[{"href":"https:\/\/defabrica.com.mx\/defabrica\/wp-json\/wp\/v2\/types\/product"}],"replies":[{"embeddable":true,"href":"https:\/\/defabrica.com.mx\/defabrica\/wp-json\/wp\/v2\/comments?post=102368"}],"wp:featuredmedia":[{"embeddable":true,"href":"https:\/\/defabrica.com.mx\/defabrica\/wp-json\/wp\/v2\/media\/102369"}],"wp:attachment":[{"href":"https:\/\/defabrica.com.mx\/defabrica\/wp-json\/wp\/v2\/media?parent=102368"}],"wp:term":[{"taxonomy":"product_brand","embeddable":true,"href":"https:\/\/defabrica.com.mx\/defabrica\/wp-json\/wp\/v2\/product_brand?post=102368"},{"taxonomy":"product_cat","embeddable":true,"href":"https:\/\/defabrica.com.mx\/defabrica\/wp-json\/wp\/v2\/product_cat?post=102368"},{"taxonomy":"product_tag","embeddable":true,"href":"https:\/\/defabrica.com.mx\/defabrica\/wp-json\/wp\/v2\/product_tag?post=102368"}],"curies":[{"name":"wp","href":"https:\/\/api.w.org\/{rel}","templated":true}]}}