{"id":102356,"date":"2022-12-13T14:59:16","date_gmt":"2022-12-13T20:59:16","guid":{"rendered":"https:\/\/defabrica.com.mx\/defabrica\/?post_type=product&#038;p=102356"},"modified":"2022-12-13T14:59:16","modified_gmt":"2022-12-13T20:59:16","slug":"base-de-carga-inalambrica-hune-qi-universal-10w-sutentable-ecologica","status":"publish","type":"product","link":"https:\/\/defabrica.com.mx\/defabrica\/producto\/base-de-carga-inalambrica-hune-qi-universal-10w-sutentable-ecologica\/","title":{"rendered":"Base de Carga inalambrica HUNE Qi UNIVERSAL 10W sutentable ecologica"},"content":{"rendered":"<ul>\n<li>Carcasa de pl\u00e1stico reciclado<\/li>\n<li>Superficie antideslizante<\/li>\n<li>Carga a trav\u00e9s de la funda<\/li>\n<li>Dise\u00f1o liviano y port\u00e1til<\/li>\n<li>Compatible exclusivamente con dispositivos que admitan la funci\u00f3n de carga inal\u00e1mbrica<\/li>\n<li>Incluye cable USB &#8211; Tipo C 1m de pl\u00e1stico reciclado<\/li>\n<li>NO incluye cubo de carga (requiere un cubo de carga de 2Amp o m\u00e1s con salida USB-A)<\/li>\n<li>94% menos CO2 emitido en la producci\u00f3n de carcasa y revestimientos respecto a uno hecho de pl\u00e1stico virgen<\/li>\n<li>Entrada : DC 9V-1.5A<\/li>\n<li>Salida : 10W<\/li>\n<\/ul>\n","protected":false},"excerpt":{"rendered":"<p>Carcasa de pl\u00e1stico reciclado Superficie antideslizante Carga a trav\u00e9s de la funda Dise\u00f1o liviano y port\u00e1til Compatible exclusivamente con dispositivos que admitan la funci\u00f3n de carga inal\u00e1mbrica Incluye cable USB<\/p>\n","protected":false},"featured_media":102357,"comment_status":"open","ping_status":"closed","template":"","meta":{"_acf_changed":false,"_joinchat":[]},"product_brand":[],"product_cat":[408,275,413,416],"product_tag":[],"class_list":{"0":"post-102356","1":"product","2":"type-product","3":"status-publish","4":"has-post-thumbnail","6":"product_cat-celulares-y-tablets","7":"product_cat-accesorios-para-celular","8":"product_cat-cargadores","9":"product_cat-todos-los-accesorios-para-celulares","11":"first","12":"instock","13":"sale","14":"shipping-taxable","15":"purchasable","16":"product-type-simple"},"acf":[],"_links":{"self":[{"href":"https:\/\/defabrica.com.mx\/defabrica\/wp-json\/wp\/v2\/product\/102356","targetHints":{"allow":["GET"]}}],"collection":[{"href":"https:\/\/defabrica.com.mx\/defabrica\/wp-json\/wp\/v2\/product"}],"about":[{"href":"https:\/\/defabrica.com.mx\/defabrica\/wp-json\/wp\/v2\/types\/product"}],"replies":[{"embeddable":true,"href":"https:\/\/defabrica.com.mx\/defabrica\/wp-json\/wp\/v2\/comments?post=102356"}],"wp:featuredmedia":[{"embeddable":true,"href":"https:\/\/defabrica.com.mx\/defabrica\/wp-json\/wp\/v2\/media\/102357"}],"wp:attachment":[{"href":"https:\/\/defabrica.com.mx\/defabrica\/wp-json\/wp\/v2\/media?parent=102356"}],"wp:term":[{"taxonomy":"product_brand","embeddable":true,"href":"https:\/\/defabrica.com.mx\/defabrica\/wp-json\/wp\/v2\/product_brand?post=102356"},{"taxonomy":"product_cat","embeddable":true,"href":"https:\/\/defabrica.com.mx\/defabrica\/wp-json\/wp\/v2\/product_cat?post=102356"},{"taxonomy":"product_tag","embeddable":true,"href":"https:\/\/defabrica.com.mx\/defabrica\/wp-json\/wp\/v2\/product_tag?post=102356"}],"curies":[{"name":"wp","href":"https:\/\/api.w.org\/{rel}","templated":true}]}}