{"id":102205,"date":"2022-12-13T12:46:29","date_gmt":"2022-12-13T18:46:29","guid":{"rendered":"https:\/\/defabrica.com.mx\/defabrica\/?post_type=product&#038;p=102205"},"modified":"2022-12-13T12:46:29","modified_gmt":"2022-12-13T18:46:29","slug":"funda-esr-project-zero-para-iphone-13-pro-transparente-plata","status":"publish","type":"product","link":"https:\/\/defabrica.com.mx\/defabrica\/producto\/funda-esr-project-zero-para-iphone-13-pro-transparente-plata\/","title":{"rendered":"Funda ESR Project Zero para iPhone 13 PRO Transparente Plata"},"content":{"rendered":"<ul>\n<li>Compatible solo para para<b>\u00a0iPhone 13 PRO (NO para 13 Normal ni para Max)<\/b><\/li>\n<li>Fabricada en TPU suave.<\/li>\n<li>Ultra Delgada : 1.1mm de espesor<\/li>\n<li>Marco realzado en pantalla y c\u00e1mara para brindar m\u00e1s protecci\u00f3n.<\/li>\n<li>Materiales de alta calidad para reducir el tono \u00abamarillo\u00bb caracter\u00edstico de los protectores transparentes al paso del tiempo.<\/li>\n<li>Micro puntos para reducir el efecto \u00abagua\u00bb en el respaldo.<\/li>\n<li>Protege manteniendo el tel\u00e9fono ligero.<\/li>\n<li>Compatible con carga inal\u00e1mbrica.<\/li>\n<\/ul>\n","protected":false},"excerpt":{"rendered":"<p>Compatible solo para para\u00a0iPhone 13 PRO (NO para 13 Normal ni para Max) Fabricada en TPU suave. Ultra Delgada : 1.1mm de espesor Marco realzado en pantalla y c\u00e1mara para<\/p>\n","protected":false},"featured_media":102206,"comment_status":"open","ping_status":"closed","template":"","meta":{"_acf_changed":false,"_joinchat":[]},"product_brand":[],"product_cat":[408,275,412,416],"product_tag":[],"class_list":{"0":"post-102205","1":"product","2":"type-product","3":"status-publish","4":"has-post-thumbnail","6":"product_cat-celulares-y-tablets","7":"product_cat-accesorios-para-celular","8":"product_cat-cases-y-fundas","9":"product_cat-todos-los-accesorios-para-celulares","11":"first","12":"instock","13":"sale","14":"shipping-taxable","15":"purchasable","16":"product-type-simple"},"acf":[],"_links":{"self":[{"href":"https:\/\/defabrica.com.mx\/defabrica\/wp-json\/wp\/v2\/product\/102205","targetHints":{"allow":["GET"]}}],"collection":[{"href":"https:\/\/defabrica.com.mx\/defabrica\/wp-json\/wp\/v2\/product"}],"about":[{"href":"https:\/\/defabrica.com.mx\/defabrica\/wp-json\/wp\/v2\/types\/product"}],"replies":[{"embeddable":true,"href":"https:\/\/defabrica.com.mx\/defabrica\/wp-json\/wp\/v2\/comments?post=102205"}],"wp:featuredmedia":[{"embeddable":true,"href":"https:\/\/defabrica.com.mx\/defabrica\/wp-json\/wp\/v2\/media\/102206"}],"wp:attachment":[{"href":"https:\/\/defabrica.com.mx\/defabrica\/wp-json\/wp\/v2\/media?parent=102205"}],"wp:term":[{"taxonomy":"product_brand","embeddable":true,"href":"https:\/\/defabrica.com.mx\/defabrica\/wp-json\/wp\/v2\/product_brand?post=102205"},{"taxonomy":"product_cat","embeddable":true,"href":"https:\/\/defabrica.com.mx\/defabrica\/wp-json\/wp\/v2\/product_cat?post=102205"},{"taxonomy":"product_tag","embeddable":true,"href":"https:\/\/defabrica.com.mx\/defabrica\/wp-json\/wp\/v2\/product_tag?post=102205"}],"curies":[{"name":"wp","href":"https:\/\/api.w.org\/{rel}","templated":true}]}}