{"id":102168,"date":"2022-12-13T12:15:23","date_gmt":"2022-12-13T18:15:23","guid":{"rendered":"https:\/\/defabrica.com.mx\/defabrica\/?post_type=product&#038;p=102168"},"modified":"2022-12-13T12:19:13","modified_gmt":"2022-12-13T18:19:13","slug":"funda-esr-air-armor-para-iphone-13-pro-transparente","status":"publish","type":"product","link":"https:\/\/defabrica.com.mx\/defabrica\/producto\/funda-esr-air-armor-para-iphone-13-pro-transparente\/","title":{"rendered":"Funda ESR Air Armor para iPhone 13 PRO Transparente"},"content":{"rendered":"<ul>\n<li>Compatible solo para<b>\u00a0iPhone 13 PRO (NO para 13\u00a0normal ni para Max)<\/b><\/li>\n<li>Dise\u00f1ada con esquinas \u00abAir-Guard\u00bb que absorben impactos y protegen contra caidas.<\/li>\n<li>Protecci\u00f3n H\u00edbrida : Combinaci\u00f3n de un respaldo r\u00edgido de Policarbonato con un marco de TPU y esquinas absorbe impactos, esta funda ofrece una gran protecci\u00f3n sin sacrificar claridad y elegancia.<\/li>\n<li>Contorno elevado para proteger la pantalla y c\u00e1maras.<\/li>\n<li>Respaldo r\u00edgido que protege al mismo tiempo de mantener la elegancia.<\/li>\n<li>Un dise\u00f1o transparente mantiene la belleza de tu tel\u00e9fono.<\/li>\n<li>El bumper de TPU ofrece un gran agarre evitando que el tel\u00e9fono resbale de tu mano.<\/li>\n<li>Compatible con carga inal\u00e1mbrica.<\/li>\n<\/ul>\n","protected":false},"excerpt":{"rendered":"<p>Compatible solo para\u00a0iPhone 13 PRO (NO para 13\u00a0normal ni para Max) Dise\u00f1ada con esquinas \u00abAir-Guard\u00bb que absorben impactos y protegen contra caidas. Protecci\u00f3n H\u00edbrida : Combinaci\u00f3n de un respaldo r\u00edgido<\/p>\n","protected":false},"featured_media":102172,"comment_status":"open","ping_status":"closed","template":"","meta":{"_acf_changed":false,"_joinchat":[]},"product_brand":[],"product_cat":[408,275,412],"product_tag":[],"class_list":{"0":"post-102168","1":"product","2":"type-product","3":"status-publish","4":"has-post-thumbnail","6":"product_cat-celulares-y-tablets","7":"product_cat-accesorios-para-celular","8":"product_cat-cases-y-fundas","10":"first","11":"instock","12":"sale","13":"shipping-taxable","14":"purchasable","15":"product-type-simple"},"acf":[],"_links":{"self":[{"href":"https:\/\/defabrica.com.mx\/defabrica\/wp-json\/wp\/v2\/product\/102168","targetHints":{"allow":["GET"]}}],"collection":[{"href":"https:\/\/defabrica.com.mx\/defabrica\/wp-json\/wp\/v2\/product"}],"about":[{"href":"https:\/\/defabrica.com.mx\/defabrica\/wp-json\/wp\/v2\/types\/product"}],"replies":[{"embeddable":true,"href":"https:\/\/defabrica.com.mx\/defabrica\/wp-json\/wp\/v2\/comments?post=102168"}],"wp:featuredmedia":[{"embeddable":true,"href":"https:\/\/defabrica.com.mx\/defabrica\/wp-json\/wp\/v2\/media\/102172"}],"wp:attachment":[{"href":"https:\/\/defabrica.com.mx\/defabrica\/wp-json\/wp\/v2\/media?parent=102168"}],"wp:term":[{"taxonomy":"product_brand","embeddable":true,"href":"https:\/\/defabrica.com.mx\/defabrica\/wp-json\/wp\/v2\/product_brand?post=102168"},{"taxonomy":"product_cat","embeddable":true,"href":"https:\/\/defabrica.com.mx\/defabrica\/wp-json\/wp\/v2\/product_cat?post=102168"},{"taxonomy":"product_tag","embeddable":true,"href":"https:\/\/defabrica.com.mx\/defabrica\/wp-json\/wp\/v2\/product_tag?post=102168"}],"curies":[{"name":"wp","href":"https:\/\/api.w.org\/{rel}","templated":true}]}}