{"id":101871,"date":"2022-12-05T17:36:46","date_gmt":"2022-12-05T23:36:46","guid":{"rendered":"https:\/\/defabrica.com.mx\/defabrica\/?post_type=product&#038;p=101871"},"modified":"2022-12-05T17:40:29","modified_gmt":"2022-12-05T23:40:29","slug":"6v-bumber-car-pilas","status":"publish","type":"product","link":"https:\/\/defabrica.com.mx\/defabrica\/producto\/6v-bumber-car-pilas\/","title":{"rendered":"6V Bumber Car &#8211; Juguete para ni\u00f1os"},"content":{"rendered":"<p>Flybar de 6 V para ni\u00f1os de 1,5 a 4 a\u00f1os ofrece sonrisas, risas y entretenimiento sin pantallas.\u00a0Este juguete para montar en auto chocador gira 360 grados y es capaz de sostener a ni\u00f1os de hasta 66 libras.\u00a0\u00a1Prep\u00e1rese para verlos girar y ver c\u00f3mo la cara de su hijo se ilumina de alegr\u00eda!\u00a0Este coche de choque para beb\u00e9 permite que los ni\u00f1os se deslicen por la casa mientras corren, persiguen, giran y chocan.\u00a0Los m\u00e1s peque\u00f1os pueden dirigir el coche para ni\u00f1os desde el asiento del conductor con los joysticks f\u00e1ciles de usar.\u00a0El veh\u00edculo el\u00e9ctrico funciona con una bater\u00eda integrada de 6 V y viene con un cargador de pared de 120 V.\u00a0La bater\u00eda es recargable, por lo que se asegurar\u00e1 de disfrutar mucho a medida que crece su peque\u00f1o.\u00a0Construido pensando en la diversi\u00f3n y la seguridad, este auto chocador el\u00e9ctrico para ni\u00f1os realiza giros de 360 \u200b\u200bgrados, incluye emocionantes luces LED intermitentes y alcanza una velocidad m\u00e1xima de 1 MPH.<\/p>\n","protected":false},"excerpt":{"rendered":"<p>Flybar de 6 V para ni\u00f1os de 1,5 a 4 a\u00f1os ofrece sonrisas, risas y entretenimiento sin pantallas.\u00a0Este juguete para montar en auto chocador gira 360 grados y es capaz<\/p>\n","protected":false},"featured_media":101876,"comment_status":"open","ping_status":"closed","template":"","meta":{"_acf_changed":false,"_joinchat":[]},"product_brand":[],"product_cat":[1519,886,1097,1193],"product_tag":[],"class_list":{"0":"post-101871","1":"product","2":"type-product","3":"status-publish","4":"has-post-thumbnail","6":"product_cat-ofertas-jugycol","7":"product_cat-juguetesycoleccionables","8":"product_cat-juguetes","9":"product_cat-montables-y-control-remoto","11":"first","12":"instock","13":"sale","14":"shipping-taxable","15":"purchasable","16":"product-type-variable","17":"has-default-attributes"},"acf":[],"_links":{"self":[{"href":"https:\/\/defabrica.com.mx\/defabrica\/wp-json\/wp\/v2\/product\/101871","targetHints":{"allow":["GET"]}}],"collection":[{"href":"https:\/\/defabrica.com.mx\/defabrica\/wp-json\/wp\/v2\/product"}],"about":[{"href":"https:\/\/defabrica.com.mx\/defabrica\/wp-json\/wp\/v2\/types\/product"}],"replies":[{"embeddable":true,"href":"https:\/\/defabrica.com.mx\/defabrica\/wp-json\/wp\/v2\/comments?post=101871"}],"wp:featuredmedia":[{"embeddable":true,"href":"https:\/\/defabrica.com.mx\/defabrica\/wp-json\/wp\/v2\/media\/101876"}],"wp:attachment":[{"href":"https:\/\/defabrica.com.mx\/defabrica\/wp-json\/wp\/v2\/media?parent=101871"}],"wp:term":[{"taxonomy":"product_brand","embeddable":true,"href":"https:\/\/defabrica.com.mx\/defabrica\/wp-json\/wp\/v2\/product_brand?post=101871"},{"taxonomy":"product_cat","embeddable":true,"href":"https:\/\/defabrica.com.mx\/defabrica\/wp-json\/wp\/v2\/product_cat?post=101871"},{"taxonomy":"product_tag","embeddable":true,"href":"https:\/\/defabrica.com.mx\/defabrica\/wp-json\/wp\/v2\/product_tag?post=101871"}],"curies":[{"name":"wp","href":"https:\/\/api.w.org\/{rel}","templated":true}]}}