{"id":101746,"date":"2022-12-01T10:39:00","date_gmt":"2022-12-01T16:39:00","guid":{"rendered":"https:\/\/defabrica.com.mx\/defabrica\/?post_type=product&#038;p=101746"},"modified":"2022-12-01T10:39:00","modified_gmt":"2022-12-01T16:39:00","slug":"marvel-sentinel-spider-marvel-series-2","status":"publish","type":"product","link":"https:\/\/defabrica.com.mx\/defabrica\/producto\/marvel-sentinel-spider-marvel-series-2\/","title":{"rendered":"Marvel-Sentinel Spider Marvel Series 2"},"content":{"rendered":"<div id=\"productDescription_feature_div\" class=\"celwidget\" data-feature-name=\"productDescription\" data-csa-c-type=\"widget\" data-csa-c-content-id=\"productDescription\" data-csa-c-slot-id=\"productDescription_feature_div\" data-csa-c-asin=\"\" data-csa-c-is-in-initial-active-row=\"false\" data-csa-c-id=\"teu5b3-puru62-9zpyvv-9hot6e\" data-cel-widget=\"productDescription_feature_div\">\n<div>\n<div id=\"productDescription_feature_div\" class=\"a-row feature\" data-feature-name=\"productDescription\" data-template-name=\"productDescription\" data-cel-widget=\"productDescription_feature_div\">\n<div id=\"productDescription\" class=\"a-section a-spacing-small\">\n<p>\u00abIron Spider\u00bb viene como el segundo art\u00edculo de una serie de figuras de acci\u00f3n de Marvel de Sentinel. En esta innovadora serie, el cuerpo humano estar\u00e1 cubierto de un \u00abtraje\u00bb, mientras que cada punto articular est\u00e1 cuidadosamente dise\u00f1ado para buscar una articulaci\u00f3n lo m\u00e1s cercana posible a la de un verdadero cuerpo humano. La fundici\u00f3n a presi\u00f3n se utiliza en varias partes para reproducir la sensaci\u00f3n de pesadez y las piezas transparentes se utilizan en ojos y pecho para una sensaci\u00f3n de alta gama. La figura viene con brazos de ara\u00f1a mec\u00e1nicos que se pueden equipar en la parte posterior. Tambi\u00e9n se incluye un soporte de exhibici\u00f3n ajustable para posturas a\u00e9reas. Busca el origen del env\u00edo: solo los art\u00edculos enviados desde dentro de Am\u00e9rica del Norte est\u00e1n siendo vendidos por autorizado de EE. UU. Minoristas. La caja del producto tendr\u00e1 una etiqueta de advertencia de aleta roja, que es prueba de que est\u00e1s comprando un producto con licencia oficial, distribuido por su distribuidor \u00fanico y autorizado (Bluefin) para los mercados de Estados Unidos. Este producto ha sido probado a fondo para seguridad y cumple con todas las normas de seguridad de productos de consumo de Am\u00e9rica del Norte. La etiqueta adjunta tambi\u00e9n da derecho al comprador a asistencia de soporte de productos dentro de los Estados Unidos\u00bb<\/p>\n<\/div>\n<\/div>\n<\/div>\n<\/div>\n<div id=\"importantInformation_feature_div\" class=\"celwidget\" data-feature-name=\"importantInformation\" data-csa-c-type=\"widget\" data-csa-c-content-id=\"importantInformation\" data-csa-c-slot-id=\"importantInformation_feature_div\" data-csa-c-asin=\"\" data-csa-c-is-in-initial-active-row=\"false\" data-csa-c-id=\"kckxnm-b156jq-sdvy7j-al65o2\" data-cel-widget=\"importantInformation_feature_div\">\n<div class=\"a-divider a-divider-section\"><\/div>\n<\/div>\n","protected":false},"excerpt":{"rendered":"<p>\u00abIron Spider\u00bb viene como el segundo art\u00edculo de una serie de figuras de acci\u00f3n de Marvel de Sentinel. En esta innovadora serie, el cuerpo humano estar\u00e1 cubierto de un \u00abtraje\u00bb,<\/p>\n","protected":false},"featured_media":101748,"comment_status":"open","ping_status":"closed","template":"","meta":{"_acf_changed":false,"_joinchat":[]},"product_brand":[],"product_cat":[886,1097,1202],"product_tag":[],"class_list":{"0":"post-101746","1":"product","2":"type-product","3":"status-publish","4":"has-post-thumbnail","6":"product_cat-juguetesycoleccionables","7":"product_cat-juguetes","8":"product_cat-figuras-de-accion-y-coleccionables","10":"first","11":"instock","12":"sale","13":"shipping-taxable","14":"purchasable","15":"product-type-simple"},"acf":[],"_links":{"self":[{"href":"https:\/\/defabrica.com.mx\/defabrica\/wp-json\/wp\/v2\/product\/101746","targetHints":{"allow":["GET"]}}],"collection":[{"href":"https:\/\/defabrica.com.mx\/defabrica\/wp-json\/wp\/v2\/product"}],"about":[{"href":"https:\/\/defabrica.com.mx\/defabrica\/wp-json\/wp\/v2\/types\/product"}],"replies":[{"embeddable":true,"href":"https:\/\/defabrica.com.mx\/defabrica\/wp-json\/wp\/v2\/comments?post=101746"}],"wp:featuredmedia":[{"embeddable":true,"href":"https:\/\/defabrica.com.mx\/defabrica\/wp-json\/wp\/v2\/media\/101748"}],"wp:attachment":[{"href":"https:\/\/defabrica.com.mx\/defabrica\/wp-json\/wp\/v2\/media?parent=101746"}],"wp:term":[{"taxonomy":"product_brand","embeddable":true,"href":"https:\/\/defabrica.com.mx\/defabrica\/wp-json\/wp\/v2\/product_brand?post=101746"},{"taxonomy":"product_cat","embeddable":true,"href":"https:\/\/defabrica.com.mx\/defabrica\/wp-json\/wp\/v2\/product_cat?post=101746"},{"taxonomy":"product_tag","embeddable":true,"href":"https:\/\/defabrica.com.mx\/defabrica\/wp-json\/wp\/v2\/product_tag?post=101746"}],"curies":[{"name":"wp","href":"https:\/\/api.w.org\/{rel}","templated":true}]}}