{"id":101531,"date":"2022-11-24T14:00:26","date_gmt":"2022-11-24T20:00:26","guid":{"rendered":"https:\/\/defabrica.com.mx\/defabrica\/?post_type=product&#038;p=101531"},"modified":"2022-11-24T14:01:09","modified_gmt":"2022-11-24T20:01:09","slug":"drive-medical-drive-medical-scout-patineta-de-potencia-de-viaje-compacta-4-ruedas-bateria-recargable","status":"publish","type":"product","link":"https:\/\/defabrica.com.mx\/defabrica\/producto\/drive-medical-drive-medical-scout-patineta-de-potencia-de-viaje-compacta-4-ruedas-bateria-recargable\/","title":{"rendered":"Drive Medical Drive Medical Scout &#8211; Patineta de potencia de viaje compacta, 4 ruedas- Bateria recargable"},"content":{"rendered":"<div id=\"featurebullets_feature_div\" class=\"celwidget\" data-feature-name=\"featurebullets\" data-csa-c-type=\"widget\" data-csa-c-content-id=\"featurebullets\" data-csa-c-slot-id=\"featurebullets_feature_div\" data-csa-c-asin=\"B07HGCTQ6S\" data-csa-c-is-in-initial-active-row=\"false\" data-csa-c-id=\"rxzp7u-67kyzn-dn4809-zg79sg\" data-cel-widget=\"featurebullets_feature_div\">\n<div id=\"feature-bullets\" class=\"a-section a-spacing-medium a-spacing-top-small\">\n<ul class=\"a-unordered-list a-vertical a-spacing-mini\">\n<li><span class=\"a-list-item\">Desmontaje r\u00e1pido y f\u00e1cil; paneles de color intercambiables que ocultan rozaduras y ara\u00f1azos<\/span><\/li>\n<li><span class=\"a-list-item\">Asiento giratorio ajustable en altura con respaldo plegable; los reposabrazos est\u00e1n acolchados y ajustables; viene con una gran cesta de transporte de pl\u00e1stico<\/span><\/li>\n<li><span class=\"a-list-item\">El timbre Delta es f\u00e1cil de ajustar; control ergon\u00f3mico del acelerador con f\u00e1cil funcionamiento de rueda libre<\/span><\/li>\n<li><span class=\"a-list-item\">Neum\u00e1ticos planos que no dejan marcas con ruedas antipunta. Altura del suelo al asiento: 17 &#8211; 19 pulgadas, ruedas delanteras y traseras: 8 x 2 pulgadas sin plano<\/span><\/li>\n<li><span class=\"a-list-item\">Ancho del asiento: 16.5 pulgadas; velocidad m\u00e1xima: 4.25 MPH; \u00e1ngulo de escalada: 6 grados; rango m\u00e1ximo: 15 millas; motor: 24 V x 270 W x 4700 RPM; radio de giro: 53.75 pulgadas; distancia al suelo: 2.5 pulgadas; capacidad de peso: 300 libras<\/span><\/li>\n<\/ul>\n<\/div>\n<\/div>\n<div id=\"provenanceCertifications_feature_div\" class=\"celwidget\" data-feature-name=\"provenanceCertifications\" data-csa-c-type=\"widget\" data-csa-c-content-id=\"provenanceCertifications\" data-csa-c-slot-id=\"provenanceCertifications_feature_div\" data-csa-c-asin=\"B07HGCTQ6S\" data-csa-c-is-in-initial-active-row=\"false\" data-csa-c-id=\"lkfls8-ir1l9f-52jcuh-73a0rz\" data-cel-widget=\"provenanceCertifications_feature_div\"><\/div>\n<div id=\"serviceCapabilities_feature_div\" class=\"celwidget\" data-feature-name=\"serviceCapabilities\" data-csa-c-type=\"widget\" data-csa-c-content-id=\"serviceCapabilities\" data-csa-c-slot-id=\"serviceCapabilities_feature_div\" data-csa-c-asin=\"B07HGCTQ6S\" data-csa-c-is-in-initial-active-row=\"false\" data-csa-c-id=\"nkislf-2tb33n-itt8aj-1l3zbs\" data-cel-widget=\"serviceCapabilities_feature_div\"><\/div>\n","protected":false},"excerpt":{"rendered":"<p>Desmontaje r\u00e1pido y f\u00e1cil; paneles de color intercambiables que ocultan rozaduras y ara\u00f1azos Asiento giratorio ajustable en altura con respaldo plegable; los reposabrazos est\u00e1n acolchados y ajustables; viene con una<\/p>\n","protected":false},"featured_media":101533,"comment_status":"open","ping_status":"closed","template":"","meta":{"_acf_changed":false,"_joinchat":[]},"product_brand":[],"product_cat":[886,1097,1197],"product_tag":[],"class_list":{"0":"post-101531","1":"product","2":"type-product","3":"status-publish","4":"has-post-thumbnail","6":"product_cat-juguetesycoleccionables","7":"product_cat-juguetes","8":"product_cat-patines-y-scooters","10":"first","11":"instock","12":"sale","13":"shipping-taxable","14":"purchasable","15":"product-type-simple"},"acf":[],"_links":{"self":[{"href":"https:\/\/defabrica.com.mx\/defabrica\/wp-json\/wp\/v2\/product\/101531","targetHints":{"allow":["GET"]}}],"collection":[{"href":"https:\/\/defabrica.com.mx\/defabrica\/wp-json\/wp\/v2\/product"}],"about":[{"href":"https:\/\/defabrica.com.mx\/defabrica\/wp-json\/wp\/v2\/types\/product"}],"replies":[{"embeddable":true,"href":"https:\/\/defabrica.com.mx\/defabrica\/wp-json\/wp\/v2\/comments?post=101531"}],"wp:featuredmedia":[{"embeddable":true,"href":"https:\/\/defabrica.com.mx\/defabrica\/wp-json\/wp\/v2\/media\/101533"}],"wp:attachment":[{"href":"https:\/\/defabrica.com.mx\/defabrica\/wp-json\/wp\/v2\/media?parent=101531"}],"wp:term":[{"taxonomy":"product_brand","embeddable":true,"href":"https:\/\/defabrica.com.mx\/defabrica\/wp-json\/wp\/v2\/product_brand?post=101531"},{"taxonomy":"product_cat","embeddable":true,"href":"https:\/\/defabrica.com.mx\/defabrica\/wp-json\/wp\/v2\/product_cat?post=101531"},{"taxonomy":"product_tag","embeddable":true,"href":"https:\/\/defabrica.com.mx\/defabrica\/wp-json\/wp\/v2\/product_tag?post=101531"}],"curies":[{"name":"wp","href":"https:\/\/api.w.org\/{rel}","templated":true}]}}