{"id":101525,"date":"2022-11-24T13:50:50","date_gmt":"2022-11-24T19:50:50","guid":{"rendered":"https:\/\/defabrica.com.mx\/defabrica\/?post_type=product&#038;p=101525"},"modified":"2022-11-24T13:50:50","modified_gmt":"2022-11-24T19:50:50","slug":"scooter-de-movilidad-de-3-ruedas-de-calidad-profesional-de-travel-pro-por-pride-recargable","status":"publish","type":"product","link":"https:\/\/defabrica.com.mx\/defabrica\/producto\/scooter-de-movilidad-de-3-ruedas-de-calidad-profesional-de-travel-pro-por-pride-recargable\/","title":{"rendered":"Scooter de movilidad de 3 ruedas de calidad profesional de Travel Pro por Pride &#8211; Recargable"},"content":{"rendered":"<div id=\"featurebullets_feature_div\" class=\"celwidget\" data-feature-name=\"featurebullets\" data-csa-c-type=\"widget\" data-csa-c-content-id=\"featurebullets\" data-csa-c-slot-id=\"featurebullets_feature_div\" data-csa-c-asin=\"B079SMBL4W\" data-csa-c-is-in-initial-active-row=\"false\" data-cel-widget=\"featurebullets_feature_div\" data-csa-c-id=\"xo23ho-rmr7yp-d1i2y3-700cwk\">\n<div id=\"feature-bullets\" class=\"a-section a-spacing-medium a-spacing-top-small\">\n<ul class=\"a-unordered-list a-vertical a-spacing-mini\">\n<li><span class=\"a-list-item\">Maniobrabilidad: el scooter de movilidad Travel Pro Premium de 3 ruedas de Pride proporciona maniobrabilidad en espacios reducidos con un radio amplio de giros y una conducci\u00f3n suave. Ofrece los beneficios de un scooter de movilidad de alta gama como velocidad m\u00e1xima de 6.4 km\/h con un rango de desplazamiento de 10 kil\u00f3metros, neum\u00e1ticos que no se desinflan, controles de avance y marcha atr\u00e1s, y una capacidad de peso de 125 kilos.<\/span><\/li>\n<li><span class=\"a-list-item\">Transportable: dise\u00f1ado para un f\u00e1cil transporte, este scooter se puede desmontar r\u00e1pidamente en 5 piezas ligeras que se ajustan f\u00e1cilmente en el maletero de un sed\u00e1n de tama\u00f1o medio. La pieza m\u00e1s pesada es de solo 12.5 kg, lo suficientemente ligera para que la mayor\u00eda de los usuarios puedan cargarla.<\/span><\/li>\n<li><span class=\"a-list-item\">Comodidad: viaja con comodidad y estilo. Este scooter cuenta con un atractivo asiento de cuero sint\u00e9tico totalmente acolchado que ofrece una altura ajustable para usuarios de casi cualquier estatura, as\u00ed como reposabrazos acolchados que se abren hacia los lados para subir y bajar c\u00f3modamente, y un pr\u00e1ctico canasto frontal para guardar objetos personales.<\/span><\/li>\n<li><span class=\"a-list-item\">Usos: ya sea que t\u00fa o tus seres queridos necesiten moverse por la casa y salir de compras o deseen la libertad de viajar y estar en contacto con la familia, con este scooter se puede maniobrar f\u00e1cilmente alrededor de pasillos y puertas y es lo suficientemente compacto para llevarlo de viaje.<\/span><\/li>\n<li><span class=\"a-list-item\">Especificaciones: incluye un soporte para taza. Ancho total: Longitud total: 94\u00a0cm. Ancho del asiento: Altura m\u00e1xima del asiento a la cubierta: 43\u00a0cm. 43 cm.<\/span><\/li>\n<\/ul>\n<\/div>\n<\/div>\n<div id=\"provenanceCertifications_feature_div\" class=\"celwidget\" data-feature-name=\"provenanceCertifications\" data-csa-c-type=\"widget\" data-csa-c-content-id=\"provenanceCertifications\" data-csa-c-slot-id=\"provenanceCertifications_feature_div\" data-csa-c-asin=\"B079SMBL4W\" data-csa-c-is-in-initial-active-row=\"false\" data-cel-widget=\"provenanceCertifications_feature_div\" data-csa-c-id=\"jua4tf-dwvgt5-tojdq6-uqfxpp\"><\/div>\n<div id=\"serviceCapabilities_feature_div\" class=\"celwidget\" data-feature-name=\"serviceCapabilities\" data-csa-c-type=\"widget\" data-csa-c-content-id=\"serviceCapabilities\" data-csa-c-slot-id=\"serviceCapabilities_feature_div\" data-csa-c-asin=\"B079SMBL4W\" data-csa-c-is-in-initial-active-row=\"false\" data-cel-widget=\"serviceCapabilities_feature_div\" data-csa-c-id=\"yxig3v-1n6hn8-byd17f-sn1l77\"><\/div>\n","protected":false},"excerpt":{"rendered":"<p>Maniobrabilidad: el scooter de movilidad Travel Pro Premium de 3 ruedas de Pride proporciona maniobrabilidad en espacios reducidos con un radio amplio de giros y una conducci\u00f3n suave. Ofrece los<\/p>\n","protected":false},"featured_media":101526,"comment_status":"open","ping_status":"closed","template":"","meta":{"_acf_changed":false,"_joinchat":[]},"product_brand":[],"product_cat":[886,1097,1197],"product_tag":[],"class_list":{"0":"post-101525","1":"product","2":"type-product","3":"status-publish","4":"has-post-thumbnail","6":"product_cat-juguetesycoleccionables","7":"product_cat-juguetes","8":"product_cat-patines-y-scooters","10":"first","11":"instock","12":"sale","13":"shipping-taxable","14":"purchasable","15":"product-type-simple"},"acf":[],"_links":{"self":[{"href":"https:\/\/defabrica.com.mx\/defabrica\/wp-json\/wp\/v2\/product\/101525","targetHints":{"allow":["GET"]}}],"collection":[{"href":"https:\/\/defabrica.com.mx\/defabrica\/wp-json\/wp\/v2\/product"}],"about":[{"href":"https:\/\/defabrica.com.mx\/defabrica\/wp-json\/wp\/v2\/types\/product"}],"replies":[{"embeddable":true,"href":"https:\/\/defabrica.com.mx\/defabrica\/wp-json\/wp\/v2\/comments?post=101525"}],"wp:featuredmedia":[{"embeddable":true,"href":"https:\/\/defabrica.com.mx\/defabrica\/wp-json\/wp\/v2\/media\/101526"}],"wp:attachment":[{"href":"https:\/\/defabrica.com.mx\/defabrica\/wp-json\/wp\/v2\/media?parent=101525"}],"wp:term":[{"taxonomy":"product_brand","embeddable":true,"href":"https:\/\/defabrica.com.mx\/defabrica\/wp-json\/wp\/v2\/product_brand?post=101525"},{"taxonomy":"product_cat","embeddable":true,"href":"https:\/\/defabrica.com.mx\/defabrica\/wp-json\/wp\/v2\/product_cat?post=101525"},{"taxonomy":"product_tag","embeddable":true,"href":"https:\/\/defabrica.com.mx\/defabrica\/wp-json\/wp\/v2\/product_tag?post=101525"}],"curies":[{"name":"wp","href":"https:\/\/api.w.org\/{rel}","templated":true}]}}