{"id":101523,"date":"2022-11-24T13:43:06","date_gmt":"2022-11-24T19:43:06","guid":{"rendered":"https:\/\/defabrica.com.mx\/defabrica\/?post_type=product&#038;p=101523"},"modified":"2022-11-24T13:43:06","modified_gmt":"2022-11-24T19:43:06","slug":"scooter-de-4-ruedas-scooter-de-movilidad-plegable-portatil-bateria-extendida-hasta-120kg-hasta-19km-h","status":"publish","type":"product","link":"https:\/\/defabrica.com.mx\/defabrica\/producto\/scooter-de-4-ruedas-scooter-de-movilidad-plegable-portatil-bateria-extendida-hasta-120kg-hasta-19km-h\/","title":{"rendered":"Scooter de 4 ruedas \u2013 Scooter de movilidad plegable port\u00e1til &#8211; Bater\u00eda extendida &#8211; hasta 120kg &#8211; hasta 19km \/h"},"content":{"rendered":"<div id=\"featurebullets_feature_div\" class=\"celwidget\" data-feature-name=\"featurebullets\" data-csa-c-type=\"widget\" data-csa-c-content-id=\"featurebullets\" data-csa-c-slot-id=\"featurebullets_feature_div\" data-csa-c-asin=\"B09CMWPB91\" data-csa-c-is-in-initial-active-row=\"false\" data-csa-c-id=\"e3o4bt-fikedn-9hsrbh-fsjicl\" data-cel-widget=\"featurebullets_feature_div\">\n<div id=\"feature-bullets\" class=\"a-section a-spacing-medium a-spacing-top-small\">\n<ul class=\"a-unordered-list a-vertical a-spacing-mini\">\n<li><span class=\"a-list-item\">Gran movilidad: conduce sobre superficies interiores y exteriores con comodidad. Dise\u00f1ado para soportar hasta 265 libras y viajar hasta 12.4 millas con una sola carga. Radio de giro apretado y gran potencia. Velocidad m\u00e1xima de 3.70 mph. El patinete Zipr Roo de 4 ruedas ofrece a los ciclistas un gran rendimiento.<\/span><\/li>\n<li><span class=\"a-list-item\">Asiento c\u00f3modo: asiento c\u00f3modo acolchado y de apoyo. Altura de la silla f\u00e1cilmente ajustable para una mejor comodidad de conducci\u00f3n. Asiento giratorio para una f\u00e1cil accesibilidad. Amplio espacio de almacenamiento, se incluye una cesta resistente con cada scooter el\u00e9ctrico Zip&#8217;r Roo 4 para silla de ruedas.<\/span><\/li>\n<li><span class=\"a-list-item\">F\u00e1cil de viajar: desmonta f\u00e1cilmente el patinete de movilidad Zip&#8217;r Roo 4 en cinco piezas ligeras, plegables y transportables. Cuenta con un timbre plegable y asiento extra\u00edble. Cabe en el maletero de veh\u00edculos de tama\u00f1o est\u00e1ndar. Patinete de movilidad aprobado por la TSA.<\/span><\/li>\n<li><span class=\"a-list-item\">Controles sencillos: panel de control simple y f\u00e1cil de utilizar. F\u00e1cil de dirigir, cambiar de direcci\u00f3n, comprobar el rango de la bater\u00eda, invertir, encender los faros, utilizar la bocina y ajustar una velocidad m\u00e1xima con el timbre. Con el Zip&#8217;r Roo los controles de movilidad el\u00e9ctricos de 4 ruedas est\u00e1n al alcance de los brazos.<\/span><\/li>\n<li><span class=\"a-list-item\">El Zip&#8217;r Way: en Zip&#8217;r Mobility nos enorgullecemos de nuestros scooters de movilidad, poniendo rigurosamente nuestros scooters de movilidad motorizados a trav\u00e9s de un completo conjunto de pruebas, asegurando calidad y fiabilidad. Nuestra misi\u00f3n en Zip&#8217;r es mejorar la calidad de vida de las familias y las personas a las que servimos.<\/span><\/li>\n<\/ul>\n<\/div>\n<\/div>\n<div id=\"provenanceCertifications_feature_div\" class=\"celwidget\" data-feature-name=\"provenanceCertifications\" data-csa-c-type=\"widget\" data-csa-c-content-id=\"provenanceCertifications\" data-csa-c-slot-id=\"provenanceCertifications_feature_div\" data-csa-c-asin=\"B09CMWPB91\" data-csa-c-is-in-initial-active-row=\"false\" data-csa-c-id=\"6yvvnr-vgu6xu-24wfji-g9xa4v\" data-cel-widget=\"provenanceCertifications_feature_div\">\n<div id=\"provenance-certifications\" class=\"a-section a-spacing-medium a-spacing-top-micro\"><\/div>\n<\/div>\n","protected":false},"excerpt":{"rendered":"<p>Gran movilidad: conduce sobre superficies interiores y exteriores con comodidad. Dise\u00f1ado para soportar hasta 265 libras y viajar hasta 12.4 millas con una sola carga. Radio de giro apretado y<\/p>\n","protected":false},"featured_media":101524,"comment_status":"open","ping_status":"closed","template":"","meta":{"_acf_changed":false,"_joinchat":[]},"product_brand":[],"product_cat":[886,1097,1197],"product_tag":[],"class_list":{"0":"post-101523","1":"product","2":"type-product","3":"status-publish","4":"has-post-thumbnail","6":"product_cat-juguetesycoleccionables","7":"product_cat-juguetes","8":"product_cat-patines-y-scooters","10":"first","11":"instock","12":"sale","13":"shipping-taxable","14":"purchasable","15":"product-type-simple"},"acf":[],"_links":{"self":[{"href":"https:\/\/defabrica.com.mx\/defabrica\/wp-json\/wp\/v2\/product\/101523","targetHints":{"allow":["GET"]}}],"collection":[{"href":"https:\/\/defabrica.com.mx\/defabrica\/wp-json\/wp\/v2\/product"}],"about":[{"href":"https:\/\/defabrica.com.mx\/defabrica\/wp-json\/wp\/v2\/types\/product"}],"replies":[{"embeddable":true,"href":"https:\/\/defabrica.com.mx\/defabrica\/wp-json\/wp\/v2\/comments?post=101523"}],"wp:featuredmedia":[{"embeddable":true,"href":"https:\/\/defabrica.com.mx\/defabrica\/wp-json\/wp\/v2\/media\/101524"}],"wp:attachment":[{"href":"https:\/\/defabrica.com.mx\/defabrica\/wp-json\/wp\/v2\/media?parent=101523"}],"wp:term":[{"taxonomy":"product_brand","embeddable":true,"href":"https:\/\/defabrica.com.mx\/defabrica\/wp-json\/wp\/v2\/product_brand?post=101523"},{"taxonomy":"product_cat","embeddable":true,"href":"https:\/\/defabrica.com.mx\/defabrica\/wp-json\/wp\/v2\/product_cat?post=101523"},{"taxonomy":"product_tag","embeddable":true,"href":"https:\/\/defabrica.com.mx\/defabrica\/wp-json\/wp\/v2\/product_tag?post=101523"}],"curies":[{"name":"wp","href":"https:\/\/api.w.org\/{rel}","templated":true}]}}