{"id":101505,"date":"2022-11-23T14:16:28","date_gmt":"2022-11-23T20:16:28","guid":{"rendered":"https:\/\/defabrica.com.mx\/defabrica\/?post_type=product&#038;p=101505"},"modified":"2023-01-27T13:24:31","modified_gmt":"2023-01-27T19:24:31","slug":"cocomelon-6v-bumper-car-para-ninos-de-18-meses-a-5-anos-maxima-diversion-bateria-recargable-3","status":"publish","type":"product","link":"https:\/\/defabrica.com.mx\/defabrica\/producto\/cocomelon-6v-bumper-car-para-ninos-de-18-meses-a-5-anos-maxima-diversion-bateria-recargable-3\/","title":{"rendered":"CoComelon 6V Bumper Car para ni\u00f1os de 18 meses a 5 a\u00f1os maxima diversion, bateria recargable"},"content":{"rendered":"<p>Gabbys Dollhouse 6V Bumper Car para ni\u00f1os de 1,5 a 4 a\u00f1os ofrece sonrisas y entretenimiento sin pantallas.\u00a0Este juguete para montar en auto chocador gira 360 grados y es capaz de sostener a ni\u00f1os de hasta 66 libras.\u00a0\u00a1Prep\u00e1rese para verlos girar y ver c\u00f3mo la cara de su hijo se ilumina de alegr\u00eda!\u00a0Este coche de choque para beb\u00e9 permite que los ni\u00f1os se deslicen por la casa mientras corren, persiguen, giran y chocan.\u00a0Los m\u00e1s peque\u00f1os pueden dirigir el coche para ni\u00f1os desde el asiento del conductor con los joysticks f\u00e1ciles de usar.\u00a0El veh\u00edculo el\u00e9ctrico funciona con una bater\u00eda integrada de 6 V y viene con un cargador de pared de 120 V.\u00a0La bater\u00eda es recargable, por lo que disfrutar\u00e1 mucho a medida que su peque\u00f1o crezca.\u00a0Construido pensando en la diversi\u00f3n y la seguridad, este auto chocador el\u00e9ctrico para ni\u00f1os realiza giros de 360 \u200b\u200bgrados, incluye emocionantes luces LED intermitentes y alcanza una velocidad m\u00e1xima de 1 MPH.\u00a0Los autos de choque Flybar est\u00e1n hechos con un parachoques de goma suave que protege las paredes y los muebles, y amortigua el impacto durante los juegos de choque.\u00a0Un cintur\u00f3n de seguridad ajustable mantiene a los peque\u00f1os en su lugar y la cubierta de pl\u00e1stico duradero con ruedas antipinchazos es lo suficientemente fuerte como para soportar el tiempo de juego de alta energ\u00eda.<\/p>\n","protected":false},"excerpt":{"rendered":"<p>Gabbys Dollhouse 6V Bumper Car para ni\u00f1os de 1,5 a 4 a\u00f1os ofrece sonrisas y entretenimiento sin pantallas.\u00a0Este juguete para montar en auto chocador gira 360 grados y es capaz<\/p>\n","protected":false},"featured_media":101999,"comment_status":"open","ping_status":"closed","template":"","meta":{"_acf_changed":false,"_joinchat":[]},"product_brand":[],"product_cat":[886,1097,1197],"product_tag":[],"class_list":{"0":"post-101505","1":"product","2":"type-product","3":"status-publish","4":"has-post-thumbnail","6":"product_cat-juguetesycoleccionables","7":"product_cat-juguetes","8":"product_cat-patines-y-scooters","10":"first","11":"instock","12":"sale","13":"shipping-taxable","14":"purchasable","15":"product-type-simple"},"acf":[],"_links":{"self":[{"href":"https:\/\/defabrica.com.mx\/defabrica\/wp-json\/wp\/v2\/product\/101505","targetHints":{"allow":["GET"]}}],"collection":[{"href":"https:\/\/defabrica.com.mx\/defabrica\/wp-json\/wp\/v2\/product"}],"about":[{"href":"https:\/\/defabrica.com.mx\/defabrica\/wp-json\/wp\/v2\/types\/product"}],"replies":[{"embeddable":true,"href":"https:\/\/defabrica.com.mx\/defabrica\/wp-json\/wp\/v2\/comments?post=101505"}],"wp:featuredmedia":[{"embeddable":true,"href":"https:\/\/defabrica.com.mx\/defabrica\/wp-json\/wp\/v2\/media\/101999"}],"wp:attachment":[{"href":"https:\/\/defabrica.com.mx\/defabrica\/wp-json\/wp\/v2\/media?parent=101505"}],"wp:term":[{"taxonomy":"product_brand","embeddable":true,"href":"https:\/\/defabrica.com.mx\/defabrica\/wp-json\/wp\/v2\/product_brand?post=101505"},{"taxonomy":"product_cat","embeddable":true,"href":"https:\/\/defabrica.com.mx\/defabrica\/wp-json\/wp\/v2\/product_cat?post=101505"},{"taxonomy":"product_tag","embeddable":true,"href":"https:\/\/defabrica.com.mx\/defabrica\/wp-json\/wp\/v2\/product_tag?post=101505"}],"curies":[{"name":"wp","href":"https:\/\/api.w.org\/{rel}","templated":true}]}}