{"id":101078,"date":"2022-11-11T15:17:19","date_gmt":"2022-11-11T21:17:19","guid":{"rendered":"https:\/\/defabrica.com.mx\/defabrica\/?post_type=product&#038;p=101078"},"modified":"2023-01-20T21:08:42","modified_gmt":"2023-01-21T03:08:42","slug":"okai-ea10-pro-scooter-electrico-con-asiento-plegable-con-rango-operativo-de-hasta-56-km-y-velocidad-maxima-de-25-km-h","status":"publish","type":"product","link":"https:\/\/defabrica.com.mx\/defabrica\/producto\/okai-ea10-pro-scooter-electrico-con-asiento-plegable-con-rango-operativo-de-hasta-56-km-y-velocidad-maxima-de-25-km-h\/","title":{"rendered":"OKAI &#8211; EA10 Pro Scooter el\u00e9ctrico con asiento plegable con rango operativo de hasta 56 Km y velocidad m\u00e1xima de 25 Km\/h"},"content":{"rendered":"<div class=\"embedded-component-container lv product-description\">\n<div>\n<div id=\"shop-product-description-38934839\" class=\"_none\" data-version=\"1.3.49\">\n<div class=\"shop-product-description\">\n<section class=\"align-heading-left\" data-reactroot=\"\">\n<div class=\"long-description-container body-copy \">\n<div class=\"html-fragment\">OKAI EA10 tiene un dise\u00f1o \u00fanico y elegante.\u00a0Los clientes pueden pintar y agregar calcoman\u00edas para hacer una declaraci\u00f3n personalizada: \u00a1h\u00e1galo usted mismo!\u00a0El Beetle Pro actualizado va m\u00e1s all\u00e1 y comienza m\u00e1s r\u00e1pido: rango de 35 millas con potencia nominal de 350 W;\u00a0Potencia m\u00e1xima de 900W.\u00a0El asiento plegable de dise\u00f1o ergon\u00f3mico est\u00e1 cubierto con espuma memorable, lo que lo convierte en una escena llamativa en el camino.<\/div>\n<\/div>\n<\/section>\n<\/div>\n<\/div>\n<\/div>\n<\/div>\n<div class=\"embedded-component-container lv product-features\">\n<h3><\/h3>\n<h3 class=\"heading-5 v-fw-regular feature-heading\"><strong>Caracter\u00edsticas<\/strong><\/h3>\n<ul>\n<li><strong>Velocidad m\u00e1xima\/Potencia del motor el\u00e9ctrico<\/strong><br \/>\nEl motor de 350 vatios con 28 N.m de torque permite velocidades de hasta 25 km\/h (16 mph) y subidas de pendientes con pendiente del 20 %<\/li>\n<li><strong>Neum\u00e1ticos<\/strong><br \/>\nLos neum\u00e1ticos sin c\u00e1mara de 10 pulgadas y la suspensi\u00f3n de absorci\u00f3n de impactos hacen que cada viaje sea suave y c\u00f3modo<\/li>\n<li><strong>Luz<\/strong><br \/>\nEl EBS y el freno de disco trasero, junto con los faros LED brillantes y las luces de freno, lo ayudan a mantenerse seguro mientras conduce<\/li>\n<li><strong>Informaci\u00f3n NFC<\/strong><br \/>\nIncluye llave NFC para bloquear y desbloquear el scooter para mayor seguridad<\/li>\n<li><strong>Elegante dise\u00f1o \u00fanico<\/strong><br \/>\nEl dise\u00f1o f\u00e1cil de manejar hace que este scooter el\u00e9ctrico con asiento sea ideal para ciclistas principiantes, adolescentes y adultos.<\/li>\n<\/ul>\n<\/div>\n","protected":false},"excerpt":{"rendered":"<p>OKAI EA10 tiene un dise\u00f1o \u00fanico y elegante.\u00a0Los clientes pueden pintar y agregar calcoman\u00edas para hacer una declaraci\u00f3n personalizada: \u00a1h\u00e1galo usted mismo!\u00a0El Beetle Pro actualizado va m\u00e1s all\u00e1 y comienza<\/p>\n","protected":false},"featured_media":101079,"comment_status":"open","ping_status":"closed","template":"","meta":{"_acf_changed":false,"_joinchat":[]},"product_brand":[],"product_cat":[886,1097,1197],"product_tag":[],"class_list":{"0":"post-101078","1":"product","2":"type-product","3":"status-publish","4":"has-post-thumbnail","6":"product_cat-juguetesycoleccionables","7":"product_cat-juguetes","8":"product_cat-patines-y-scooters","10":"first","11":"instock","12":"sale","13":"shipping-taxable","14":"purchasable","15":"product-type-simple"},"acf":[],"_links":{"self":[{"href":"https:\/\/defabrica.com.mx\/defabrica\/wp-json\/wp\/v2\/product\/101078","targetHints":{"allow":["GET"]}}],"collection":[{"href":"https:\/\/defabrica.com.mx\/defabrica\/wp-json\/wp\/v2\/product"}],"about":[{"href":"https:\/\/defabrica.com.mx\/defabrica\/wp-json\/wp\/v2\/types\/product"}],"replies":[{"embeddable":true,"href":"https:\/\/defabrica.com.mx\/defabrica\/wp-json\/wp\/v2\/comments?post=101078"}],"wp:featuredmedia":[{"embeddable":true,"href":"https:\/\/defabrica.com.mx\/defabrica\/wp-json\/wp\/v2\/media\/101079"}],"wp:attachment":[{"href":"https:\/\/defabrica.com.mx\/defabrica\/wp-json\/wp\/v2\/media?parent=101078"}],"wp:term":[{"taxonomy":"product_brand","embeddable":true,"href":"https:\/\/defabrica.com.mx\/defabrica\/wp-json\/wp\/v2\/product_brand?post=101078"},{"taxonomy":"product_cat","embeddable":true,"href":"https:\/\/defabrica.com.mx\/defabrica\/wp-json\/wp\/v2\/product_cat?post=101078"},{"taxonomy":"product_tag","embeddable":true,"href":"https:\/\/defabrica.com.mx\/defabrica\/wp-json\/wp\/v2\/product_tag?post=101078"}],"curies":[{"name":"wp","href":"https:\/\/api.w.org\/{rel}","templated":true}]}}