{"id":101072,"date":"2022-11-11T15:11:48","date_gmt":"2022-11-11T21:11:48","guid":{"rendered":"https:\/\/defabrica.com.mx\/defabrica\/?post_type=product&#038;p=101072"},"modified":"2023-01-20T21:08:19","modified_gmt":"2023-01-21T03:08:19","slug":"segway-d40x-kick-scooter-plus-seat-con-rango-operativo-de-hasta-40-km-y-velocidad-maxima-de-30-km-h","status":"publish","type":"product","link":"https:\/\/defabrica.com.mx\/defabrica\/producto\/segway-d40x-kick-scooter-plus-seat-con-rango-operativo-de-hasta-40-km-y-velocidad-maxima-de-30-km-h\/","title":{"rendered":"Segway &#8211; D40X Kick Scooter plus Seat con rango operativo de hasta 40 Km y velocidad m\u00e1xima de 30 Km\/h"},"content":{"rendered":"<div class=\"embedded-component-container lv product-description\">\n<div>\n<div id=\"shop-product-description-59342924\" class=\"_none\" data-version=\"1.3.49\">\n<div class=\"shop-product-description\">\n<section class=\"align-heading-left\" data-reactroot=\"\">\n<div class=\"long-description-container body-copy \">\n<div class=\"html-fragment\">El asiento Ninebot KickScooter D40X plus tiene todas las caracter\u00edsticas necesarias en un scooter, pero es rentable y ofrece todo lo que necesita en un solo producto.\u00a0El D40X tiene un alcance de 23.6 millas, una velocidad m\u00e1xima de 18.6 mph, llantas grandes de 10\u201d, dise\u00f1o plegable y bloqueo de seguridad Bluetooth para mantener su Kickscooter seguro.\u00a0El D40X cuenta con un asiento extra\u00edble que hace que este scooter sea vers\u00e1til y \u00fanico.<\/div>\n<\/div>\n<\/section>\n<\/div>\n<\/div>\n<\/div>\n<\/div>\n<div class=\"embedded-component-container lv product-features\">\n<h3><\/h3>\n<h3 class=\"heading-5 v-fw-regular feature-heading\"><strong>Caracter\u00edsticas<\/strong><\/h3>\n<div class=\"feature-body-container\">\n<div class=\"features-list-container\">\n<div class=\"features-list all-features\">\n<div class=\"list-row\">\n<ul>\n<li><strong>Asiento removible<\/strong><br \/>\nEl asiento es extra\u00edble en el scooter D40X, lo que lo hace vers\u00e1til y \u00fanico.<\/li>\n<li><strong>Experiencia de conducci\u00f3n elevada<\/strong><br \/>\nLa velocidad de la D40X le permite atravesar la ciudad con una velocidad m\u00e1xima de 18,6 mph<\/li>\n<li><strong>Potente motor<\/strong><br \/>\nLa salida de 350 W proporciona una gran cantidad de torque seg\u00fan demanda, lo que lo ayuda a conquistar pendientes de hasta un 20 %<\/li>\n<li><strong>Movilidad sobresaliente<\/strong><br \/>\nEquipada con una bater\u00eda de alta capacidad, la D40X ofrece un alcance de 23,6 millas. Prep\u00e1rese para nuevas aventuras y viajes m\u00e1s f\u00e1ciles<\/li>\n<li><strong>Tres modos de conducci\u00f3n<\/strong><br \/>\nCambie f\u00e1cilmente entre los tres modos de conducci\u00f3n, Eco, Est\u00e1ndar y Deportivo con dos clics en el panel LED intuitivo, lo que le permite conducir de la manera que desee<\/li>\n<li><strong>Sistema de frenado regenerativo<\/strong><br \/>\nEl D40X tiene un sistema de frenado regenerativo que convierte el scooter en un veh\u00edculo el\u00e9ctrico alimentado por electricidad y energ\u00eda reciclada de la conducci\u00f3n. La energ\u00eda se recolectar\u00e1 del frenado regenerativo y se distribuir\u00e1 cuando necesite un impulso.<\/li>\n<li><strong>Conectividad Bluetooth<\/strong><br \/>\nConecte el D40X con la aplicaci\u00f3n Segway-Ninebot a trav\u00e9s de Bluetooth para controlar su estado y datos de conducci\u00f3n, bloquear su patinete y actualizar el firmware y mejorar la experiencia de conducci\u00f3n en general.<\/li>\n<li><strong>Neum\u00e1ticos KickScooter D40X<\/strong><br \/>\nNeum\u00e1ticos de 10 pulgadas con ranuras de agua antideslizantes en la superficie del neum\u00e1tico<\/li>\n<li><strong>Tama\u00f1o y peso del asiento<\/strong><br \/>\n13,6 L \u00d7 8,07 W \u00d7 25,2 H pulg. El peso es de 22 lb. La carga m\u00e1xima de peso es de 265 libras. El asiento es removible y tiene una altura de 22\u00bb<\/li>\n<li><strong>Material del asiento<\/strong><br \/>\nEl asiento est\u00e1 hecho con una esponja de espuma altamente el\u00e1stica y cuenta con un poste doble estable<\/li>\n<li><strong>Bater\u00eda y tiempo de carga<\/strong><br \/>\nLa carga completa de la bater\u00eda es de aproximadamente 6,5 horas. El sistema de gesti\u00f3n de la bater\u00eda controla la protecci\u00f3n contra sobrecalentamiento, cortocircuito y sobrecarga<\/li>\n<li><strong>Asamblea<\/strong><br \/>\nSe requiere montaje parcial<\/li>\n<\/ul>\n<\/div>\n<\/div>\n<\/div>\n<\/div>\n<\/div>\n","protected":false},"excerpt":{"rendered":"<p>El asiento Ninebot KickScooter D40X plus tiene todas las caracter\u00edsticas necesarias en un scooter, pero es rentable y ofrece todo lo que necesita en un solo producto.\u00a0El D40X tiene un<\/p>\n","protected":false},"featured_media":101073,"comment_status":"open","ping_status":"closed","template":"","meta":{"_acf_changed":false,"_joinchat":[]},"product_brand":[],"product_cat":[886,1097,1197],"product_tag":[],"class_list":{"0":"post-101072","1":"product","2":"type-product","3":"status-publish","4":"has-post-thumbnail","6":"product_cat-juguetesycoleccionables","7":"product_cat-juguetes","8":"product_cat-patines-y-scooters","10":"first","11":"instock","12":"sale","13":"shipping-taxable","14":"purchasable","15":"product-type-simple"},"acf":[],"_links":{"self":[{"href":"https:\/\/defabrica.com.mx\/defabrica\/wp-json\/wp\/v2\/product\/101072","targetHints":{"allow":["GET"]}}],"collection":[{"href":"https:\/\/defabrica.com.mx\/defabrica\/wp-json\/wp\/v2\/product"}],"about":[{"href":"https:\/\/defabrica.com.mx\/defabrica\/wp-json\/wp\/v2\/types\/product"}],"replies":[{"embeddable":true,"href":"https:\/\/defabrica.com.mx\/defabrica\/wp-json\/wp\/v2\/comments?post=101072"}],"wp:featuredmedia":[{"embeddable":true,"href":"https:\/\/defabrica.com.mx\/defabrica\/wp-json\/wp\/v2\/media\/101073"}],"wp:attachment":[{"href":"https:\/\/defabrica.com.mx\/defabrica\/wp-json\/wp\/v2\/media?parent=101072"}],"wp:term":[{"taxonomy":"product_brand","embeddable":true,"href":"https:\/\/defabrica.com.mx\/defabrica\/wp-json\/wp\/v2\/product_brand?post=101072"},{"taxonomy":"product_cat","embeddable":true,"href":"https:\/\/defabrica.com.mx\/defabrica\/wp-json\/wp\/v2\/product_cat?post=101072"},{"taxonomy":"product_tag","embeddable":true,"href":"https:\/\/defabrica.com.mx\/defabrica\/wp-json\/wp\/v2\/product_tag?post=101072"}],"curies":[{"name":"wp","href":"https:\/\/api.w.org\/{rel}","templated":true}]}}