{"id":6524,"date":"2019-09-26T17:43:18","date_gmt":"2019-09-26T22:43:18","guid":{"rendered":"https:\/\/defabrica.com.mx\/defabrica\/?page_id=6524"},"modified":"2022-05-18T18:05:09","modified_gmt":"2022-05-18T23:05:09","slug":"aviso-de-privacidad","status":"publish","type":"page","link":"https:\/\/defabrica.com.mx\/defabrica\/aviso-de-privacidad\/","title":{"rendered":"Aviso de privacidad"},"content":{"rendered":"<div class=\"wpb-content-wrapper\"><p>[vc_row][vc_column][vc_column_text el_class=\u00bbavisodeprivacidad\u00bb]<\/p>\r\n<p><strong>AVISO DE PRIVACIDAD<\/strong><\/p>\r\n<p><strong>DEFABRICA.COM.MX<\/strong>\u00a0(en adelante \u201cdeFabrica\u201d) est\u00e1 comprometida a proteger su privacidad. Adem\u00e1s de lo dispuesto en la ley mexicana correspondiente en la materia, seguimos las mejores pr\u00e1cticas internacionales en el manejo y administraci\u00f3n de datos personales. En todo caso, manejaremos sus datos personales con altos est\u00e1ndares de \u00e9tica, responsabilidad y profesionalismo.<\/p>\r\n<p>Salvo que se indique lo contrario o se establezcan particularidades para cada uno de ellos, este aviso de privacidad es aplicable espec\u00edficamente a la informaci\u00f3n que recopilamos de usted a trav\u00e9s de \u201cel sitio web\u201d:<strong>\u00a0WWW.DEFABRICA.COM.MX<\/strong>, correos electr\u00f3nicos y otros posibles \u201cmedios de comunicaci\u00f3n\u201d, tales como redes sociales, tel\u00e9fonos inteligentes, sitios web de terceros relacionados con deFabrica, encuestas presenciales en eventos propios o de terceros, etc.<\/p>\r\n<p>En la recolecci\u00f3n de datos personales seguimos todos los principios que marca la ley mexicana (art\u00edculo 6): Licitud, calidad, consentimiento, informaci\u00f3n, finalidad, lealtad, proporcionalidad y responsabilidad.<\/p>\r\n<p>Este aviso de privacidad cumple con los requisitos que marca la Ley Federal de Protecci\u00f3n de Datos Personales en Posesi\u00f3n de Particulares, su Reglamento y los Lineamientos del Aviso de Privacidad del IFAI. deFabrica toma muy en cuenta la seguridad de sus datos, por lo que contamos con mecanismos tecnol\u00f3gicos, f\u00edsicos, administrativos y legales para proteger su informaci\u00f3n.<\/p>\r\n<p>En atenci\u00f3n a la Ley aplicable, usted acepta que el tratamiento de sus datos personales se realice de conformidad con el siguiente Aviso de Privacidad Integral:<\/p>\r\n<ol>\r\n<li>\u00a0\u00a0 \u00a0<strong>Identidad y domicilio del responsable:<\/strong><\/li>\r\n<\/ol>\r\n<p><strong>DEFABRICA.COM.MX<\/strong><br \/><em>Av. Alfonso Reyes #3200,<\/em><br \/><em>Col. Balcones de Alta Vista.<\/em><br \/><em>Monterrey, N.L.<\/em><\/p>\r\n<ol start=\"2\">\r\n<li><strong> \u00a0Finalidades del tratamiento de datos:<\/strong><\/li>\r\n<\/ol>\r\n<p>2.1.\u00a0\u00a0 \u00a0Informaci\u00f3n que se recaba de los titulares (los datos personales que ser\u00e1n sometidos a tratamiento). Recopilamos solamente los datos que a continuaci\u00f3n se se\u00f1alan. &#8211;<\/p>\r\n<p>2.1.1.\u00a0 De Clientes de \u201cdeFabrica\u201d: Datos de identificaci\u00f3n, de contacto, laborales y patrimoniales.<\/p>\r\n<p>2.1.2.\u00a0 De Empleados de \u201cdeFabrica\u201d: Datos de identificaci\u00f3n, de contacto, laborales, acad\u00e9micos y patrimoniales.<\/p>\r\n<p>2.1.3.\u00a0 De los Candidatos a Puestos de Trabajo en \u201cdeFabrica\u201d: Datos de identificaci\u00f3n, de contacto, laborales, acad\u00e9micos y patrimoniales.<\/p>\r\n<p>2.1.4.\u00a0 De Proveedores de \u201cdeFabrica\u201d: Datos de identificaci\u00f3n, de contacto, laborales y patrimoniales.<\/p>\r\n<p>2.1.5.\u00a0 De Usuarios de \u201cel sitio web\u201d: Datos de identificaci\u00f3n, de contacto y patrimoniales.<\/p>\r\n<p>Si usted quiere conocer espec\u00edficamente qu\u00e9 datos tratamos de clientes, empleados, candidatos, proveedores y usuarios del sitio web, por favor consulte el Anexo A al final de este aviso.<\/p>\r\n<p>Usted se compromete a que los datos que proporciona a DEFABRICA sean ver\u00eddicos,\u00a0completos y exactos. Cualquier dato falso, incompleto o inexacto ser\u00e1 de su exclusiva responsabilidad.<\/p>\r\n<p>2.2.\u00a0\u00a0 \u00a0El se\u00f1alamiento expreso de los datos personales sensibles que se tratar\u00e1n. \u2013<\/p>\r\n<p>2.2.1.\u00a0\u00a0 \u00a0De Clientes: Ninguno.<\/p>\r\n<p>2.2.2.\u00a0\u00a0 \u00a0De Empleados: Fotograf\u00edas y\/o video.<\/p>\r\n<p>2.2.3.\u00a0\u00a0 \u00a0De Candidatos a Puestos de Trabajo: Fotograf\u00edas y\/o video.<\/p>\r\n<p>2.2.4.\u00a0\u00a0 \u00a0De Proveedores: Ninguno.<\/p>\r\n<p>2.2.5.\u00a0\u00a0 \u00a0De Usuarios del Sitio Web: Ninguno.<\/p>\r\n<p>2.3.\u00a0\u00a0 \u00a0Las finalidades del tratamiento de los datos personales son las siguientes (\u00bfpara qu\u00e9 objeto ser\u00e1n tratados los datos personales?).<\/p>\r\n<p>2.3.1.\u00a0\u00a0 \u00a0De Clientes:<\/p>\r\n<p>2.3.2.\u00a0\u00a0 \u00a0De Empleados:<\/p>\r\n<p>2.3.3.\u00a0\u00a0 \u00a0De Candidatos a Puestos de Trabajo:<\/p>\r\n<p>2.3.4.\u00a0\u00a0 \u00a0De Proveedores:<\/p>\r\n<p>2.3.5.\u00a0\u00a0 \u00a0De Usuarios del Sitio Web o la\u00a0Aplicaci\u00f3n:<\/p>\r\n<p>2.4.\u00a0\u00a0 \u00a0Identificar y distinguir entre las finalidades que dieron origen y son necesarias para la relaci\u00f3n jur\u00eddica entre el responsable y el titular, de aqu\u00e9llas que no lo son. &#8211; No hay finalidades derivadas.<\/p>\r\n<p>2.4.1. Los mecanismos para que el titular pueda manifestar su negativa para el tratamiento de sus datos personales para aquellas finalidades que no son necesarias, ni hayan dado origen a la relaci\u00f3n jur\u00eddica con el responsable.<\/p>\r\n<p>Dado que no hay finalidades derivadas o no originarias, no aplica el mecanismo referido.<\/p>\r\n<p>2.5.\u00a0\u00a0 \u00a0Si existen, se deber\u00e1n incluir las finalidades relativas al tratamiento para fines mercadot\u00e9cnicos, publicitarios o de prospecci\u00f3n comercial. &#8211;<\/p>\r\n<p>Si daremos tratamiento mercadot\u00e9cnico, publicitario o de prospecci\u00f3n comercial a los datos personales. Si usted desea que sus datos no sean tratados para estos fines, favor de comunicarlo a nuestro departamento de protecci\u00f3n de datos personales.<\/p>\r\n<ol start=\"3\">\r\n<li><strong> \u00a0\u00a0 \u00a0Las opciones y medios que el responsable\u00a0ofrece al titular para limitar el uso o divulgaci\u00f3n de los datos\u00a0personales:<\/strong><\/li>\r\n<\/ol>\r\n<p>3.1.\u00a0\u00a0 \u00a0El responsable de protecci\u00f3n de datos personales de deFabrica es el Departamento de Datos Personales. Poni\u00e9ndose en contacto con \u00e9l (ventas@defabrica.com.mx), usted podr\u00e1 limitar el uso o divulgaci\u00f3n de sus datos personales, a trav\u00e9s del ejercicio de sus Derechos ARCO, tal como se indica en el siguiente punto.<\/p>\r\n<ol start=\"4\">\r\n<li><strong> \u00a0\u00a0 \u00a0Medios para ejercer los derechos ARCO (acceso, rectificaci\u00f3n, cancelaci\u00f3n y oposici\u00f3n);<\/strong><\/li>\r\n<\/ol>\r\n<p>4.1. \u00a0\u00a0 \u00a0Usted podr\u00e1 ejercer sus derechos ARCO (acceso, rectificaci\u00f3n, cancelaci\u00f3n y\/u oposici\u00f3n) contactando directamente al responsable en el correo electr\u00f3nico:\u00a0<a href=\"mailto:ventas@defabrica.com.mx\">ventas@defabrica.com.mx<\/a><\/p>\r\n<p>4.2.\u00a0\u00a0 \u00a0La solicitud ARCO deber\u00e1 contener y acompa\u00f1ar lo que se\u00f1ala la Ley Federal de Protecci\u00f3n de Datos Personales en Posesi\u00f3n de Particulares en sus art\u00edculos 29 y dem\u00e1s aplicables. Copiamos el art\u00edculo 29 a continuaci\u00f3n solamente como referencia (es obligaci\u00f3n del Titular cerciorarse cu\u00e1les son los requisitos vigentes para ejercer correctamente sus Derechos ARCO):<\/p>\r\n<p>Art\u00edculo 29.- La solicitud de acceso, rectificaci\u00f3n, cancelaci\u00f3n u oposici\u00f3n deber\u00e1 contener y acompa\u00f1ar lo siguiente:<\/p>\r\n<p>I.\u00a0El nombre del titular y domicilio u otro medio para comunicarle la respuesta a su solicitud;<\/p>\r\n<p>II.\u00a0Los documentos que acrediten la identidad o, en su caso, la representaci\u00f3n legal del titular;<\/p>\r\n<p>III.\u00a0\u00a0 \u00a0La descripci\u00f3n clara y precisa de los datos personales respecto de los que se busca ejercer alguno de los derechos antes mencionados, y<\/p>\r\n<p>IV.\u00a0Cualquier otro elemento o documento que facilite la localizaci\u00f3n de los datos personales.<\/p>\r\n<p>4.3. \u00a0\u00a0 \u00a0Los mecanismos y procedimientos para que, en su caso, el titular pueda revocar su consentimiento al tratamiento de sus datos personales;<\/p>\r\n<p>4.3.1.\u00a0\u00a0 \u00a0De conformidad con lo establecido por el art\u00edculo 21 del Reglamento de la Ley Federal de Protecci\u00f3n de Datos Personales en Posesi\u00f3n de Particulares:<\/p>\r\n<p>En cualquier momento, el titular podr\u00e1 revocar su consentimiento para el tratamiento de sus datos personales, para lo cual el responsable deber\u00e1 establecer mecanismos sencillos y gratuitos, que permitan al titular revocar su consentimiento al menos por el mismo medio por el que lo otorg\u00f3, siempre y cuando no lo impida una disposici\u00f3n legal.<\/p>\r\n<p>4.3.2.\u00a0\u00a0 \u00a0DEFABRICA pone a su disposici\u00f3n los datos de contacto de nuestro departamento responsable de protecci\u00f3n de datos personales en los anteriores puntos 3.1 y 4.1. Usted puede ponerse en contacto con \u00e9l a trav\u00e9s de los medios disponibles y mediante un escrito libre puede solicitar la revocaci\u00f3n de su consentimiento al tratamiento de sus datos<br \/>personales.<\/p>\r\n<ol start=\"5\">\r\n<li><strong> \u00a0\u00a0 \u00a0La cl\u00e1usula que indique si el titular acepta o no la transferencia, cuando as\u00ed se requiera;<\/strong><\/li>\r\n<\/ol>\r\n<p>5.1.\u00a0\u00a0 \u00a0Las transferencias de datos personales que, en su caso, se efect\u00faen; el tercero receptor de los datos personales, y las finalidades de las mismas:<\/p>\r\n<p>5.1.2.\u00a0\u00a0 \u00a0Actualmente deFabrica no transfiere los datos personales. En un futuro podr\u00edamos transferir datos a distribuidores autorizados y\/o terceros proveedores de servicios con quienes deFabrica tenga relaci\u00f3n jur\u00eddica, as\u00ed como a terceros nacionales o extranjeros, lo anterior para dar cumplimiento con alguna de las finalidades enunciadas en el p\u00e1rrafo siguiente.<\/p>\r\n<p>Si usted no desea que sus datos sean transferidos a terceros, favor de ponerse<br \/>en contacto y as\u00ed manifestarlo a nuestro departamento de datos personales.<\/p>\r\n<ol start=\"6\">\r\n<li><strong> \u00a0\u00a0 \u00a0La informaci\u00f3n sobre el uso de mecanismos en medios remotos o locales de comunicaci\u00f3n electr\u00f3nica, \u00f3ptica u otra tecnolog\u00eda (tales como cookies o web beacons), que permitan recabar datos personales de manera autom\u00e1tica y simult\u00e1nea al tiempo que el\u00a0titular hace contacto con los mismos, en su caso; y DEFABRICA si hace uso de cookies para revisar visitas anteriores al Sitio Web. Se utilizan para guardar los productos en el carrito de compras. Puedes desinstalar las cookies siguiendo los pasos para eliminar cookies de acuerdo con el navegador que uses.<\/strong><\/li>\r\n<li><strong> \u00a0\u00a0 \u00a0Los procedimientos y medios a trav\u00e9s\u00a0de los cuales el responsable comunicar\u00e1 a los titulares los cambios al\u00a0aviso de privacidad.<\/strong><\/li>\r\n<\/ol>\r\n<p>DEFABRICA se reserva el derecho de cambiar este aviso de privacidad en cualquier momento. En caso de que exista alg\u00fan cambio en este aviso de privacidad, DEFABRICA lo comunicar\u00e1 de la siguiente manera: (a) envi\u00e1ndole un correo electr\u00f3nico a la cuenta que ha registrado en \u201cel sitio web\u201d, o ha proporcionado en otros medios presenciales o electr\u00f3nicos de recolecci\u00f3n de datos y\/o (b) publicando una nota visible en cualesquiera de \u201cel sitio web\u201d. deFabrica no ser\u00e1 responsable si usted no recibe la notificaci\u00f3n de cambio en el aviso de privacidad si existiere alg\u00fan problema con su cuenta de correo electr\u00f3nico o de transmisi\u00f3n de datos por internet. Por su seguridad, revise en todo momento que as\u00ed lo\u00a0desee el contenido de este aviso de privacidad integral en nuestro portal<\/p>\r\n<p>(<a href=\"https:\/\/defabrica.com.mx\/defabrica\/aviso-de-privacidad\/\">http:\/\/www. defabrica.com.mx\/privacidad<\/a>).<\/p>\r\n<p>En caso de que se presente una controversia que se derive del presente aviso de privacidad, las partes intentar\u00e1n primero resolverla a trav\u00e9s de negociaciones de buena fe, pudiendo ser asistidos por un mediador profesional. Si despu\u00e9s de un m\u00e1ximo de 30 d\u00edas de negociaci\u00f3n las partes no llegaren a un acuerdo, se estar\u00e1 a lo dispuesto por la Ley Federal de Protecci\u00f3n de Datos Personales en Posesi\u00f3n de Particulares, aceptando las partes la intervenci\u00f3n que pudiere tener el Instituto Federal de Acceso a la Informaci\u00f3n y Protecci\u00f3n de Datos Personales.<\/p>\r\n<p>Al aceptar este Aviso de Privacidad, usted renuncia a cualquier otro fuero y legislaci\u00f3n que le pudiere corresponder. Este Aviso de Privacidad est\u00e1 regido por las leyes mexicanas, y cualquier controversia ser\u00e1 resuelta frente a las autoridades mexicanas competentes.<\/p>\r\n<p>[\/vc_column_text][\/vc_column][\/vc_row]<\/p><\/div>","protected":false},"excerpt":{"rendered":"<p>[vc_row][vc_column][vc_column_text el_class=\u00bbavisodeprivacidad\u00bb] AVISO DE PRIVACIDAD DEFABRICA.COM.MX\u00a0(en adelante \u201cdeFabrica\u201d) est\u00e1 comprometida a proteger su privacidad. Adem\u00e1s de lo dispuesto en la ley mexicana correspondiente en la materia, seguimos las mejores pr\u00e1cticas<\/p>\n","protected":false},"author":1,"featured_media":0,"parent":0,"menu_order":0,"comment_status":"closed","ping_status":"closed","template":"","meta":{"_acf_changed":false,"_joinchat":[],"footnotes":""},"class_list":["post-6524","page","type-page","status-publish","hentry"],"acf":[],"_links":{"self":[{"href":"https:\/\/defabrica.com.mx\/defabrica\/wp-json\/wp\/v2\/pages\/6524","targetHints":{"allow":["GET"]}}],"collection":[{"href":"https:\/\/defabrica.com.mx\/defabrica\/wp-json\/wp\/v2\/pages"}],"about":[{"href":"https:\/\/defabrica.com.mx\/defabrica\/wp-json\/wp\/v2\/types\/page"}],"author":[{"embeddable":true,"href":"https:\/\/defabrica.com.mx\/defabrica\/wp-json\/wp\/v2\/users\/1"}],"replies":[{"embeddable":true,"href":"https:\/\/defabrica.com.mx\/defabrica\/wp-json\/wp\/v2\/comments?post=6524"}],"version-history":[{"count":0,"href":"https:\/\/defabrica.com.mx\/defabrica\/wp-json\/wp\/v2\/pages\/6524\/revisions"}],"wp:attachment":[{"href":"https:\/\/defabrica.com.mx\/defabrica\/wp-json\/wp\/v2\/media?parent=6524"}],"curies":[{"name":"wp","href":"https:\/\/api.w.org\/{rel}","templated":true}]}}