{"id":27893,"date":"2021-04-25T18:07:24","date_gmt":"2021-04-25T23:07:24","guid":{"rendered":"https:\/\/defabrica.com.mx\/defabrica\/?page_id=27893"},"modified":"2022-07-14T15:31:02","modified_gmt":"2022-07-14T20:31:02","slug":"lo-quieres-lo-pides-lo-tienes","status":"publish","type":"page","link":"https:\/\/defabrica.com.mx\/defabrica\/lo-quieres-lo-pides-lo-tienes\/","title":{"rendered":"Lo quieres, lo pides, lo tienes"},"content":{"rendered":"<div class=\"wpb-content-wrapper\"><p>[vc_row][vc_column offset=\u00bbvc_hidden-md vc_hidden-sm vc_hidden-xs\u00bb][vc_single_image image=\u00bb89190&#8243; img_size=\u00bbfull\u00bb alignment=\u00bbcenter\u00bb][\/vc_column][\/vc_row][vc_row full_width=\u00bbstretch_row_content_no_spaces\u00bb][vc_column offset=\u00bbvc_hidden-lg vc_hidden-xs\u00bb][vc_single_image image=\u00bb89194&#8243; img_size=\u00bbfull\u00bb alignment=\u00bbcenter\u00bb][\/vc_column][\/vc_row][vc_row full_width=\u00bbstretch_row_content_no_spaces\u00bb][vc_column offset=\u00bbvc_hidden-lg vc_hidden-md vc_hidden-sm\u00bb][vc_single_image image=\u00bb89196&#8243; img_size=\u00bbfull\u00bb alignment=\u00bbcenter\u00bb][\/vc_column][\/vc_row][vc_row full_width=\u00bbstretch_row\u00bb equal_height=\u00bbyes\u00bb content_placement=\u00bbmiddle\u00bb css=\u00bb.vc_custom_1654362827386{background-position: center !important;background-repeat: no-repeat !important;background-size: cover !important;}\u00bb][vc_column width=\u00bb1\/4&#8243; el_class=\u00bbizq\u00bb][\/vc_column][vc_column width=\u00bb1\/2&#8243; css=\u00bb.vc_custom_1654364211149{padding-top: 0px !important;}\u00bb]\n<div class=\"wpcf7 no-js\" id=\"wpcf7-f27866-o1\" lang=\"es-ES\" dir=\"ltr\" data-wpcf7-id=\"27866\">\n<div class=\"screen-reader-response\"><p role=\"status\" aria-live=\"polite\" aria-atomic=\"true\"><\/p> <ul><\/ul><\/div>\n<form action=\"\/defabrica\/wp-json\/wp\/v2\/pages\/27893#wpcf7-f27866-o1\" method=\"post\" class=\"wpcf7-form init\" aria-label=\"Formulario de contacto\" enctype=\"multipart\/form-data\" novalidate=\"novalidate\" data-status=\"init\">\n<fieldset class=\"hidden-fields-container\"><input type=\"hidden\" name=\"_wpcf7\" value=\"27866\" \/><input type=\"hidden\" name=\"_wpcf7_version\" value=\"6.1.4\" \/><input type=\"hidden\" name=\"_wpcf7_locale\" value=\"es_ES\" \/><input type=\"hidden\" name=\"_wpcf7_unit_tag\" value=\"wpcf7-f27866-o1\" \/><input type=\"hidden\" name=\"_wpcf7_container_post\" value=\"0\" \/><input type=\"hidden\" name=\"_wpcf7_posted_data_hash\" value=\"\" \/><input type=\"hidden\" name=\"_wpcf7_recaptcha_response\" value=\"\" \/>\n<\/fieldset>\n<p><span style=\"font-size: 1.1em;\"><strong style=\"line-height: 2.3;\">\u00a1Compru\u00e9balo!<br \/>\n\u00bfQu\u00e9 quieres al mejor precio de M\u00e9xico?<br \/>\n<\/strong>Describe aqu\u00ed o por \ud83d\udc49\ud83c\udffb <strong><a style=\"color: green;\" href=\"https:\/\/api.whatsapp.com\/send?phone=528126161635\" target=\"_blank\">WhatsApp<\/a><\/strong> lo que quieres en texto \ud83d\udcdd, foto(s) \ud83d\udcf7 o puedes incluir un enlace de otro sitio.<\/span>\n<\/p>\n<p><span class=\"asunto-form\"><span class=\"form-loquieres\"><span class=\"wpcf7-form-control-wrap\" data-name=\"subject\"><input size=\"40\" maxlength=\"400\" class=\"wpcf7-form-control wpcf7-text wpcf7-validates-as-required input-text\" id=\"subjectcf\" aria-required=\"true\" aria-invalid=\"false\" placeholder=\"Ingresa aqu\u00ed el detalle de tu b\u00fasqueda (texto, imagen o enlace)*\" value=\"\" type=\"text\" name=\"subject\" \/><\/span><\/span><\/span>\n<\/p>\n<div class=\"adjuntar-form\">\n\t<p><span class=\"form-loquieres\"><span class=\"wpcf7-form-control-wrap\" data-name=\"file-626\"><input size=\"40\" class=\"wpcf7-form-control wpcf7-file loquieres\" id=\"loquieres_input\" accept=\".gif,.png,.jpg,.jpeg\" aria-invalid=\"false\" type=\"file\" name=\"file-626\" \/><\/span><\/span>\n\t<\/p>\n<\/div>\n<p><span style=\"font-size: 1.1em;padding: 1em 0em 0.5em 0em;display: block;\"><span style=\"font-size: 1.5em;font-weight: bold;\">Gracias a ti<\/span> el cat\u00e1logo crecer\u00e1.<strong> Te mandaremos un cup\u00f3n extra<\/strong>, mantente alerta.<\/span>\n<\/p>\n<p><span style=\"font-size: 1.35em;padding: 0em 0em 1em 0em;display: block;\">Ingresa donde recibir el <strong>cup\u00f3n y la oferta.<\/strong><\/span>\n<\/p>\n<p><span class=\"nombre-form\"><span class=\"form-loquieres\"><span class=\"wpcf7-form-control-wrap\" data-name=\"first-name\"><input size=\"40\" maxlength=\"400\" class=\"wpcf7-form-control wpcf7-text wpcf7-validates-as-required input-text\" aria-required=\"true\" aria-invalid=\"false\" placeholder=\"Nombre*\" value=\"\" type=\"text\" name=\"first-name\" \/><\/span><\/span><\/span>\n<\/p>\n<p><span class=\"form-loquieres\"><span class=\"wpcf7-form-control-wrap\" data-name=\"email-862\"><input size=\"40\" maxlength=\"400\" class=\"wpcf7-form-control wpcf7-email wpcf7-validates-as-required wpcf7-text wpcf7-validates-as-email\" aria-required=\"true\" aria-invalid=\"false\" placeholder=\"Correo electr\u00f3nico*\" value=\"\" type=\"email\" name=\"email-862\" \/><\/span><\/span>\n<\/p>\n<p><span class=\"form-loquieres\"><span class=\"wpcf7-form-control-wrap\" data-name=\"text-680\"><input size=\"40\" maxlength=\"400\" class=\"wpcf7-form-control wpcf7-text\" aria-invalid=\"false\" placeholder=\"Tel\u00e9fono\/WhatsApp\" value=\"\" type=\"text\" name=\"text-680\" \/><\/span><\/span>\n<\/p>\n<div class=\"recatcha-form-div\">\n\t<p><span class=\"recatcha-form\" style=\"background: #ddd;padding: 0em 2em;border-radius: 4px;display: flex;margin-bottom: 1.5em;\"><span style=\"display: flex;padding: 0.5em;\"><img decoding=\"async\" style=\"width: 58px;height: 58px;\" src=\"https:\/\/defabrica.com.mx\/defabrica\/wp-content\/uploads\/2020\/10\/recaptcha_logo-300x300.png\" \/><span class=\"recatchapv3\"style=\"padding-left: 1em;\">Este sitio est\u00e1 protegido por reCAPTCHA y se aplican la <a href=\"https:\/\/policies.google.com\/privacy\">pol\u00edtica de privacidad<\/a> y <a href=\"https:\/\/policies.google.com\/terms\">t\u00e9rminos del servicio<\/a> de Google.<\/span><\/span><\/span>\n\t<\/p>\n<\/div>\n<p><span class=\"enviar-boton-form\"><span ><input class=\"wpcf7-form-control wpcf7-submit has-spinner\" type=\"submit\" value=\"ENVIAR\" \/><\/span><\/span>\n<\/p><input type='hidden' class='wpcf7-pum' value='{\"closepopup\":false,\"closedelay\":0,\"openpopup\":false,\"openpopup_id\":0}' \/><div class=\"wpcf7-response-output\" aria-hidden=\"true\"><\/div>\n<\/form>\n<\/div>\n[\/vc_column][vc_column width=\u00bb1\/4&#8243;][\/vc_column][\/vc_row][vc_row][vc_column][vc_separator][vc_column_text]<\/p>\n<h4 style=\"text-align: center;\"><strong>Preguntas Frecuentes<\/strong><\/h4>\n<p>[\/vc_column_text][\/vc_column][\/vc_row][vc_row][vc_column width=\u00bb1\/2&#8243; el_class=\u00bbpreguntas-form-col1&#8243;][vc_tta_accordion shape=\u00bbsquare\u00bb active_section=\u00bb1&#8243;][vc_tta_section title=\u00bb\u00bfC\u00f3mo es la din\u00e1mica del programa?\u00bb tab_id=\u00bb1621333042304-dba9856d-9a5e\u00bb][vc_column_text]Sencillo, ingresas el art\u00edculo que quieres y en menos de 24 horas, <em><strong>recibir\u00e1s el Mejor Precio de todo M\u00e9xico.<\/strong><\/em>[\/vc_column_text][\/vc_tta_section][\/vc_tta_accordion][vc_tta_accordion shape=\u00bbsquare\u00bb active_section=\u00bb1&#8243;][vc_tta_section title=\u00bb\u00bfYa encontraste en internet lo que buscas y te gustar\u00eda pagar el Precio M\u00e1s Bajo de M\u00e9xico?\u00bb tab_id=\u00bb1621334895652-26c4edc8-c2fd\u00bb][vc_column_text]P\u00eddelo aqu\u00ed, Defabrica te garantiza el Precio M\u00e1s Bajo en tu compra online.[\/vc_column_text][\/vc_tta_section][\/vc_tta_accordion][vc_tta_accordion shape=\u00bbsquare\u00bb active_section=\u00bb1&#8243;][vc_tta_section title=\u00bb\u00bfNo lograste encontrar el art\u00edculo que quieres en internet o en Defabrica.com.mx?\u00bb tab_id=\u00bb1621334949466-6d2ffc94-3201&#8243;][vc_column_text]P\u00eddelo aqu\u00ed, seguro lo tenemos, miles de productos directo Defabrica son agregados al cat\u00e1logo diariamente para ti.[\/vc_column_text][\/vc_tta_section][\/vc_tta_accordion][\/vc_column][vc_column width=\u00bb1\/2&#8243; el_class=\u00bbpreguntas-form-col2&#8243;][vc_tta_accordion shape=\u00bbsquare\u00bb active_section=\u00bb1&#8243;][vc_tta_section title=\u00bb\u00bfQu\u00e9 categor\u00edas y productos aplican?\u00bb tab_id=\u00bb1621333055817-5c8ad0aa-8e8a\u00bb][vc_column_text]Tecnolog\u00eda, Electr\u00f3nicos, Computadoras, Tablets, Celulares, Salud &amp; Belleza, Deportes &amp; Fitness, Productos para el Hogar, Cocina, Herramientas, Instrumentos Musicales, Juguetes y millones de productos m\u00e1s.[\/vc_column_text][\/vc_tta_section][\/vc_tta_accordion][vc_tta_accordion shape=\u00bbsquare\u00bb active_section=\u00bb1&#8243;][vc_tta_section title=\u00bb\u00bfQu\u00e9 pasa si veo un precio m\u00e1s bajo publicado en otro lugar?\u00bb tab_id=\u00bb1621334896972-1a66ce97-b95f\u00bb][vc_column_text]\u00a1Te lo mejoramos! Solo env\u00edanos la foto o enlace de la publicaci\u00f3n de donde lo viste.[\/vc_column_text][\/vc_tta_section][\/vc_tta_accordion][\/vc_column][\/vc_row][vc_row gap=\u00bb15&#8243; equal_height=\u00bbyes\u00bb disable_element=\u00bbyes\u00bb css=\u00bb.vc_custom_1654226222681{padding-bottom: 50px !important;}\u00bb][vc_column width=\u00bb1\/4&#8243;][vc_single_image image=\u00bb38707&#8243; img_size=\u00bb200&#215;200&#8243; alignment=\u00bbcenter\u00bb style=\u00bbvc_box_circle\u00bb css_animation=\u00bbtop-to-bottom\u00bb][vc_custom_heading text=\u00bbCelulares\u00bb font_container=\u00bbtag:h4|font_size:22|text_align:center|color:%233a3a3a|line_height:1.2&#8243; google_fonts=\u00bbfont_family:Montserrat%3Aregular%2C700|font_style:400%20regular%3A400%3Anormal\u00bb][vc_column_text css=\u00bb.vc_custom_1496755779598{margin-bottom: 10px !important;}\u00bb]<\/p>\n<p style=\"text-align: center;\"><em>Key Account Manager<\/em><\/p>\n<p>[\/vc_column_text][vc_column_text]<\/p>\n<p style=\"text-align: center;\">My client loves how easy it is for them to manage their own site, after I set it up using Visual Composer page builder plugin for WordPress.<\/p>\n<p>[\/vc_column_text][\/vc_column][vc_column width=\u00bb1\/4&#8243;][vc_single_image image=\u00bb38722&#8243; img_size=\u00bb200&#215;200&#8243; alignment=\u00bbcenter\u00bb style=\u00bbvc_box_circle\u00bb css_animation=\u00bbtop-to-bottom\u00bb][vc_custom_heading text=\u00bbLaptops\u00bb font_container=\u00bbtag:h4|font_size:22|text_align:center|color:%233a3a3a|line_height:1.2&#8243; google_fonts=\u00bbfont_family:Montserrat%3Aregular%2C700|font_style:400%20regular%3A400%3Anormal\u00bb][vc_column_text css=\u00bb.vc_custom_1496755822052{margin-bottom: 10px !important;}\u00bb]<\/p>\n<p style=\"text-align: center;\"><em>Head of Development<\/em><\/p>\n<p>[\/vc_column_text][vc_column_text]<\/p>\n<p style=\"text-align: center;\">This plug-in was\/is one of the BEST investments I\u2019ve ever made. One thing is certain. Code Canyon\/WPBakery is on top of this gem.<\/p>\n<p>[\/vc_column_text][\/vc_column][vc_column width=\u00bb1\/4&#8243;][vc_single_image image=\u00bb38711&#8243; img_size=\u00bb200&#215;200&#8243; alignment=\u00bbcenter\u00bb style=\u00bbvc_box_circle\u00bb css_animation=\u00bbtop-to-bottom\u00bb][vc_custom_heading text=\u00bbTablets\u00bb font_container=\u00bbtag:h4|font_size:22|text_align:center|color:%233a3a3a|line_height:1.2&#8243; google_fonts=\u00bbfont_family:Montserrat%3Aregular%2C700|font_style:400%20regular%3A400%3Anormal\u00bb][vc_column_text css=\u00bb.vc_custom_1496755840379{margin-bottom: 10px !important;}\u00bb]<\/p>\n<p style=\"text-align: center;\"><em>Chief Executive<\/em><\/p>\n<p>[\/vc_column_text][vc_column_text]<\/p>\n<p style=\"text-align: center;\">Visual Composer is our number one requirement because of Visual Composer, our clients can manage their own website<\/p>\n<p>[\/vc_column_text][\/vc_column][vc_column width=\u00bb1\/4&#8243;][vc_single_image image=\u00bb38721&#8243; img_size=\u00bb200&#215;200&#8243; alignment=\u00bbcenter\u00bb style=\u00bbvc_box_circle\u00bb css_animation=\u00bbtop-to-bottom\u00bb][vc_custom_heading text=\u00bbGaming\u00bb font_container=\u00bbtag:h4|font_size:22|text_align:center|color:%233a3a3a|line_height:1.2&#8243; google_fonts=\u00bbfont_family:Montserrat%3Aregular%2C700|font_style:400%20regular%3A400%3Anormal\u00bb][vc_column_text css=\u00bb.vc_custom_1496755859356{margin-bottom: 10px !important;}\u00bb]<\/p>\n<p style=\"text-align: center;\"><em>Head of Sales Department<\/em><\/p>\n<p>[\/vc_column_text][vc_column_text]<\/p>\n<p style=\"text-align: center;\">In my opinion, this is the greatest advance of WordPress since it\u2019s creation and is the most outstanding plugin on the market.<\/p>\n<p>[\/vc_column_text][\/vc_column][\/vc_row]<\/p>\n<\/div>","protected":false},"excerpt":{"rendered":"<p>[vc_row][vc_column offset=\u00bbvc_hidden-md vc_hidden-sm vc_hidden-xs\u00bb][vc_single_image image=\u00bb89190&#8243; img_size=\u00bbfull\u00bb alignment=\u00bbcenter\u00bb][\/vc_column][\/vc_row][vc_row full_width=\u00bbstretch_row_content_no_spaces\u00bb][vc_column offset=\u00bbvc_hidden-lg vc_hidden-xs\u00bb][vc_single_image image=\u00bb89194&#8243; img_size=\u00bbfull\u00bb alignment=\u00bbcenter\u00bb][\/vc_column][\/vc_row][vc_row full_width=\u00bbstretch_row_content_no_spaces\u00bb][vc_column offset=\u00bbvc_hidden-lg vc_hidden-md vc_hidden-sm\u00bb][vc_single_image image=\u00bb89196&#8243; img_size=\u00bbfull\u00bb alignment=\u00bbcenter\u00bb][\/vc_column][\/vc_row][vc_row full_width=\u00bbstretch_row\u00bb equal_height=\u00bbyes\u00bb content_placement=\u00bbmiddle\u00bb css=\u00bb.vc_custom_1654362827386{background-position: center !important;background-repeat: no-repeat !important;background-size: cover !important;}\u00bb][vc_column<\/p>\n","protected":false},"author":1,"featured_media":0,"parent":0,"menu_order":0,"comment_status":"closed","ping_status":"closed","template":"","meta":{"_acf_changed":false,"_joinchat":[],"footnotes":""},"class_list":["post-27893","page","type-page","status-publish","hentry"],"acf":[],"_links":{"self":[{"href":"https:\/\/defabrica.com.mx\/defabrica\/wp-json\/wp\/v2\/pages\/27893","targetHints":{"allow":["GET"]}}],"collection":[{"href":"https:\/\/defabrica.com.mx\/defabrica\/wp-json\/wp\/v2\/pages"}],"about":[{"href":"https:\/\/defabrica.com.mx\/defabrica\/wp-json\/wp\/v2\/types\/page"}],"author":[{"embeddable":true,"href":"https:\/\/defabrica.com.mx\/defabrica\/wp-json\/wp\/v2\/users\/1"}],"replies":[{"embeddable":true,"href":"https:\/\/defabrica.com.mx\/defabrica\/wp-json\/wp\/v2\/comments?post=27893"}],"version-history":[{"count":0,"href":"https:\/\/defabrica.com.mx\/defabrica\/wp-json\/wp\/v2\/pages\/27893\/revisions"}],"wp:attachment":[{"href":"https:\/\/defabrica.com.mx\/defabrica\/wp-json\/wp\/v2\/media?parent=27893"}],"curies":[{"name":"wp","href":"https:\/\/api.w.org\/{rel}","templated":true}]}}